{"id":5142,"date":"2022-09-29T06:29:09","date_gmt":"2022-09-29T06:29:09","guid":{"rendered":"https:\/\/ujbudamedicalcenter.hu\/borgyogyaszat\/"},"modified":"2024-09-22T13:53:40","modified_gmt":"2024-09-22T13:53:40","slug":"dermatology","status":"publish","type":"page","link":"https:\/\/ujbudamedicalcenter.hu\/en\/dermatology\/","title":{"rendered":"B\u0151rgy\u00f3gy\u00e1szat"},"content":{"rendered":"","protected":false},"excerpt":{"rendered":"<p>Fedezze fel b\u0151rgy\u00f3gy\u00e1szati szakorvosi vizsg\u00e1latunkat az  \u00dajbuda Medical Centerben, ahol a legmodernebb technol\u00f3gi\u00e1k \u00e9s tapasztalt szakorvosok v\u00e1rj\u00e1k.<\/p>\n","protected":false},"author":8,"featured_media":4381,"parent":0,"menu_order":0,"comment_status":"closed","ping_status":"closed","template":"","meta":{"footnotes":""},"class_list":["post-5142","page","type-page","status-publish","has-post-thumbnail","hentry"],"yoast_head":"<!-- This site is optimized with the Yoast SEO plugin v27.1.1 - https:\/\/yoast.com\/product\/yoast-seo-wordpress\/ -->\n<title>B\u0151rgy\u00f3gy\u00e1szat - \u00dajbuda Medical Center<\/title>\n<meta name=\"description\" content=\"Fedezze fel b\u0151rgy\u00f3gy\u00e1szati szakorvosi vizsg\u00e1latunkat az \u00dajbuda Medical Centerben, ahol a legmodernebb technol\u00f3gi\u00e1k \u00e9s tapasztalt szakorvosok v\u00e1rj\u00e1k.\" \/>\n<meta name=\"robots\" content=\"index, follow, max-snippet:-1, max-image-preview:large, max-video-preview:-1\" \/>\n<link rel=\"canonical\" href=\"https:\/\/ujbudamedicalcenter.hu\/en\/dermatology\/\" \/>\n<meta property=\"og:locale\" content=\"en_US\" \/>\n<meta property=\"og:type\" content=\"article\" \/>\n<meta property=\"og:title\" content=\"B\u0151rgy\u00f3gy\u00e1szat - \u00dajbuda Medical Center\" \/>\n<meta property=\"og:description\" content=\"Fedezze fel b\u0151rgy\u00f3gy\u00e1szati szakorvosi vizsg\u00e1latunkat az \u00dajbuda Medical Centerben, ahol a legmodernebb technol\u00f3gi\u00e1k \u00e9s tapasztalt szakorvosok v\u00e1rj\u00e1k.\" \/>\n<meta property=\"og:url\" content=\"https:\/\/ujbudamedicalcenter.hu\/en\/dermatology\/\" \/>\n<meta property=\"og:site_name\" content=\"\u00dajbuda Medical Center\" \/>\n<meta property=\"article:modified_time\" content=\"2024-09-22T13:53:40+00:00\" \/>\n<meta property=\"og:image\" content=\"https:\/\/ujbudamedicalcenter.hu\/wp-content\/uploads\/2024\/04\/borgyogyaszat-maganrendeles.jpg\" \/>\n\t<meta property=\"og:image:width\" content=\"600\" \/>\n\t<meta property=\"og:image:height\" content=\"400\" \/>\n\t<meta property=\"og:image:type\" content=\"image\/jpeg\" \/>\n<meta name=\"twitter:card\" content=\"summary_large_image\" \/>\n<meta name=\"twitter:label1\" content=\"Est. reading time\" \/>\n\t<meta name=\"twitter:data1\" content=\"1 minute\" \/>\n<script type=\"application\/ld+json\" class=\"yoast-schema-graph\">{\"@context\":\"https:\/\/schema.org\",\"@graph\":[{\"@type\":\"WebPage\",\"@id\":\"https:\/\/ujbudamedicalcenter.hu\/en\/dermatology\/\",\"url\":\"https:\/\/ujbudamedicalcenter.hu\/en\/dermatology\/\",\"name\":\"B\u0151rgy\u00f3gy\u00e1szat - \u00dajbuda Medical Center\",\"isPartOf\":{\"@id\":\"https:\/\/ujbudamedicalcenter.hu\/#website\"},\"primaryImageOfPage\":{\"@id\":\"https:\/\/ujbudamedicalcenter.hu\/en\/dermatology\/#primaryimage\"},\"image\":{\"@id\":\"https:\/\/ujbudamedicalcenter.hu\/en\/dermatology\/#primaryimage\"},\"thumbnailUrl\":\"https:\/\/ujbudamedicalcenter.hu\/wp-content\/uploads\/2024\/04\/borgyogyaszat-maganrendeles.jpg\",\"datePublished\":\"2022-09-29T06:29:09+00:00\",\"dateModified\":\"2024-09-22T13:53:40+00:00\",\"description\":\"Fedezze fel b\u0151rgy\u00f3gy\u00e1szati szakorvosi vizsg\u00e1latunkat az \u00dajbuda Medical Centerben, ahol a legmodernebb technol\u00f3gi\u00e1k \u00e9s tapasztalt szakorvosok v\u00e1rj\u00e1k.\",\"breadcrumb\":{\"@id\":\"https:\/\/ujbudamedicalcenter.hu\/en\/dermatology\/#breadcrumb\"},\"inLanguage\":\"en-US\",\"potentialAction\":[{\"@type\":\"ReadAction\",\"target\":[\"https:\/\/ujbudamedicalcenter.hu\/en\/dermatology\/\"]}]},{\"@type\":\"ImageObject\",\"inLanguage\":\"en-US\",\"@id\":\"https:\/\/ujbudamedicalcenter.hu\/en\/dermatology\/#primaryimage\",\"url\":\"https:\/\/ujbudamedicalcenter.hu\/wp-content\/uploads\/2024\/04\/borgyogyaszat-maganrendeles.jpg\",\"contentUrl\":\"https:\/\/ujbudamedicalcenter.hu\/wp-content\/uploads\/2024\/04\/borgyogyaszat-maganrendeles.jpg\",\"width\":600,\"height\":400},{\"@type\":\"BreadcrumbList\",\"@id\":\"https:\/\/ujbudamedicalcenter.hu\/en\/dermatology\/#breadcrumb\",\"itemListElement\":[{\"@type\":\"ListItem\",\"position\":1,\"name\":\"Kezd\u0151lap\",\"item\":\"https:\/\/ujbudamedicalcenter.hu\/\"},{\"@type\":\"ListItem\",\"position\":2,\"name\":\"B\u0151rgy\u00f3gy\u00e1szat\"}]},{\"@type\":\"WebSite\",\"@id\":\"https:\/\/ujbudamedicalcenter.hu\/#website\",\"url\":\"https:\/\/ujbudamedicalcenter.hu\/\",\"name\":\"\u00dajbuda Medical Center\",\"description\":\"Mag\u00e1nklinika\",\"publisher\":{\"@id\":\"https:\/\/ujbudamedicalcenter.hu\/#organization\"},\"potentialAction\":[{\"@type\":\"SearchAction\",\"target\":{\"@type\":\"EntryPoint\",\"urlTemplate\":\"https:\/\/ujbudamedicalcenter.hu\/?s={search_term_string}\"},\"query-input\":{\"@type\":\"PropertyValueSpecification\",\"valueRequired\":true,\"valueName\":\"search_term_string\"}}],\"inLanguage\":\"en-US\"},{\"@type\":\"Organization\",\"@id\":\"https:\/\/ujbudamedicalcenter.hu\/#organization\",\"name\":\"\u00dajbuda Medical Center\",\"url\":\"https:\/\/ujbudamedicalcenter.hu\/\",\"logo\":{\"@type\":\"ImageObject\",\"inLanguage\":\"en-US\",\"@id\":\"https:\/\/ujbudamedicalcenter.hu\/#\/schema\/logo\/image\/\",\"url\":\"https:\/\/ujbudamedicalcenter.hu\/wp-content\/uploads\/2021\/10\/cropped-umc-ikon.png\",\"contentUrl\":\"https:\/\/ujbudamedicalcenter.hu\/wp-content\/uploads\/2021\/10\/cropped-umc-ikon.png\",\"width\":500,\"height\":500,\"caption\":\"\u00dajbuda Medical Center\"},\"image\":{\"@id\":\"https:\/\/ujbudamedicalcenter.hu\/#\/schema\/logo\/image\/\"}}]}<\/script>\n<!-- \/ Yoast SEO plugin. -->","yoast_head_json":{"title":"B\u0151rgy\u00f3gy\u00e1szat - \u00dajbuda Medical Center","description":"Fedezze fel b\u0151rgy\u00f3gy\u00e1szati szakorvosi vizsg\u00e1latunkat az \u00dajbuda Medical Centerben, ahol a legmodernebb technol\u00f3gi\u00e1k \u00e9s tapasztalt szakorvosok v\u00e1rj\u00e1k.","robots":{"index":"index","follow":"follow","max-snippet":"max-snippet:-1","max-image-preview":"max-image-preview:large","max-video-preview":"max-video-preview:-1"},"canonical":"https:\/\/ujbudamedicalcenter.hu\/en\/dermatology\/","og_locale":"en_US","og_type":"article","og_title":"B\u0151rgy\u00f3gy\u00e1szat - \u00dajbuda Medical Center","og_description":"Fedezze fel b\u0151rgy\u00f3gy\u00e1szati szakorvosi vizsg\u00e1latunkat az \u00dajbuda Medical Centerben, ahol a legmodernebb technol\u00f3gi\u00e1k \u00e9s tapasztalt szakorvosok v\u00e1rj\u00e1k.","og_url":"https:\/\/ujbudamedicalcenter.hu\/en\/dermatology\/","og_site_name":"\u00dajbuda Medical Center","article_modified_time":"2024-09-22T13:53:40+00:00","og_image":[{"width":600,"height":400,"url":"https:\/\/ujbudamedicalcenter.hu\/wp-content\/uploads\/2024\/04\/borgyogyaszat-maganrendeles.jpg","type":"image\/jpeg"}],"twitter_card":"summary_large_image","twitter_misc":{"Est. reading time":"1 minute"},"schema":{"@context":"https:\/\/schema.org","@graph":[{"@type":"WebPage","@id":"https:\/\/ujbudamedicalcenter.hu\/en\/dermatology\/","url":"https:\/\/ujbudamedicalcenter.hu\/en\/dermatology\/","name":"B\u0151rgy\u00f3gy\u00e1szat - \u00dajbuda Medical Center","isPartOf":{"@id":"https:\/\/ujbudamedicalcenter.hu\/#website"},"primaryImageOfPage":{"@id":"https:\/\/ujbudamedicalcenter.hu\/en\/dermatology\/#primaryimage"},"image":{"@id":"https:\/\/ujbudamedicalcenter.hu\/en\/dermatology\/#primaryimage"},"thumbnailUrl":"https:\/\/ujbudamedicalcenter.hu\/wp-content\/uploads\/2024\/04\/borgyogyaszat-maganrendeles.jpg","datePublished":"2022-09-29T06:29:09+00:00","dateModified":"2024-09-22T13:53:40+00:00","description":"Fedezze fel b\u0151rgy\u00f3gy\u00e1szati szakorvosi vizsg\u00e1latunkat az \u00dajbuda Medical Centerben, ahol a legmodernebb technol\u00f3gi\u00e1k \u00e9s tapasztalt szakorvosok v\u00e1rj\u00e1k.","breadcrumb":{"@id":"https:\/\/ujbudamedicalcenter.hu\/en\/dermatology\/#breadcrumb"},"inLanguage":"en-US","potentialAction":[{"@type":"ReadAction","target":["https:\/\/ujbudamedicalcenter.hu\/en\/dermatology\/"]}]},{"@type":"ImageObject","inLanguage":"en-US","@id":"https:\/\/ujbudamedicalcenter.hu\/en\/dermatology\/#primaryimage","url":"https:\/\/ujbudamedicalcenter.hu\/wp-content\/uploads\/2024\/04\/borgyogyaszat-maganrendeles.jpg","contentUrl":"https:\/\/ujbudamedicalcenter.hu\/wp-content\/uploads\/2024\/04\/borgyogyaszat-maganrendeles.jpg","width":600,"height":400},{"@type":"BreadcrumbList","@id":"https:\/\/ujbudamedicalcenter.hu\/en\/dermatology\/#breadcrumb","itemListElement":[{"@type":"ListItem","position":1,"name":"Kezd\u0151lap","item":"https:\/\/ujbudamedicalcenter.hu\/"},{"@type":"ListItem","position":2,"name":"B\u0151rgy\u00f3gy\u00e1szat"}]},{"@type":"WebSite","@id":"https:\/\/ujbudamedicalcenter.hu\/#website","url":"https:\/\/ujbudamedicalcenter.hu\/","name":"\u00dajbuda Medical Center","description":"Mag\u00e1nklinika","publisher":{"@id":"https:\/\/ujbudamedicalcenter.hu\/#organization"},"potentialAction":[{"@type":"SearchAction","target":{"@type":"EntryPoint","urlTemplate":"https:\/\/ujbudamedicalcenter.hu\/?s={search_term_string}"},"query-input":{"@type":"PropertyValueSpecification","valueRequired":true,"valueName":"search_term_string"}}],"inLanguage":"en-US"},{"@type":"Organization","@id":"https:\/\/ujbudamedicalcenter.hu\/#organization","name":"\u00dajbuda Medical Center","url":"https:\/\/ujbudamedicalcenter.hu\/","logo":{"@type":"ImageObject","inLanguage":"en-US","@id":"https:\/\/ujbudamedicalcenter.hu\/#\/schema\/logo\/image\/","url":"https:\/\/ujbudamedicalcenter.hu\/wp-content\/uploads\/2021\/10\/cropped-umc-ikon.png","contentUrl":"https:\/\/ujbudamedicalcenter.hu\/wp-content\/uploads\/2021\/10\/cropped-umc-ikon.png","width":500,"height":500,"caption":"\u00dajbuda Medical Center"},"image":{"@id":"https:\/\/ujbudamedicalcenter.hu\/#\/schema\/logo\/image\/"}}]}},"_links":{"self":[{"href":"https:\/\/ujbudamedicalcenter.hu\/en\/wp-json\/wp\/v2\/pages\/5142","targetHints":{"allow":["GET"]}}],"collection":[{"href":"https:\/\/ujbudamedicalcenter.hu\/en\/wp-json\/wp\/v2\/pages"}],"about":[{"href":"https:\/\/ujbudamedicalcenter.hu\/en\/wp-json\/wp\/v2\/types\/page"}],"author":[{"embeddable":true,"href":"https:\/\/ujbudamedicalcenter.hu\/en\/wp-json\/wp\/v2\/users\/8"}],"replies":[{"embeddable":true,"href":"https:\/\/ujbudamedicalcenter.hu\/en\/wp-json\/wp\/v2\/comments?post=5142"}],"version-history":[{"count":1,"href":"https:\/\/ujbudamedicalcenter.hu\/en\/wp-json\/wp\/v2\/pages\/5142\/revisions"}],"predecessor-version":[{"id":5143,"href":"https:\/\/ujbudamedicalcenter.hu\/en\/wp-json\/wp\/v2\/pages\/5142\/revisions\/5143"}],"wp:featuredmedia":[{"embeddable":true,"href":"https:\/\/ujbudamedicalcenter.hu\/en\/wp-json\/wp\/v2\/media\/4381"}],"wp:attachment":[{"href":"https:\/\/ujbudamedicalcenter.hu\/en\/wp-json\/wp\/v2\/media?parent=5142"}],"curies":[{"name":"wp","href":"https:\/\/api.w.org\/{rel}","templated":true}]}}