{"id":5167,"date":"2023-11-16T11:31:52","date_gmt":"2023-11-16T11:31:52","guid":{"rendered":"https:\/\/ujbudamedicalcenter.hu\/urology\/btl-emsella-inkontinencia-kezeles\/"},"modified":"2024-09-23T07:24:49","modified_gmt":"2024-09-23T07:24:49","slug":"btl-emsella","status":"publish","type":"page","link":"https:\/\/ujbudamedicalcenter.hu\/en\/urology\/btl-emsella\/","title":{"rendered":"BTL Emsella &#8211; Inkontinencia Kezel\u00e9s"},"content":{"rendered":"","protected":false},"excerpt":{"rendered":"","protected":false},"author":8,"featured_media":4358,"parent":5165,"menu_order":0,"comment_status":"closed","ping_status":"closed","template":"","meta":{"footnotes":""},"class_list":["post-5167","page","type-page","status-publish","has-post-thumbnail","hentry"],"yoast_head":"<!-- This site is optimized with the Yoast SEO plugin v27.4 - https:\/\/yoast.com\/product\/yoast-seo-wordpress\/ -->\n<title>BTL Emsella - Inkontinencia Kezel\u00e9s - \u00dajbuda Medical Center<\/title>\n<meta name=\"description\" content=\"Inkontinencia kezel\u00e9se az \u00dajbuda Medical Centerben. Az Emsella kezel\u00e9s seg\u00edt visszanyerni a szabads\u00e1g\u00e9rzetet \u00e9s jav\u00edtja az \u00e9letmin\u0151s\u00e9get.\" \/>\n<meta name=\"robots\" content=\"index, follow, max-snippet:-1, max-image-preview:large, max-video-preview:-1\" \/>\n<link rel=\"canonical\" href=\"https:\/\/ujbudamedicalcenter.hu\/szakorvosi-vizsgalatok\/urologia\/btl-emsella-inkontinencia-kezeles\/\" \/>\n<meta property=\"og:locale\" content=\"en_US\" \/>\n<meta property=\"og:type\" content=\"article\" \/>\n<meta property=\"og:title\" content=\"BTL Emsella - Inkontinencia Kezel\u00e9s - \u00dajbuda Medical Center\" \/>\n<meta property=\"og:description\" content=\"Inkontinencia kezel\u00e9se az \u00dajbuda Medical Centerben. Az Emsella kezel\u00e9s seg\u00edt visszanyerni a szabads\u00e1g\u00e9rzetet \u00e9s jav\u00edtja az \u00e9letmin\u0151s\u00e9get.\" \/>\n<meta property=\"og:url\" content=\"https:\/\/ujbudamedicalcenter.hu\/szakorvosi-vizsgalatok\/urologia\/btl-emsella-inkontinencia-kezeles\/\" \/>\n<meta property=\"og:site_name\" content=\"\u00dajbuda Medical Center\" \/>\n<meta property=\"article:modified_time\" content=\"2024-09-23T07:24:49+00:00\" \/>\n<meta property=\"og:image\" content=\"https:\/\/ujbudamedicalcenter.hu\/wp-content\/uploads\/2024\/03\/inkontinencia-kezeles.jpg\" \/>\n\t<meta property=\"og:image:width\" content=\"600\" \/>\n\t<meta property=\"og:image:height\" content=\"400\" \/>\n\t<meta property=\"og:image:type\" content=\"image\/jpeg\" \/>\n<meta name=\"twitter:card\" content=\"summary_large_image\" \/>\n<meta name=\"twitter:label1\" content=\"Est. reading time\" \/>\n\t<meta name=\"twitter:data1\" content=\"1 minute\" \/>\n<script type=\"application\/ld+json\" class=\"yoast-schema-graph\">{\"@context\":\"https:\\\/\\\/schema.org\",\"@graph\":[{\"@type\":\"WebPage\",\"@id\":\"https:\\\/\\\/ujbudamedicalcenter.hu\\\/szakorvosi-vizsgalatok\\\/urologia\\\/btl-emsella-inkontinencia-kezeles\\\/\",\"url\":\"https:\\\/\\\/ujbudamedicalcenter.hu\\\/szakorvosi-vizsgalatok\\\/urologia\\\/btl-emsella-inkontinencia-kezeles\\\/\",\"name\":\"BTL Emsella - Inkontinencia Kezel\u00e9s - \u00dajbuda Medical Center\",\"isPartOf\":{\"@id\":\"https:\\\/\\\/ujbudamedicalcenter.hu\\\/#website\"},\"primaryImageOfPage\":{\"@id\":\"https:\\\/\\\/ujbudamedicalcenter.hu\\\/szakorvosi-vizsgalatok\\\/urologia\\\/btl-emsella-inkontinencia-kezeles\\\/#primaryimage\"},\"image\":{\"@id\":\"https:\\\/\\\/ujbudamedicalcenter.hu\\\/szakorvosi-vizsgalatok\\\/urologia\\\/btl-emsella-inkontinencia-kezeles\\\/#primaryimage\"},\"thumbnailUrl\":\"https:\\\/\\\/ujbudamedicalcenter.hu\\\/wp-content\\\/uploads\\\/2024\\\/03\\\/inkontinencia-kezeles.jpg\",\"datePublished\":\"2023-11-16T11:31:52+00:00\",\"dateModified\":\"2024-09-23T07:24:49+00:00\",\"description\":\"Inkontinencia kezel\u00e9se az \u00dajbuda Medical Centerben. Az Emsella kezel\u00e9s seg\u00edt visszanyerni a szabads\u00e1g\u00e9rzetet \u00e9s jav\u00edtja az \u00e9letmin\u0151s\u00e9get.\",\"breadcrumb\":{\"@id\":\"https:\\\/\\\/ujbudamedicalcenter.hu\\\/szakorvosi-vizsgalatok\\\/urologia\\\/btl-emsella-inkontinencia-kezeles\\\/#breadcrumb\"},\"inLanguage\":\"en-US\",\"potentialAction\":[{\"@type\":\"ReadAction\",\"target\":[\"https:\\\/\\\/ujbudamedicalcenter.hu\\\/szakorvosi-vizsgalatok\\\/urologia\\\/btl-emsella-inkontinencia-kezeles\\\/\"]}]},{\"@type\":\"ImageObject\",\"inLanguage\":\"en-US\",\"@id\":\"https:\\\/\\\/ujbudamedicalcenter.hu\\\/szakorvosi-vizsgalatok\\\/urologia\\\/btl-emsella-inkontinencia-kezeles\\\/#primaryimage\",\"url\":\"https:\\\/\\\/ujbudamedicalcenter.hu\\\/wp-content\\\/uploads\\\/2024\\\/03\\\/inkontinencia-kezeles.jpg\",\"contentUrl\":\"https:\\\/\\\/ujbudamedicalcenter.hu\\\/wp-content\\\/uploads\\\/2024\\\/03\\\/inkontinencia-kezeles.jpg\",\"width\":600,\"height\":400},{\"@type\":\"BreadcrumbList\",\"@id\":\"https:\\\/\\\/ujbudamedicalcenter.hu\\\/szakorvosi-vizsgalatok\\\/urologia\\\/btl-emsella-inkontinencia-kezeles\\\/#breadcrumb\",\"itemListElement\":[{\"@type\":\"ListItem\",\"position\":1,\"name\":\"Kezd\u0151lap\",\"item\":\"https:\\\/\\\/ujbudamedicalcenter.hu\\\/\"},{\"@type\":\"ListItem\",\"position\":2,\"name\":\"Urol\u00f3gia\",\"item\":\"https:\\\/\\\/ujbudamedicalcenter.hu\\\/szakorvosi-vizsgalatok\\\/urologia\\\/\"},{\"@type\":\"ListItem\",\"position\":3,\"name\":\"BTL Emsella &#8211; Inkontinencia Kezel\u00e9s\"}]},{\"@type\":\"WebSite\",\"@id\":\"https:\\\/\\\/ujbudamedicalcenter.hu\\\/#website\",\"url\":\"https:\\\/\\\/ujbudamedicalcenter.hu\\\/\",\"name\":\"\u00dajbuda Medical Center\",\"description\":\"Mag\u00e1nklinika\",\"publisher\":{\"@id\":\"https:\\\/\\\/ujbudamedicalcenter.hu\\\/#organization\"},\"potentialAction\":[{\"@type\":\"SearchAction\",\"target\":{\"@type\":\"EntryPoint\",\"urlTemplate\":\"https:\\\/\\\/ujbudamedicalcenter.hu\\\/?s={search_term_string}\"},\"query-input\":{\"@type\":\"PropertyValueSpecification\",\"valueRequired\":true,\"valueName\":\"search_term_string\"}}],\"inLanguage\":\"en-US\"},{\"@type\":\"Organization\",\"@id\":\"https:\\\/\\\/ujbudamedicalcenter.hu\\\/#organization\",\"name\":\"\u00dajbuda Medical Center\",\"url\":\"https:\\\/\\\/ujbudamedicalcenter.hu\\\/\",\"logo\":{\"@type\":\"ImageObject\",\"inLanguage\":\"en-US\",\"@id\":\"https:\\\/\\\/ujbudamedicalcenter.hu\\\/#\\\/schema\\\/logo\\\/image\\\/\",\"url\":\"https:\\\/\\\/ujbudamedicalcenter.hu\\\/wp-content\\\/uploads\\\/2021\\\/10\\\/cropped-umc-ikon.png\",\"contentUrl\":\"https:\\\/\\\/ujbudamedicalcenter.hu\\\/wp-content\\\/uploads\\\/2021\\\/10\\\/cropped-umc-ikon.png\",\"width\":500,\"height\":500,\"caption\":\"\u00dajbuda Medical Center\"},\"image\":{\"@id\":\"https:\\\/\\\/ujbudamedicalcenter.hu\\\/#\\\/schema\\\/logo\\\/image\\\/\"}}]}<\/script>\n<!-- \/ Yoast SEO plugin. -->","yoast_head_json":{"title":"BTL Emsella - Inkontinencia Kezel\u00e9s - \u00dajbuda Medical Center","description":"Inkontinencia kezel\u00e9se az \u00dajbuda Medical Centerben. Az Emsella kezel\u00e9s seg\u00edt visszanyerni a szabads\u00e1g\u00e9rzetet \u00e9s jav\u00edtja az \u00e9letmin\u0151s\u00e9get.","robots":{"index":"index","follow":"follow","max-snippet":"max-snippet:-1","max-image-preview":"max-image-preview:large","max-video-preview":"max-video-preview:-1"},"canonical":"https:\/\/ujbudamedicalcenter.hu\/szakorvosi-vizsgalatok\/urologia\/btl-emsella-inkontinencia-kezeles\/","og_locale":"en_US","og_type":"article","og_title":"BTL Emsella - Inkontinencia Kezel\u00e9s - \u00dajbuda Medical Center","og_description":"Inkontinencia kezel\u00e9se az \u00dajbuda Medical Centerben. Az Emsella kezel\u00e9s seg\u00edt visszanyerni a szabads\u00e1g\u00e9rzetet \u00e9s jav\u00edtja az \u00e9letmin\u0151s\u00e9get.","og_url":"https:\/\/ujbudamedicalcenter.hu\/szakorvosi-vizsgalatok\/urologia\/btl-emsella-inkontinencia-kezeles\/","og_site_name":"\u00dajbuda Medical Center","article_modified_time":"2024-09-23T07:24:49+00:00","og_image":[{"width":600,"height":400,"url":"https:\/\/ujbudamedicalcenter.hu\/wp-content\/uploads\/2024\/03\/inkontinencia-kezeles.jpg","type":"image\/jpeg"}],"twitter_card":"summary_large_image","twitter_misc":{"Est. reading time":"1 minute"},"schema":{"@context":"https:\/\/schema.org","@graph":[{"@type":"WebPage","@id":"https:\/\/ujbudamedicalcenter.hu\/szakorvosi-vizsgalatok\/urologia\/btl-emsella-inkontinencia-kezeles\/","url":"https:\/\/ujbudamedicalcenter.hu\/szakorvosi-vizsgalatok\/urologia\/btl-emsella-inkontinencia-kezeles\/","name":"BTL Emsella - Inkontinencia Kezel\u00e9s - \u00dajbuda Medical Center","isPartOf":{"@id":"https:\/\/ujbudamedicalcenter.hu\/#website"},"primaryImageOfPage":{"@id":"https:\/\/ujbudamedicalcenter.hu\/szakorvosi-vizsgalatok\/urologia\/btl-emsella-inkontinencia-kezeles\/#primaryimage"},"image":{"@id":"https:\/\/ujbudamedicalcenter.hu\/szakorvosi-vizsgalatok\/urologia\/btl-emsella-inkontinencia-kezeles\/#primaryimage"},"thumbnailUrl":"https:\/\/ujbudamedicalcenter.hu\/wp-content\/uploads\/2024\/03\/inkontinencia-kezeles.jpg","datePublished":"2023-11-16T11:31:52+00:00","dateModified":"2024-09-23T07:24:49+00:00","description":"Inkontinencia kezel\u00e9se az \u00dajbuda Medical Centerben. Az Emsella kezel\u00e9s seg\u00edt visszanyerni a szabads\u00e1g\u00e9rzetet \u00e9s jav\u00edtja az \u00e9letmin\u0151s\u00e9get.","breadcrumb":{"@id":"https:\/\/ujbudamedicalcenter.hu\/szakorvosi-vizsgalatok\/urologia\/btl-emsella-inkontinencia-kezeles\/#breadcrumb"},"inLanguage":"en-US","potentialAction":[{"@type":"ReadAction","target":["https:\/\/ujbudamedicalcenter.hu\/szakorvosi-vizsgalatok\/urologia\/btl-emsella-inkontinencia-kezeles\/"]}]},{"@type":"ImageObject","inLanguage":"en-US","@id":"https:\/\/ujbudamedicalcenter.hu\/szakorvosi-vizsgalatok\/urologia\/btl-emsella-inkontinencia-kezeles\/#primaryimage","url":"https:\/\/ujbudamedicalcenter.hu\/wp-content\/uploads\/2024\/03\/inkontinencia-kezeles.jpg","contentUrl":"https:\/\/ujbudamedicalcenter.hu\/wp-content\/uploads\/2024\/03\/inkontinencia-kezeles.jpg","width":600,"height":400},{"@type":"BreadcrumbList","@id":"https:\/\/ujbudamedicalcenter.hu\/szakorvosi-vizsgalatok\/urologia\/btl-emsella-inkontinencia-kezeles\/#breadcrumb","itemListElement":[{"@type":"ListItem","position":1,"name":"Kezd\u0151lap","item":"https:\/\/ujbudamedicalcenter.hu\/"},{"@type":"ListItem","position":2,"name":"Urol\u00f3gia","item":"https:\/\/ujbudamedicalcenter.hu\/szakorvosi-vizsgalatok\/urologia\/"},{"@type":"ListItem","position":3,"name":"BTL Emsella &#8211; Inkontinencia Kezel\u00e9s"}]},{"@type":"WebSite","@id":"https:\/\/ujbudamedicalcenter.hu\/#website","url":"https:\/\/ujbudamedicalcenter.hu\/","name":"\u00dajbuda Medical Center","description":"Mag\u00e1nklinika","publisher":{"@id":"https:\/\/ujbudamedicalcenter.hu\/#organization"},"potentialAction":[{"@type":"SearchAction","target":{"@type":"EntryPoint","urlTemplate":"https:\/\/ujbudamedicalcenter.hu\/?s={search_term_string}"},"query-input":{"@type":"PropertyValueSpecification","valueRequired":true,"valueName":"search_term_string"}}],"inLanguage":"en-US"},{"@type":"Organization","@id":"https:\/\/ujbudamedicalcenter.hu\/#organization","name":"\u00dajbuda Medical Center","url":"https:\/\/ujbudamedicalcenter.hu\/","logo":{"@type":"ImageObject","inLanguage":"en-US","@id":"https:\/\/ujbudamedicalcenter.hu\/#\/schema\/logo\/image\/","url":"https:\/\/ujbudamedicalcenter.hu\/wp-content\/uploads\/2021\/10\/cropped-umc-ikon.png","contentUrl":"https:\/\/ujbudamedicalcenter.hu\/wp-content\/uploads\/2021\/10\/cropped-umc-ikon.png","width":500,"height":500,"caption":"\u00dajbuda Medical Center"},"image":{"@id":"https:\/\/ujbudamedicalcenter.hu\/#\/schema\/logo\/image\/"}}]}},"_links":{"self":[{"href":"https:\/\/ujbudamedicalcenter.hu\/en\/wp-json\/wp\/v2\/pages\/5167","targetHints":{"allow":["GET"]}}],"collection":[{"href":"https:\/\/ujbudamedicalcenter.hu\/en\/wp-json\/wp\/v2\/pages"}],"about":[{"href":"https:\/\/ujbudamedicalcenter.hu\/en\/wp-json\/wp\/v2\/types\/page"}],"author":[{"embeddable":true,"href":"https:\/\/ujbudamedicalcenter.hu\/en\/wp-json\/wp\/v2\/users\/8"}],"replies":[{"embeddable":true,"href":"https:\/\/ujbudamedicalcenter.hu\/en\/wp-json\/wp\/v2\/comments?post=5167"}],"version-history":[{"count":1,"href":"https:\/\/ujbudamedicalcenter.hu\/en\/wp-json\/wp\/v2\/pages\/5167\/revisions"}],"predecessor-version":[{"id":5168,"href":"https:\/\/ujbudamedicalcenter.hu\/en\/wp-json\/wp\/v2\/pages\/5167\/revisions\/5168"}],"up":[{"embeddable":true,"href":"https:\/\/ujbudamedicalcenter.hu\/en\/wp-json\/wp\/v2\/pages\/5165"}],"wp:featuredmedia":[{"embeddable":true,"href":"https:\/\/ujbudamedicalcenter.hu\/en\/wp-json\/wp\/v2\/media\/4358"}],"wp:attachment":[{"href":"https:\/\/ujbudamedicalcenter.hu\/en\/wp-json\/wp\/v2\/media?parent=5167"}],"curies":[{"name":"wp","href":"https:\/\/api.w.org\/{rel}","templated":true}]}}