{"id":5483,"date":"2022-10-25T13:30:49","date_gmt":"2022-10-25T13:30:49","guid":{"rendered":"https:\/\/ujbudamedicalcenter.hu\/mr-15-tesla-vizsgalatok\/"},"modified":"2024-10-04T12:09:20","modified_gmt":"2024-10-04T12:09:20","slug":"mr-15-tesla-scan","status":"publish","type":"page","link":"https:\/\/ujbudamedicalcenter.hu\/en\/mr-15-tesla-scan\/","title":{"rendered":"MR 1,5 Tesla"},"content":{"rendered":"","protected":false},"excerpt":{"rendered":"","protected":false},"author":8,"featured_media":0,"parent":0,"menu_order":0,"comment_status":"closed","ping_status":"closed","template":"","meta":{"footnotes":""},"class_list":["post-5483","page","type-page","status-publish","hentry"],"yoast_head":"<!-- This site is optimized with the Yoast SEO plugin v27.1.1 - https:\/\/yoast.com\/product\/yoast-seo-wordpress\/ -->\n<title>MR 1,5 Tesla - \u00dajbuda Medical Center<\/title>\n<meta name=\"description\" content=\"K\u00f6zpontunkban vadonat\u00faj, pr\u00e9mium min\u0151s\u00e9g\u0171, HITACHI gy\u00e1rtm\u00e1ny\u00fa, \u00fagynevezett nyitott MRI k\u00e9sz\u00fcl\u00e9k \u00fczemel, amely minden, bez\u00e1rts\u00e1g \u00e9rz\u00e9ssel k\u00fcszk\u00f6d\u0151 betegnek is k\u00f6nnyebbs\u00e9get jelent. Nat\u00edv \u00e9s kontrasztos MRI is el\u00e9rhet\u0151.\" \/>\n<meta name=\"robots\" content=\"index, follow, max-snippet:-1, max-image-preview:large, max-video-preview:-1\" \/>\n<link rel=\"canonical\" href=\"https:\/\/ujbudamedicalcenter.hu\/nyitott-mri-ct-ultrahang\/mr-15-tesla-vizsgalatok\/\" \/>\n<meta property=\"og:locale\" content=\"en_US\" \/>\n<meta property=\"og:type\" content=\"article\" \/>\n<meta property=\"og:title\" content=\"MR 1,5 Tesla - \u00dajbuda Medical Center\" \/>\n<meta property=\"og:description\" content=\"K\u00f6zpontunkban vadonat\u00faj, pr\u00e9mium min\u0151s\u00e9g\u0171, HITACHI gy\u00e1rtm\u00e1ny\u00fa, \u00fagynevezett nyitott MRI k\u00e9sz\u00fcl\u00e9k \u00fczemel, amely minden, bez\u00e1rts\u00e1g \u00e9rz\u00e9ssel k\u00fcszk\u00f6d\u0151 betegnek is k\u00f6nnyebbs\u00e9get jelent. Nat\u00edv \u00e9s kontrasztos MRI is el\u00e9rhet\u0151.\" \/>\n<meta property=\"og:url\" content=\"https:\/\/ujbudamedicalcenter.hu\/nyitott-mri-ct-ultrahang\/mr-15-tesla-vizsgalatok\/\" \/>\n<meta property=\"og:site_name\" content=\"\u00dajbuda Medical Center\" \/>\n<meta property=\"article:modified_time\" content=\"2024-10-04T12:09:20+00:00\" \/>\n<meta name=\"twitter:card\" content=\"summary_large_image\" \/>\n<script type=\"application\/ld+json\" class=\"yoast-schema-graph\">{\"@context\":\"https:\/\/schema.org\",\"@graph\":[{\"@type\":\"WebPage\",\"@id\":\"https:\/\/ujbudamedicalcenter.hu\/nyitott-mri-ct-ultrahang\/mr-15-tesla-vizsgalatok\/\",\"url\":\"https:\/\/ujbudamedicalcenter.hu\/nyitott-mri-ct-ultrahang\/mr-15-tesla-vizsgalatok\/\",\"name\":\"MR 1,5 Tesla - \u00dajbuda Medical Center\",\"isPartOf\":{\"@id\":\"https:\/\/ujbudamedicalcenter.hu\/#website\"},\"datePublished\":\"2022-10-25T13:30:49+00:00\",\"dateModified\":\"2024-10-04T12:09:20+00:00\",\"description\":\"K\u00f6zpontunkban vadonat\u00faj, pr\u00e9mium min\u0151s\u00e9g\u0171, HITACHI gy\u00e1rtm\u00e1ny\u00fa, \u00fagynevezett nyitott MRI k\u00e9sz\u00fcl\u00e9k \u00fczemel, amely minden, bez\u00e1rts\u00e1g \u00e9rz\u00e9ssel k\u00fcszk\u00f6d\u0151 betegnek is k\u00f6nnyebbs\u00e9get jelent. Nat\u00edv \u00e9s kontrasztos MRI is el\u00e9rhet\u0151.\",\"breadcrumb\":{\"@id\":\"https:\/\/ujbudamedicalcenter.hu\/nyitott-mri-ct-ultrahang\/mr-15-tesla-vizsgalatok\/#breadcrumb\"},\"inLanguage\":\"en-US\",\"potentialAction\":[{\"@type\":\"ReadAction\",\"target\":[\"https:\/\/ujbudamedicalcenter.hu\/nyitott-mri-ct-ultrahang\/mr-15-tesla-vizsgalatok\/\"]}]},{\"@type\":\"BreadcrumbList\",\"@id\":\"https:\/\/ujbudamedicalcenter.hu\/nyitott-mri-ct-ultrahang\/mr-15-tesla-vizsgalatok\/#breadcrumb\",\"itemListElement\":[{\"@type\":\"ListItem\",\"position\":1,\"name\":\"Kezd\u0151lap\",\"item\":\"https:\/\/ujbudamedicalcenter.hu\/\"},{\"@type\":\"ListItem\",\"position\":2,\"name\":\"MR 1,5 Tesla\"}]},{\"@type\":\"WebSite\",\"@id\":\"https:\/\/ujbudamedicalcenter.hu\/#website\",\"url\":\"https:\/\/ujbudamedicalcenter.hu\/\",\"name\":\"\u00dajbuda Medical Center\",\"description\":\"Mag\u00e1nklinika\",\"publisher\":{\"@id\":\"https:\/\/ujbudamedicalcenter.hu\/#organization\"},\"potentialAction\":[{\"@type\":\"SearchAction\",\"target\":{\"@type\":\"EntryPoint\",\"urlTemplate\":\"https:\/\/ujbudamedicalcenter.hu\/?s={search_term_string}\"},\"query-input\":{\"@type\":\"PropertyValueSpecification\",\"valueRequired\":true,\"valueName\":\"search_term_string\"}}],\"inLanguage\":\"en-US\"},{\"@type\":\"Organization\",\"@id\":\"https:\/\/ujbudamedicalcenter.hu\/#organization\",\"name\":\"\u00dajbuda Medical Center\",\"url\":\"https:\/\/ujbudamedicalcenter.hu\/\",\"logo\":{\"@type\":\"ImageObject\",\"inLanguage\":\"en-US\",\"@id\":\"https:\/\/ujbudamedicalcenter.hu\/#\/schema\/logo\/image\/\",\"url\":\"https:\/\/ujbudamedicalcenter.hu\/wp-content\/uploads\/2021\/10\/cropped-umc-ikon.png\",\"contentUrl\":\"https:\/\/ujbudamedicalcenter.hu\/wp-content\/uploads\/2021\/10\/cropped-umc-ikon.png\",\"width\":500,\"height\":500,\"caption\":\"\u00dajbuda Medical Center\"},\"image\":{\"@id\":\"https:\/\/ujbudamedicalcenter.hu\/#\/schema\/logo\/image\/\"}}]}<\/script>\n<!-- \/ Yoast SEO plugin. -->","yoast_head_json":{"title":"MR 1,5 Tesla - \u00dajbuda Medical Center","description":"K\u00f6zpontunkban vadonat\u00faj, pr\u00e9mium min\u0151s\u00e9g\u0171, HITACHI gy\u00e1rtm\u00e1ny\u00fa, \u00fagynevezett nyitott MRI k\u00e9sz\u00fcl\u00e9k \u00fczemel, amely minden, bez\u00e1rts\u00e1g \u00e9rz\u00e9ssel k\u00fcszk\u00f6d\u0151 betegnek is k\u00f6nnyebbs\u00e9get jelent. Nat\u00edv \u00e9s kontrasztos MRI is el\u00e9rhet\u0151.","robots":{"index":"index","follow":"follow","max-snippet":"max-snippet:-1","max-image-preview":"max-image-preview:large","max-video-preview":"max-video-preview:-1"},"canonical":"https:\/\/ujbudamedicalcenter.hu\/nyitott-mri-ct-ultrahang\/mr-15-tesla-vizsgalatok\/","og_locale":"en_US","og_type":"article","og_title":"MR 1,5 Tesla - \u00dajbuda Medical Center","og_description":"K\u00f6zpontunkban vadonat\u00faj, pr\u00e9mium min\u0151s\u00e9g\u0171, HITACHI gy\u00e1rtm\u00e1ny\u00fa, \u00fagynevezett nyitott MRI k\u00e9sz\u00fcl\u00e9k \u00fczemel, amely minden, bez\u00e1rts\u00e1g \u00e9rz\u00e9ssel k\u00fcszk\u00f6d\u0151 betegnek is k\u00f6nnyebbs\u00e9get jelent. Nat\u00edv \u00e9s kontrasztos MRI is el\u00e9rhet\u0151.","og_url":"https:\/\/ujbudamedicalcenter.hu\/nyitott-mri-ct-ultrahang\/mr-15-tesla-vizsgalatok\/","og_site_name":"\u00dajbuda Medical Center","article_modified_time":"2024-10-04T12:09:20+00:00","twitter_card":"summary_large_image","schema":{"@context":"https:\/\/schema.org","@graph":[{"@type":"WebPage","@id":"https:\/\/ujbudamedicalcenter.hu\/nyitott-mri-ct-ultrahang\/mr-15-tesla-vizsgalatok\/","url":"https:\/\/ujbudamedicalcenter.hu\/nyitott-mri-ct-ultrahang\/mr-15-tesla-vizsgalatok\/","name":"MR 1,5 Tesla - \u00dajbuda Medical Center","isPartOf":{"@id":"https:\/\/ujbudamedicalcenter.hu\/#website"},"datePublished":"2022-10-25T13:30:49+00:00","dateModified":"2024-10-04T12:09:20+00:00","description":"K\u00f6zpontunkban vadonat\u00faj, pr\u00e9mium min\u0151s\u00e9g\u0171, HITACHI gy\u00e1rtm\u00e1ny\u00fa, \u00fagynevezett nyitott MRI k\u00e9sz\u00fcl\u00e9k \u00fczemel, amely minden, bez\u00e1rts\u00e1g \u00e9rz\u00e9ssel k\u00fcszk\u00f6d\u0151 betegnek is k\u00f6nnyebbs\u00e9get jelent. Nat\u00edv \u00e9s kontrasztos MRI is el\u00e9rhet\u0151.","breadcrumb":{"@id":"https:\/\/ujbudamedicalcenter.hu\/nyitott-mri-ct-ultrahang\/mr-15-tesla-vizsgalatok\/#breadcrumb"},"inLanguage":"en-US","potentialAction":[{"@type":"ReadAction","target":["https:\/\/ujbudamedicalcenter.hu\/nyitott-mri-ct-ultrahang\/mr-15-tesla-vizsgalatok\/"]}]},{"@type":"BreadcrumbList","@id":"https:\/\/ujbudamedicalcenter.hu\/nyitott-mri-ct-ultrahang\/mr-15-tesla-vizsgalatok\/#breadcrumb","itemListElement":[{"@type":"ListItem","position":1,"name":"Kezd\u0151lap","item":"https:\/\/ujbudamedicalcenter.hu\/"},{"@type":"ListItem","position":2,"name":"MR 1,5 Tesla"}]},{"@type":"WebSite","@id":"https:\/\/ujbudamedicalcenter.hu\/#website","url":"https:\/\/ujbudamedicalcenter.hu\/","name":"\u00dajbuda Medical Center","description":"Mag\u00e1nklinika","publisher":{"@id":"https:\/\/ujbudamedicalcenter.hu\/#organization"},"potentialAction":[{"@type":"SearchAction","target":{"@type":"EntryPoint","urlTemplate":"https:\/\/ujbudamedicalcenter.hu\/?s={search_term_string}"},"query-input":{"@type":"PropertyValueSpecification","valueRequired":true,"valueName":"search_term_string"}}],"inLanguage":"en-US"},{"@type":"Organization","@id":"https:\/\/ujbudamedicalcenter.hu\/#organization","name":"\u00dajbuda Medical Center","url":"https:\/\/ujbudamedicalcenter.hu\/","logo":{"@type":"ImageObject","inLanguage":"en-US","@id":"https:\/\/ujbudamedicalcenter.hu\/#\/schema\/logo\/image\/","url":"https:\/\/ujbudamedicalcenter.hu\/wp-content\/uploads\/2021\/10\/cropped-umc-ikon.png","contentUrl":"https:\/\/ujbudamedicalcenter.hu\/wp-content\/uploads\/2021\/10\/cropped-umc-ikon.png","width":500,"height":500,"caption":"\u00dajbuda Medical Center"},"image":{"@id":"https:\/\/ujbudamedicalcenter.hu\/#\/schema\/logo\/image\/"}}]}},"_links":{"self":[{"href":"https:\/\/ujbudamedicalcenter.hu\/en\/wp-json\/wp\/v2\/pages\/5483","targetHints":{"allow":["GET"]}}],"collection":[{"href":"https:\/\/ujbudamedicalcenter.hu\/en\/wp-json\/wp\/v2\/pages"}],"about":[{"href":"https:\/\/ujbudamedicalcenter.hu\/en\/wp-json\/wp\/v2\/types\/page"}],"author":[{"embeddable":true,"href":"https:\/\/ujbudamedicalcenter.hu\/en\/wp-json\/wp\/v2\/users\/8"}],"replies":[{"embeddable":true,"href":"https:\/\/ujbudamedicalcenter.hu\/en\/wp-json\/wp\/v2\/comments?post=5483"}],"version-history":[{"count":1,"href":"https:\/\/ujbudamedicalcenter.hu\/en\/wp-json\/wp\/v2\/pages\/5483\/revisions"}],"predecessor-version":[{"id":5484,"href":"https:\/\/ujbudamedicalcenter.hu\/en\/wp-json\/wp\/v2\/pages\/5483\/revisions\/5484"}],"wp:attachment":[{"href":"https:\/\/ujbudamedicalcenter.hu\/en\/wp-json\/wp\/v2\/media?parent=5483"}],"curies":[{"name":"wp","href":"https:\/\/api.w.org\/{rel}","templated":true}]}}