{"id":5623,"date":"2023-11-04T17:20:24","date_gmt":"2023-11-04T17:20:24","guid":{"rendered":"https:\/\/ujbudamedicalcenter.hu\/mr-scan\/hasi-mr-vizsgalat\/"},"modified":"2025-04-29T09:20:33","modified_gmt":"2025-04-29T09:20:33","slug":"abdominal-mr-scan","status":"publish","type":"page","link":"https:\/\/ujbudamedicalcenter.hu\/en\/mr-scan\/abdominal-mr-scan\/","title":{"rendered":"Abdominal MRI Scan"},"content":{"rendered":"","protected":false},"excerpt":{"rendered":"<p>R\u00e9szletes hasi MR Vizsg\u00e1lat &#8211; Szak\u00e9rt\u0151 radiol\u00f3gus  \u00e1ltal v\u00e9gzett biztons\u00e1gos k\u00e9palkot\u00e1s a has\u00fcregi szervekr\u0151l \u00e9s sz\u00f6vetekr\u0151l. Online MR id\u0151pontfoglal\u00e1s!<\/p>\n","protected":false},"author":8,"featured_media":4240,"parent":5481,"menu_order":0,"comment_status":"closed","ping_status":"closed","template":"","meta":{"footnotes":""},"class_list":["post-5623","page","type-page","status-publish","has-post-thumbnail","hentry"],"yoast_head":"<!-- This site is optimized with the Yoast SEO plugin v27.4 - https:\/\/yoast.com\/product\/yoast-seo-wordpress\/ -->\n<title>Abdominal MRI Scan - \u00dajbuda Medical Center<\/title>\n<meta name=\"description\" content=\"R\u00e9szletes hasi MR Vizsg\u00e1lat - Szak\u00e9rt\u0151 radiol\u00f3gus \u00e1ltal v\u00e9gzett biztons\u00e1gos k\u00e9palkot\u00e1s a has\u00fcregi szervekr\u0151l \u00e9s sz\u00f6vetekr\u0151l. Online MR id\u0151pontfoglal\u00e1s!\" \/>\n<meta name=\"robots\" content=\"index, follow, max-snippet:-1, max-image-preview:large, max-video-preview:-1\" \/>\n<link rel=\"canonical\" href=\"https:\/\/ujbudamedicalcenter.hu\/en\/mr-scan\/abdominal-mr-scan\/\" \/>\n<meta property=\"og:locale\" content=\"en_US\" \/>\n<meta property=\"og:type\" content=\"article\" \/>\n<meta property=\"og:title\" content=\"Abdominal MRI Scan - \u00dajbuda Medical Center\" \/>\n<meta property=\"og:description\" content=\"R\u00e9szletes hasi MR Vizsg\u00e1lat - Szak\u00e9rt\u0151 radiol\u00f3gus \u00e1ltal v\u00e9gzett biztons\u00e1gos k\u00e9palkot\u00e1s a has\u00fcregi szervekr\u0151l \u00e9s sz\u00f6vetekr\u0151l. Online MR id\u0151pontfoglal\u00e1s!\" \/>\n<meta property=\"og:url\" content=\"https:\/\/ujbudamedicalcenter.hu\/en\/mr-scan\/abdominal-mr-scan\/\" \/>\n<meta property=\"og:site_name\" content=\"\u00dajbuda Medical Center\" \/>\n<meta property=\"article:modified_time\" content=\"2025-04-29T09:20:33+00:00\" \/>\n<meta property=\"og:image\" content=\"https:\/\/ujbudamedicalcenter.hu\/wp-content\/uploads\/2023\/11\/hasi-lagyresz-mr-vizsgalat.jpg\" \/>\n\t<meta property=\"og:image:width\" content=\"600\" \/>\n\t<meta property=\"og:image:height\" content=\"400\" \/>\n\t<meta property=\"og:image:type\" content=\"image\/jpeg\" \/>\n<meta name=\"twitter:card\" content=\"summary_large_image\" \/>\n<meta name=\"twitter:label1\" content=\"Est. reading time\" \/>\n\t<meta name=\"twitter:data1\" content=\"1 minute\" \/>\n<script type=\"application\/ld+json\" class=\"yoast-schema-graph\">{\"@context\":\"https:\\\/\\\/schema.org\",\"@graph\":[{\"@type\":\"WebPage\",\"@id\":\"https:\\\/\\\/ujbudamedicalcenter.hu\\\/en\\\/mr-scan\\\/abdominal-mr-scan\\\/\",\"url\":\"https:\\\/\\\/ujbudamedicalcenter.hu\\\/en\\\/mr-scan\\\/abdominal-mr-scan\\\/\",\"name\":\"Abdominal MRI Scan - \u00dajbuda Medical Center\",\"isPartOf\":{\"@id\":\"https:\\\/\\\/ujbudamedicalcenter.hu\\\/#website\"},\"primaryImageOfPage\":{\"@id\":\"https:\\\/\\\/ujbudamedicalcenter.hu\\\/en\\\/mr-scan\\\/abdominal-mr-scan\\\/#primaryimage\"},\"image\":{\"@id\":\"https:\\\/\\\/ujbudamedicalcenter.hu\\\/en\\\/mr-scan\\\/abdominal-mr-scan\\\/#primaryimage\"},\"thumbnailUrl\":\"https:\\\/\\\/ujbudamedicalcenter.hu\\\/wp-content\\\/uploads\\\/2023\\\/11\\\/hasi-lagyresz-mr-vizsgalat.jpg\",\"datePublished\":\"2023-11-04T17:20:24+00:00\",\"dateModified\":\"2025-04-29T09:20:33+00:00\",\"description\":\"R\u00e9szletes hasi MR Vizsg\u00e1lat - Szak\u00e9rt\u0151 radiol\u00f3gus \u00e1ltal v\u00e9gzett biztons\u00e1gos k\u00e9palkot\u00e1s a has\u00fcregi szervekr\u0151l \u00e9s sz\u00f6vetekr\u0151l. Online MR id\u0151pontfoglal\u00e1s!\",\"breadcrumb\":{\"@id\":\"https:\\\/\\\/ujbudamedicalcenter.hu\\\/en\\\/mr-scan\\\/abdominal-mr-scan\\\/#breadcrumb\"},\"inLanguage\":\"en-US\",\"potentialAction\":[{\"@type\":\"ReadAction\",\"target\":[\"https:\\\/\\\/ujbudamedicalcenter.hu\\\/en\\\/mr-scan\\\/abdominal-mr-scan\\\/\"]}]},{\"@type\":\"ImageObject\",\"inLanguage\":\"en-US\",\"@id\":\"https:\\\/\\\/ujbudamedicalcenter.hu\\\/en\\\/mr-scan\\\/abdominal-mr-scan\\\/#primaryimage\",\"url\":\"https:\\\/\\\/ujbudamedicalcenter.hu\\\/wp-content\\\/uploads\\\/2023\\\/11\\\/hasi-lagyresz-mr-vizsgalat.jpg\",\"contentUrl\":\"https:\\\/\\\/ujbudamedicalcenter.hu\\\/wp-content\\\/uploads\\\/2023\\\/11\\\/hasi-lagyresz-mr-vizsgalat.jpg\",\"width\":600,\"height\":400},{\"@type\":\"BreadcrumbList\",\"@id\":\"https:\\\/\\\/ujbudamedicalcenter.hu\\\/en\\\/mr-scan\\\/abdominal-mr-scan\\\/#breadcrumb\",\"itemListElement\":[{\"@type\":\"ListItem\",\"position\":1,\"name\":\"Kezd\u0151lap\",\"item\":\"https:\\\/\\\/ujbudamedicalcenter.hu\\\/\"},{\"@type\":\"ListItem\",\"position\":2,\"name\":\"MR Vizsg\u00e1lat\",\"item\":\"https:\\\/\\\/ujbudamedicalcenter.hu\\\/nyitott-mri-ct-ultrahang\\\/mr-vizsgalatok\\\/\"},{\"@type\":\"ListItem\",\"position\":3,\"name\":\"Abdominal MRI Scan\"}]},{\"@type\":\"WebSite\",\"@id\":\"https:\\\/\\\/ujbudamedicalcenter.hu\\\/#website\",\"url\":\"https:\\\/\\\/ujbudamedicalcenter.hu\\\/\",\"name\":\"\u00dajbuda Medical Center\",\"description\":\"Mag\u00e1nklinika\",\"publisher\":{\"@id\":\"https:\\\/\\\/ujbudamedicalcenter.hu\\\/#organization\"},\"potentialAction\":[{\"@type\":\"SearchAction\",\"target\":{\"@type\":\"EntryPoint\",\"urlTemplate\":\"https:\\\/\\\/ujbudamedicalcenter.hu\\\/?s={search_term_string}\"},\"query-input\":{\"@type\":\"PropertyValueSpecification\",\"valueRequired\":true,\"valueName\":\"search_term_string\"}}],\"inLanguage\":\"en-US\"},{\"@type\":\"Organization\",\"@id\":\"https:\\\/\\\/ujbudamedicalcenter.hu\\\/#organization\",\"name\":\"\u00dajbuda Medical Center\",\"url\":\"https:\\\/\\\/ujbudamedicalcenter.hu\\\/\",\"logo\":{\"@type\":\"ImageObject\",\"inLanguage\":\"en-US\",\"@id\":\"https:\\\/\\\/ujbudamedicalcenter.hu\\\/#\\\/schema\\\/logo\\\/image\\\/\",\"url\":\"https:\\\/\\\/ujbudamedicalcenter.hu\\\/wp-content\\\/uploads\\\/2021\\\/10\\\/cropped-umc-ikon.png\",\"contentUrl\":\"https:\\\/\\\/ujbudamedicalcenter.hu\\\/wp-content\\\/uploads\\\/2021\\\/10\\\/cropped-umc-ikon.png\",\"width\":500,\"height\":500,\"caption\":\"\u00dajbuda Medical Center\"},\"image\":{\"@id\":\"https:\\\/\\\/ujbudamedicalcenter.hu\\\/#\\\/schema\\\/logo\\\/image\\\/\"}}]}<\/script>\n<!-- \/ Yoast SEO plugin. -->","yoast_head_json":{"title":"Abdominal MRI Scan - \u00dajbuda Medical Center","description":"R\u00e9szletes hasi MR Vizsg\u00e1lat - Szak\u00e9rt\u0151 radiol\u00f3gus \u00e1ltal v\u00e9gzett biztons\u00e1gos k\u00e9palkot\u00e1s a has\u00fcregi szervekr\u0151l \u00e9s sz\u00f6vetekr\u0151l. Online MR id\u0151pontfoglal\u00e1s!","robots":{"index":"index","follow":"follow","max-snippet":"max-snippet:-1","max-image-preview":"max-image-preview:large","max-video-preview":"max-video-preview:-1"},"canonical":"https:\/\/ujbudamedicalcenter.hu\/en\/mr-scan\/abdominal-mr-scan\/","og_locale":"en_US","og_type":"article","og_title":"Abdominal MRI Scan - \u00dajbuda Medical Center","og_description":"R\u00e9szletes hasi MR Vizsg\u00e1lat - Szak\u00e9rt\u0151 radiol\u00f3gus \u00e1ltal v\u00e9gzett biztons\u00e1gos k\u00e9palkot\u00e1s a has\u00fcregi szervekr\u0151l \u00e9s sz\u00f6vetekr\u0151l. Online MR id\u0151pontfoglal\u00e1s!","og_url":"https:\/\/ujbudamedicalcenter.hu\/en\/mr-scan\/abdominal-mr-scan\/","og_site_name":"\u00dajbuda Medical Center","article_modified_time":"2025-04-29T09:20:33+00:00","og_image":[{"width":600,"height":400,"url":"https:\/\/ujbudamedicalcenter.hu\/wp-content\/uploads\/2023\/11\/hasi-lagyresz-mr-vizsgalat.jpg","type":"image\/jpeg"}],"twitter_card":"summary_large_image","twitter_misc":{"Est. reading time":"1 minute"},"schema":{"@context":"https:\/\/schema.org","@graph":[{"@type":"WebPage","@id":"https:\/\/ujbudamedicalcenter.hu\/en\/mr-scan\/abdominal-mr-scan\/","url":"https:\/\/ujbudamedicalcenter.hu\/en\/mr-scan\/abdominal-mr-scan\/","name":"Abdominal MRI Scan - \u00dajbuda Medical Center","isPartOf":{"@id":"https:\/\/ujbudamedicalcenter.hu\/#website"},"primaryImageOfPage":{"@id":"https:\/\/ujbudamedicalcenter.hu\/en\/mr-scan\/abdominal-mr-scan\/#primaryimage"},"image":{"@id":"https:\/\/ujbudamedicalcenter.hu\/en\/mr-scan\/abdominal-mr-scan\/#primaryimage"},"thumbnailUrl":"https:\/\/ujbudamedicalcenter.hu\/wp-content\/uploads\/2023\/11\/hasi-lagyresz-mr-vizsgalat.jpg","datePublished":"2023-11-04T17:20:24+00:00","dateModified":"2025-04-29T09:20:33+00:00","description":"R\u00e9szletes hasi MR Vizsg\u00e1lat - Szak\u00e9rt\u0151 radiol\u00f3gus \u00e1ltal v\u00e9gzett biztons\u00e1gos k\u00e9palkot\u00e1s a has\u00fcregi szervekr\u0151l \u00e9s sz\u00f6vetekr\u0151l. Online MR id\u0151pontfoglal\u00e1s!","breadcrumb":{"@id":"https:\/\/ujbudamedicalcenter.hu\/en\/mr-scan\/abdominal-mr-scan\/#breadcrumb"},"inLanguage":"en-US","potentialAction":[{"@type":"ReadAction","target":["https:\/\/ujbudamedicalcenter.hu\/en\/mr-scan\/abdominal-mr-scan\/"]}]},{"@type":"ImageObject","inLanguage":"en-US","@id":"https:\/\/ujbudamedicalcenter.hu\/en\/mr-scan\/abdominal-mr-scan\/#primaryimage","url":"https:\/\/ujbudamedicalcenter.hu\/wp-content\/uploads\/2023\/11\/hasi-lagyresz-mr-vizsgalat.jpg","contentUrl":"https:\/\/ujbudamedicalcenter.hu\/wp-content\/uploads\/2023\/11\/hasi-lagyresz-mr-vizsgalat.jpg","width":600,"height":400},{"@type":"BreadcrumbList","@id":"https:\/\/ujbudamedicalcenter.hu\/en\/mr-scan\/abdominal-mr-scan\/#breadcrumb","itemListElement":[{"@type":"ListItem","position":1,"name":"Kezd\u0151lap","item":"https:\/\/ujbudamedicalcenter.hu\/"},{"@type":"ListItem","position":2,"name":"MR Vizsg\u00e1lat","item":"https:\/\/ujbudamedicalcenter.hu\/nyitott-mri-ct-ultrahang\/mr-vizsgalatok\/"},{"@type":"ListItem","position":3,"name":"Abdominal MRI Scan"}]},{"@type":"WebSite","@id":"https:\/\/ujbudamedicalcenter.hu\/#website","url":"https:\/\/ujbudamedicalcenter.hu\/","name":"\u00dajbuda Medical Center","description":"Mag\u00e1nklinika","publisher":{"@id":"https:\/\/ujbudamedicalcenter.hu\/#organization"},"potentialAction":[{"@type":"SearchAction","target":{"@type":"EntryPoint","urlTemplate":"https:\/\/ujbudamedicalcenter.hu\/?s={search_term_string}"},"query-input":{"@type":"PropertyValueSpecification","valueRequired":true,"valueName":"search_term_string"}}],"inLanguage":"en-US"},{"@type":"Organization","@id":"https:\/\/ujbudamedicalcenter.hu\/#organization","name":"\u00dajbuda Medical Center","url":"https:\/\/ujbudamedicalcenter.hu\/","logo":{"@type":"ImageObject","inLanguage":"en-US","@id":"https:\/\/ujbudamedicalcenter.hu\/#\/schema\/logo\/image\/","url":"https:\/\/ujbudamedicalcenter.hu\/wp-content\/uploads\/2021\/10\/cropped-umc-ikon.png","contentUrl":"https:\/\/ujbudamedicalcenter.hu\/wp-content\/uploads\/2021\/10\/cropped-umc-ikon.png","width":500,"height":500,"caption":"\u00dajbuda Medical Center"},"image":{"@id":"https:\/\/ujbudamedicalcenter.hu\/#\/schema\/logo\/image\/"}}]}},"_links":{"self":[{"href":"https:\/\/ujbudamedicalcenter.hu\/en\/wp-json\/wp\/v2\/pages\/5623","targetHints":{"allow":["GET"]}}],"collection":[{"href":"https:\/\/ujbudamedicalcenter.hu\/en\/wp-json\/wp\/v2\/pages"}],"about":[{"href":"https:\/\/ujbudamedicalcenter.hu\/en\/wp-json\/wp\/v2\/types\/page"}],"author":[{"embeddable":true,"href":"https:\/\/ujbudamedicalcenter.hu\/en\/wp-json\/wp\/v2\/users\/8"}],"replies":[{"embeddable":true,"href":"https:\/\/ujbudamedicalcenter.hu\/en\/wp-json\/wp\/v2\/comments?post=5623"}],"version-history":[{"count":2,"href":"https:\/\/ujbudamedicalcenter.hu\/en\/wp-json\/wp\/v2\/pages\/5623\/revisions"}],"predecessor-version":[{"id":5625,"href":"https:\/\/ujbudamedicalcenter.hu\/en\/wp-json\/wp\/v2\/pages\/5623\/revisions\/5625"}],"up":[{"embeddable":true,"href":"https:\/\/ujbudamedicalcenter.hu\/en\/wp-json\/wp\/v2\/pages\/5481"}],"wp:featuredmedia":[{"embeddable":true,"href":"https:\/\/ujbudamedicalcenter.hu\/en\/wp-json\/wp\/v2\/media\/4240"}],"wp:attachment":[{"href":"https:\/\/ujbudamedicalcenter.hu\/en\/wp-json\/wp\/v2\/media?parent=5623"}],"curies":[{"name":"wp","href":"https:\/\/api.w.org\/{rel}","templated":true}]}}