{"id":6014,"date":"2023-11-04T17:44:00","date_gmt":"2023-11-04T17:44:00","guid":{"rendered":"https:\/\/ujbudamedicalcenter.hu\/mr-scan\/emlo-mr-vizsgalat\/"},"modified":"2025-04-29T09:24:24","modified_gmt":"2025-04-29T09:24:24","slug":"breast-mri-scan","status":"publish","type":"page","link":"https:\/\/ujbudamedicalcenter.hu\/en\/mr-scan\/breast-mri-scan\/","title":{"rendered":"Breast MRI Scan"},"content":{"rendered":"","protected":false},"excerpt":{"rendered":"<p>Ismerje meg az eml\u0151 MR vizsg\u00e1lat menet\u00e9t, \u00e1r\u00e1t. R\u00e9szletes le\u00edr\u00e1s a nem invaz\u00edv vizsg\u00e1latr\u00f3l, mely m\u00e1gnesesrezonancia seg\u00edts\u00e9g\u00e9vel t\u00f6rt\u00e9nik.<\/p>\n","protected":false},"author":8,"featured_media":4261,"parent":5481,"menu_order":0,"comment_status":"closed","ping_status":"closed","template":"","meta":{"footnotes":""},"class_list":["post-6014","page","type-page","status-publish","has-post-thumbnail","hentry"],"yoast_head":"<!-- This site is optimized with the Yoast SEO plugin v27.4 - https:\/\/yoast.com\/product\/yoast-seo-wordpress\/ -->\n<title>Breast MRI Scan - \u00dajbuda Medical Center<\/title>\n<meta name=\"description\" content=\"Ismerje meg az eml\u0151 MR vizsg\u00e1lat menet\u00e9t, \u00e1r\u00e1t. R\u00e9szletes le\u00edr\u00e1s a nem invaz\u00edv vizsg\u00e1latr\u00f3l, mely m\u00e1gnesesrezonancia seg\u00edts\u00e9g\u00e9vel t\u00f6rt\u00e9nik.\" \/>\n<meta name=\"robots\" content=\"index, follow, max-snippet:-1, max-image-preview:large, max-video-preview:-1\" \/>\n<link rel=\"canonical\" href=\"https:\/\/ujbudamedicalcenter.hu\/en\/mr-scan\/breast-mri-scan\/\" \/>\n<meta property=\"og:locale\" content=\"en_US\" \/>\n<meta property=\"og:type\" content=\"article\" \/>\n<meta property=\"og:title\" content=\"Breast MRI Scan - \u00dajbuda Medical Center\" \/>\n<meta property=\"og:description\" content=\"Ismerje meg az eml\u0151 MR vizsg\u00e1lat menet\u00e9t, \u00e1r\u00e1t. R\u00e9szletes le\u00edr\u00e1s a nem invaz\u00edv vizsg\u00e1latr\u00f3l, mely m\u00e1gnesesrezonancia seg\u00edts\u00e9g\u00e9vel t\u00f6rt\u00e9nik.\" \/>\n<meta property=\"og:url\" content=\"https:\/\/ujbudamedicalcenter.hu\/en\/mr-scan\/breast-mri-scan\/\" \/>\n<meta property=\"og:site_name\" content=\"\u00dajbuda Medical Center\" \/>\n<meta property=\"article:modified_time\" content=\"2025-04-29T09:24:24+00:00\" \/>\n<meta property=\"og:image\" content=\"https:\/\/ujbudamedicalcenter.hu\/wp-content\/uploads\/2023\/11\/emlo-mr.jpg\" \/>\n\t<meta property=\"og:image:width\" content=\"600\" \/>\n\t<meta property=\"og:image:height\" content=\"400\" \/>\n\t<meta property=\"og:image:type\" content=\"image\/jpeg\" \/>\n<meta name=\"twitter:card\" content=\"summary_large_image\" \/>\n<meta name=\"twitter:label1\" content=\"Est. reading time\" \/>\n\t<meta name=\"twitter:data1\" content=\"1 minute\" \/>\n<script type=\"application\/ld+json\" class=\"yoast-schema-graph\">{\"@context\":\"https:\\\/\\\/schema.org\",\"@graph\":[{\"@type\":\"WebPage\",\"@id\":\"https:\\\/\\\/ujbudamedicalcenter.hu\\\/en\\\/mr-scan\\\/breast-mri-scan\\\/\",\"url\":\"https:\\\/\\\/ujbudamedicalcenter.hu\\\/en\\\/mr-scan\\\/breast-mri-scan\\\/\",\"name\":\"Breast MRI Scan - \u00dajbuda Medical Center\",\"isPartOf\":{\"@id\":\"https:\\\/\\\/ujbudamedicalcenter.hu\\\/#website\"},\"primaryImageOfPage\":{\"@id\":\"https:\\\/\\\/ujbudamedicalcenter.hu\\\/en\\\/mr-scan\\\/breast-mri-scan\\\/#primaryimage\"},\"image\":{\"@id\":\"https:\\\/\\\/ujbudamedicalcenter.hu\\\/en\\\/mr-scan\\\/breast-mri-scan\\\/#primaryimage\"},\"thumbnailUrl\":\"https:\\\/\\\/ujbudamedicalcenter.hu\\\/wp-content\\\/uploads\\\/2023\\\/11\\\/emlo-mr.jpg\",\"datePublished\":\"2023-11-04T17:44:00+00:00\",\"dateModified\":\"2025-04-29T09:24:24+00:00\",\"description\":\"Ismerje meg az eml\u0151 MR vizsg\u00e1lat menet\u00e9t, \u00e1r\u00e1t. R\u00e9szletes le\u00edr\u00e1s a nem invaz\u00edv vizsg\u00e1latr\u00f3l, mely m\u00e1gnesesrezonancia seg\u00edts\u00e9g\u00e9vel t\u00f6rt\u00e9nik.\",\"breadcrumb\":{\"@id\":\"https:\\\/\\\/ujbudamedicalcenter.hu\\\/en\\\/mr-scan\\\/breast-mri-scan\\\/#breadcrumb\"},\"inLanguage\":\"en-US\",\"potentialAction\":[{\"@type\":\"ReadAction\",\"target\":[\"https:\\\/\\\/ujbudamedicalcenter.hu\\\/en\\\/mr-scan\\\/breast-mri-scan\\\/\"]}]},{\"@type\":\"ImageObject\",\"inLanguage\":\"en-US\",\"@id\":\"https:\\\/\\\/ujbudamedicalcenter.hu\\\/en\\\/mr-scan\\\/breast-mri-scan\\\/#primaryimage\",\"url\":\"https:\\\/\\\/ujbudamedicalcenter.hu\\\/wp-content\\\/uploads\\\/2023\\\/11\\\/emlo-mr.jpg\",\"contentUrl\":\"https:\\\/\\\/ujbudamedicalcenter.hu\\\/wp-content\\\/uploads\\\/2023\\\/11\\\/emlo-mr.jpg\",\"width\":600,\"height\":400},{\"@type\":\"BreadcrumbList\",\"@id\":\"https:\\\/\\\/ujbudamedicalcenter.hu\\\/en\\\/mr-scan\\\/breast-mri-scan\\\/#breadcrumb\",\"itemListElement\":[{\"@type\":\"ListItem\",\"position\":1,\"name\":\"Kezd\u0151lap\",\"item\":\"https:\\\/\\\/ujbudamedicalcenter.hu\\\/\"},{\"@type\":\"ListItem\",\"position\":2,\"name\":\"MR Vizsg\u00e1lat\",\"item\":\"https:\\\/\\\/ujbudamedicalcenter.hu\\\/nyitott-mri-ct-ultrahang\\\/mr-vizsgalatok\\\/\"},{\"@type\":\"ListItem\",\"position\":3,\"name\":\"Breast MRI Scan\"}]},{\"@type\":\"WebSite\",\"@id\":\"https:\\\/\\\/ujbudamedicalcenter.hu\\\/#website\",\"url\":\"https:\\\/\\\/ujbudamedicalcenter.hu\\\/\",\"name\":\"\u00dajbuda Medical Center\",\"description\":\"Mag\u00e1nklinika\",\"publisher\":{\"@id\":\"https:\\\/\\\/ujbudamedicalcenter.hu\\\/#organization\"},\"potentialAction\":[{\"@type\":\"SearchAction\",\"target\":{\"@type\":\"EntryPoint\",\"urlTemplate\":\"https:\\\/\\\/ujbudamedicalcenter.hu\\\/?s={search_term_string}\"},\"query-input\":{\"@type\":\"PropertyValueSpecification\",\"valueRequired\":true,\"valueName\":\"search_term_string\"}}],\"inLanguage\":\"en-US\"},{\"@type\":\"Organization\",\"@id\":\"https:\\\/\\\/ujbudamedicalcenter.hu\\\/#organization\",\"name\":\"\u00dajbuda Medical Center\",\"url\":\"https:\\\/\\\/ujbudamedicalcenter.hu\\\/\",\"logo\":{\"@type\":\"ImageObject\",\"inLanguage\":\"en-US\",\"@id\":\"https:\\\/\\\/ujbudamedicalcenter.hu\\\/#\\\/schema\\\/logo\\\/image\\\/\",\"url\":\"https:\\\/\\\/ujbudamedicalcenter.hu\\\/wp-content\\\/uploads\\\/2021\\\/10\\\/cropped-umc-ikon.png\",\"contentUrl\":\"https:\\\/\\\/ujbudamedicalcenter.hu\\\/wp-content\\\/uploads\\\/2021\\\/10\\\/cropped-umc-ikon.png\",\"width\":500,\"height\":500,\"caption\":\"\u00dajbuda Medical Center\"},\"image\":{\"@id\":\"https:\\\/\\\/ujbudamedicalcenter.hu\\\/#\\\/schema\\\/logo\\\/image\\\/\"}}]}<\/script>\n<!-- \/ Yoast SEO plugin. -->","yoast_head_json":{"title":"Breast MRI Scan - \u00dajbuda Medical Center","description":"Ismerje meg az eml\u0151 MR vizsg\u00e1lat menet\u00e9t, \u00e1r\u00e1t. R\u00e9szletes le\u00edr\u00e1s a nem invaz\u00edv vizsg\u00e1latr\u00f3l, mely m\u00e1gnesesrezonancia seg\u00edts\u00e9g\u00e9vel t\u00f6rt\u00e9nik.","robots":{"index":"index","follow":"follow","max-snippet":"max-snippet:-1","max-image-preview":"max-image-preview:large","max-video-preview":"max-video-preview:-1"},"canonical":"https:\/\/ujbudamedicalcenter.hu\/en\/mr-scan\/breast-mri-scan\/","og_locale":"en_US","og_type":"article","og_title":"Breast MRI Scan - \u00dajbuda Medical Center","og_description":"Ismerje meg az eml\u0151 MR vizsg\u00e1lat menet\u00e9t, \u00e1r\u00e1t. R\u00e9szletes le\u00edr\u00e1s a nem invaz\u00edv vizsg\u00e1latr\u00f3l, mely m\u00e1gnesesrezonancia seg\u00edts\u00e9g\u00e9vel t\u00f6rt\u00e9nik.","og_url":"https:\/\/ujbudamedicalcenter.hu\/en\/mr-scan\/breast-mri-scan\/","og_site_name":"\u00dajbuda Medical Center","article_modified_time":"2025-04-29T09:24:24+00:00","og_image":[{"width":600,"height":400,"url":"https:\/\/ujbudamedicalcenter.hu\/wp-content\/uploads\/2023\/11\/emlo-mr.jpg","type":"image\/jpeg"}],"twitter_card":"summary_large_image","twitter_misc":{"Est. reading time":"1 minute"},"schema":{"@context":"https:\/\/schema.org","@graph":[{"@type":"WebPage","@id":"https:\/\/ujbudamedicalcenter.hu\/en\/mr-scan\/breast-mri-scan\/","url":"https:\/\/ujbudamedicalcenter.hu\/en\/mr-scan\/breast-mri-scan\/","name":"Breast MRI Scan - \u00dajbuda Medical Center","isPartOf":{"@id":"https:\/\/ujbudamedicalcenter.hu\/#website"},"primaryImageOfPage":{"@id":"https:\/\/ujbudamedicalcenter.hu\/en\/mr-scan\/breast-mri-scan\/#primaryimage"},"image":{"@id":"https:\/\/ujbudamedicalcenter.hu\/en\/mr-scan\/breast-mri-scan\/#primaryimage"},"thumbnailUrl":"https:\/\/ujbudamedicalcenter.hu\/wp-content\/uploads\/2023\/11\/emlo-mr.jpg","datePublished":"2023-11-04T17:44:00+00:00","dateModified":"2025-04-29T09:24:24+00:00","description":"Ismerje meg az eml\u0151 MR vizsg\u00e1lat menet\u00e9t, \u00e1r\u00e1t. R\u00e9szletes le\u00edr\u00e1s a nem invaz\u00edv vizsg\u00e1latr\u00f3l, mely m\u00e1gnesesrezonancia seg\u00edts\u00e9g\u00e9vel t\u00f6rt\u00e9nik.","breadcrumb":{"@id":"https:\/\/ujbudamedicalcenter.hu\/en\/mr-scan\/breast-mri-scan\/#breadcrumb"},"inLanguage":"en-US","potentialAction":[{"@type":"ReadAction","target":["https:\/\/ujbudamedicalcenter.hu\/en\/mr-scan\/breast-mri-scan\/"]}]},{"@type":"ImageObject","inLanguage":"en-US","@id":"https:\/\/ujbudamedicalcenter.hu\/en\/mr-scan\/breast-mri-scan\/#primaryimage","url":"https:\/\/ujbudamedicalcenter.hu\/wp-content\/uploads\/2023\/11\/emlo-mr.jpg","contentUrl":"https:\/\/ujbudamedicalcenter.hu\/wp-content\/uploads\/2023\/11\/emlo-mr.jpg","width":600,"height":400},{"@type":"BreadcrumbList","@id":"https:\/\/ujbudamedicalcenter.hu\/en\/mr-scan\/breast-mri-scan\/#breadcrumb","itemListElement":[{"@type":"ListItem","position":1,"name":"Kezd\u0151lap","item":"https:\/\/ujbudamedicalcenter.hu\/"},{"@type":"ListItem","position":2,"name":"MR Vizsg\u00e1lat","item":"https:\/\/ujbudamedicalcenter.hu\/nyitott-mri-ct-ultrahang\/mr-vizsgalatok\/"},{"@type":"ListItem","position":3,"name":"Breast MRI Scan"}]},{"@type":"WebSite","@id":"https:\/\/ujbudamedicalcenter.hu\/#website","url":"https:\/\/ujbudamedicalcenter.hu\/","name":"\u00dajbuda Medical Center","description":"Mag\u00e1nklinika","publisher":{"@id":"https:\/\/ujbudamedicalcenter.hu\/#organization"},"potentialAction":[{"@type":"SearchAction","target":{"@type":"EntryPoint","urlTemplate":"https:\/\/ujbudamedicalcenter.hu\/?s={search_term_string}"},"query-input":{"@type":"PropertyValueSpecification","valueRequired":true,"valueName":"search_term_string"}}],"inLanguage":"en-US"},{"@type":"Organization","@id":"https:\/\/ujbudamedicalcenter.hu\/#organization","name":"\u00dajbuda Medical Center","url":"https:\/\/ujbudamedicalcenter.hu\/","logo":{"@type":"ImageObject","inLanguage":"en-US","@id":"https:\/\/ujbudamedicalcenter.hu\/#\/schema\/logo\/image\/","url":"https:\/\/ujbudamedicalcenter.hu\/wp-content\/uploads\/2021\/10\/cropped-umc-ikon.png","contentUrl":"https:\/\/ujbudamedicalcenter.hu\/wp-content\/uploads\/2021\/10\/cropped-umc-ikon.png","width":500,"height":500,"caption":"\u00dajbuda Medical Center"},"image":{"@id":"https:\/\/ujbudamedicalcenter.hu\/#\/schema\/logo\/image\/"}}]}},"_links":{"self":[{"href":"https:\/\/ujbudamedicalcenter.hu\/en\/wp-json\/wp\/v2\/pages\/6014","targetHints":{"allow":["GET"]}}],"collection":[{"href":"https:\/\/ujbudamedicalcenter.hu\/en\/wp-json\/wp\/v2\/pages"}],"about":[{"href":"https:\/\/ujbudamedicalcenter.hu\/en\/wp-json\/wp\/v2\/types\/page"}],"author":[{"embeddable":true,"href":"https:\/\/ujbudamedicalcenter.hu\/en\/wp-json\/wp\/v2\/users\/8"}],"replies":[{"embeddable":true,"href":"https:\/\/ujbudamedicalcenter.hu\/en\/wp-json\/wp\/v2\/comments?post=6014"}],"version-history":[{"count":1,"href":"https:\/\/ujbudamedicalcenter.hu\/en\/wp-json\/wp\/v2\/pages\/6014\/revisions"}],"predecessor-version":[{"id":6015,"href":"https:\/\/ujbudamedicalcenter.hu\/en\/wp-json\/wp\/v2\/pages\/6014\/revisions\/6015"}],"up":[{"embeddable":true,"href":"https:\/\/ujbudamedicalcenter.hu\/en\/wp-json\/wp\/v2\/pages\/5481"}],"wp:featuredmedia":[{"embeddable":true,"href":"https:\/\/ujbudamedicalcenter.hu\/en\/wp-json\/wp\/v2\/media\/4261"}],"wp:attachment":[{"href":"https:\/\/ujbudamedicalcenter.hu\/en\/wp-json\/wp\/v2\/media?parent=6014"}],"curies":[{"name":"wp","href":"https:\/\/api.w.org\/{rel}","templated":true}]}}