{"id":6021,"date":"2023-11-18T00:18:48","date_gmt":"2023-11-18T00:18:48","guid":{"rendered":"https:\/\/ujbudamedicalcenter.hu\/mr-scan\/nyaki-lagyresz-mr\/"},"modified":"2024-10-01T09:49:22","modified_gmt":"2024-10-01T09:49:22","slug":"cervical-soft-tissue-mri-scan","status":"publish","type":"page","link":"https:\/\/ujbudamedicalcenter.hu\/en\/mr-scan\/cervical-soft-tissue-mri-scan\/","title":{"rendered":"Cervical Soft Tissue MRI Scan"},"content":{"rendered":"","protected":false},"excerpt":{"rendered":"<p>Ismerje meg a nyaki MRI vizsg\u00e1latot \u00e9s annak kulcsfontoss\u00e1g\u00e1t a pontos diagn\u00f3zisban \u00e9s hat\u00e9kony kezel\u00e9sben. Tudjon meg m\u00e9gt\u00f6bbet az MR vizsg\u00e1lat menet\u00e9r\u0151l.<\/p>\n","protected":false},"author":8,"featured_media":4249,"parent":5481,"menu_order":0,"comment_status":"closed","ping_status":"closed","template":"","meta":{"footnotes":""},"class_list":["post-6021","page","type-page","status-publish","has-post-thumbnail","hentry"],"yoast_head":"<!-- This site is optimized with the Yoast SEO plugin v27.4 - https:\/\/yoast.com\/product\/yoast-seo-wordpress\/ -->\n<title>Cervical Soft Tissue MRI Scan - \u00dajbuda Medical Center<\/title>\n<meta name=\"description\" content=\"Ismerje meg a nyaki MRI vizsg\u00e1latot \u00e9s annak kulcsfontoss\u00e1g\u00e1t a pontos diagn\u00f3zisban \u00e9s hat\u00e9kony kezel\u00e9sben. Tudjon meg m\u00e9gt\u00f6bbet az MR vizsg\u00e1lat menet\u00e9r\u0151l.\" \/>\n<meta name=\"robots\" content=\"index, follow, max-snippet:-1, max-image-preview:large, max-video-preview:-1\" \/>\n<link rel=\"canonical\" href=\"https:\/\/ujbudamedicalcenter.hu\/nyitott-mri-ct-ultrahang\/mr-vizsgalatok\/nyaki-lagyresz-mr\/\" \/>\n<meta property=\"og:locale\" content=\"en_US\" \/>\n<meta property=\"og:type\" content=\"article\" \/>\n<meta property=\"og:title\" content=\"Cervical Soft Tissue MRI Scan - \u00dajbuda Medical Center\" \/>\n<meta property=\"og:description\" content=\"Ismerje meg a nyaki MRI vizsg\u00e1latot \u00e9s annak kulcsfontoss\u00e1g\u00e1t a pontos diagn\u00f3zisban \u00e9s hat\u00e9kony kezel\u00e9sben. Tudjon meg m\u00e9gt\u00f6bbet az MR vizsg\u00e1lat menet\u00e9r\u0151l.\" \/>\n<meta property=\"og:url\" content=\"https:\/\/ujbudamedicalcenter.hu\/nyitott-mri-ct-ultrahang\/mr-vizsgalatok\/nyaki-lagyresz-mr\/\" \/>\n<meta property=\"og:site_name\" content=\"\u00dajbuda Medical Center\" \/>\n<meta property=\"article:modified_time\" content=\"2024-10-01T09:49:22+00:00\" \/>\n<meta property=\"og:image\" content=\"https:\/\/ujbudamedicalcenter.hu\/wp-content\/uploads\/2023\/11\/nyaki-lagyresz-mr.jpg\" \/>\n\t<meta property=\"og:image:width\" content=\"600\" \/>\n\t<meta property=\"og:image:height\" content=\"400\" \/>\n\t<meta property=\"og:image:type\" content=\"image\/jpeg\" \/>\n<meta name=\"twitter:card\" content=\"summary_large_image\" \/>\n<meta name=\"twitter:label1\" content=\"Est. reading time\" \/>\n\t<meta name=\"twitter:data1\" content=\"1 minute\" \/>\n<script type=\"application\/ld+json\" class=\"yoast-schema-graph\">{\"@context\":\"https:\\\/\\\/schema.org\",\"@graph\":[{\"@type\":\"WebPage\",\"@id\":\"https:\\\/\\\/ujbudamedicalcenter.hu\\\/nyitott-mri-ct-ultrahang\\\/mr-vizsgalatok\\\/nyaki-lagyresz-mr\\\/\",\"url\":\"https:\\\/\\\/ujbudamedicalcenter.hu\\\/nyitott-mri-ct-ultrahang\\\/mr-vizsgalatok\\\/nyaki-lagyresz-mr\\\/\",\"name\":\"Cervical Soft Tissue MRI Scan - \u00dajbuda Medical Center\",\"isPartOf\":{\"@id\":\"https:\\\/\\\/ujbudamedicalcenter.hu\\\/#website\"},\"primaryImageOfPage\":{\"@id\":\"https:\\\/\\\/ujbudamedicalcenter.hu\\\/nyitott-mri-ct-ultrahang\\\/mr-vizsgalatok\\\/nyaki-lagyresz-mr\\\/#primaryimage\"},\"image\":{\"@id\":\"https:\\\/\\\/ujbudamedicalcenter.hu\\\/nyitott-mri-ct-ultrahang\\\/mr-vizsgalatok\\\/nyaki-lagyresz-mr\\\/#primaryimage\"},\"thumbnailUrl\":\"https:\\\/\\\/ujbudamedicalcenter.hu\\\/wp-content\\\/uploads\\\/2023\\\/11\\\/nyaki-lagyresz-mr.jpg\",\"datePublished\":\"2023-11-18T00:18:48+00:00\",\"dateModified\":\"2024-10-01T09:49:22+00:00\",\"description\":\"Ismerje meg a nyaki MRI vizsg\u00e1latot \u00e9s annak kulcsfontoss\u00e1g\u00e1t a pontos diagn\u00f3zisban \u00e9s hat\u00e9kony kezel\u00e9sben. Tudjon meg m\u00e9gt\u00f6bbet az MR vizsg\u00e1lat menet\u00e9r\u0151l.\",\"breadcrumb\":{\"@id\":\"https:\\\/\\\/ujbudamedicalcenter.hu\\\/nyitott-mri-ct-ultrahang\\\/mr-vizsgalatok\\\/nyaki-lagyresz-mr\\\/#breadcrumb\"},\"inLanguage\":\"en-US\",\"potentialAction\":[{\"@type\":\"ReadAction\",\"target\":[\"https:\\\/\\\/ujbudamedicalcenter.hu\\\/nyitott-mri-ct-ultrahang\\\/mr-vizsgalatok\\\/nyaki-lagyresz-mr\\\/\"]}]},{\"@type\":\"ImageObject\",\"inLanguage\":\"en-US\",\"@id\":\"https:\\\/\\\/ujbudamedicalcenter.hu\\\/nyitott-mri-ct-ultrahang\\\/mr-vizsgalatok\\\/nyaki-lagyresz-mr\\\/#primaryimage\",\"url\":\"https:\\\/\\\/ujbudamedicalcenter.hu\\\/wp-content\\\/uploads\\\/2023\\\/11\\\/nyaki-lagyresz-mr.jpg\",\"contentUrl\":\"https:\\\/\\\/ujbudamedicalcenter.hu\\\/wp-content\\\/uploads\\\/2023\\\/11\\\/nyaki-lagyresz-mr.jpg\",\"width\":600,\"height\":400},{\"@type\":\"BreadcrumbList\",\"@id\":\"https:\\\/\\\/ujbudamedicalcenter.hu\\\/nyitott-mri-ct-ultrahang\\\/mr-vizsgalatok\\\/nyaki-lagyresz-mr\\\/#breadcrumb\",\"itemListElement\":[{\"@type\":\"ListItem\",\"position\":1,\"name\":\"Kezd\u0151lap\",\"item\":\"https:\\\/\\\/ujbudamedicalcenter.hu\\\/\"},{\"@type\":\"ListItem\",\"position\":2,\"name\":\"MR Vizsg\u00e1lat\",\"item\":\"https:\\\/\\\/ujbudamedicalcenter.hu\\\/nyitott-mri-ct-ultrahang\\\/mr-vizsgalatok\\\/\"},{\"@type\":\"ListItem\",\"position\":3,\"name\":\"Cervical Soft Tissue MRI Scan\"}]},{\"@type\":\"WebSite\",\"@id\":\"https:\\\/\\\/ujbudamedicalcenter.hu\\\/#website\",\"url\":\"https:\\\/\\\/ujbudamedicalcenter.hu\\\/\",\"name\":\"\u00dajbuda Medical Center\",\"description\":\"Mag\u00e1nklinika\",\"publisher\":{\"@id\":\"https:\\\/\\\/ujbudamedicalcenter.hu\\\/#organization\"},\"potentialAction\":[{\"@type\":\"SearchAction\",\"target\":{\"@type\":\"EntryPoint\",\"urlTemplate\":\"https:\\\/\\\/ujbudamedicalcenter.hu\\\/?s={search_term_string}\"},\"query-input\":{\"@type\":\"PropertyValueSpecification\",\"valueRequired\":true,\"valueName\":\"search_term_string\"}}],\"inLanguage\":\"en-US\"},{\"@type\":\"Organization\",\"@id\":\"https:\\\/\\\/ujbudamedicalcenter.hu\\\/#organization\",\"name\":\"\u00dajbuda Medical Center\",\"url\":\"https:\\\/\\\/ujbudamedicalcenter.hu\\\/\",\"logo\":{\"@type\":\"ImageObject\",\"inLanguage\":\"en-US\",\"@id\":\"https:\\\/\\\/ujbudamedicalcenter.hu\\\/#\\\/schema\\\/logo\\\/image\\\/\",\"url\":\"https:\\\/\\\/ujbudamedicalcenter.hu\\\/wp-content\\\/uploads\\\/2021\\\/10\\\/cropped-umc-ikon.png\",\"contentUrl\":\"https:\\\/\\\/ujbudamedicalcenter.hu\\\/wp-content\\\/uploads\\\/2021\\\/10\\\/cropped-umc-ikon.png\",\"width\":500,\"height\":500,\"caption\":\"\u00dajbuda Medical Center\"},\"image\":{\"@id\":\"https:\\\/\\\/ujbudamedicalcenter.hu\\\/#\\\/schema\\\/logo\\\/image\\\/\"}}]}<\/script>\n<!-- \/ Yoast SEO plugin. -->","yoast_head_json":{"title":"Cervical Soft Tissue MRI Scan - \u00dajbuda Medical Center","description":"Ismerje meg a nyaki MRI vizsg\u00e1latot \u00e9s annak kulcsfontoss\u00e1g\u00e1t a pontos diagn\u00f3zisban \u00e9s hat\u00e9kony kezel\u00e9sben. Tudjon meg m\u00e9gt\u00f6bbet az MR vizsg\u00e1lat menet\u00e9r\u0151l.","robots":{"index":"index","follow":"follow","max-snippet":"max-snippet:-1","max-image-preview":"max-image-preview:large","max-video-preview":"max-video-preview:-1"},"canonical":"https:\/\/ujbudamedicalcenter.hu\/nyitott-mri-ct-ultrahang\/mr-vizsgalatok\/nyaki-lagyresz-mr\/","og_locale":"en_US","og_type":"article","og_title":"Cervical Soft Tissue MRI Scan - \u00dajbuda Medical Center","og_description":"Ismerje meg a nyaki MRI vizsg\u00e1latot \u00e9s annak kulcsfontoss\u00e1g\u00e1t a pontos diagn\u00f3zisban \u00e9s hat\u00e9kony kezel\u00e9sben. Tudjon meg m\u00e9gt\u00f6bbet az MR vizsg\u00e1lat menet\u00e9r\u0151l.","og_url":"https:\/\/ujbudamedicalcenter.hu\/nyitott-mri-ct-ultrahang\/mr-vizsgalatok\/nyaki-lagyresz-mr\/","og_site_name":"\u00dajbuda Medical Center","article_modified_time":"2024-10-01T09:49:22+00:00","og_image":[{"width":600,"height":400,"url":"https:\/\/ujbudamedicalcenter.hu\/wp-content\/uploads\/2023\/11\/nyaki-lagyresz-mr.jpg","type":"image\/jpeg"}],"twitter_card":"summary_large_image","twitter_misc":{"Est. reading time":"1 minute"},"schema":{"@context":"https:\/\/schema.org","@graph":[{"@type":"WebPage","@id":"https:\/\/ujbudamedicalcenter.hu\/nyitott-mri-ct-ultrahang\/mr-vizsgalatok\/nyaki-lagyresz-mr\/","url":"https:\/\/ujbudamedicalcenter.hu\/nyitott-mri-ct-ultrahang\/mr-vizsgalatok\/nyaki-lagyresz-mr\/","name":"Cervical Soft Tissue MRI Scan - \u00dajbuda Medical Center","isPartOf":{"@id":"https:\/\/ujbudamedicalcenter.hu\/#website"},"primaryImageOfPage":{"@id":"https:\/\/ujbudamedicalcenter.hu\/nyitott-mri-ct-ultrahang\/mr-vizsgalatok\/nyaki-lagyresz-mr\/#primaryimage"},"image":{"@id":"https:\/\/ujbudamedicalcenter.hu\/nyitott-mri-ct-ultrahang\/mr-vizsgalatok\/nyaki-lagyresz-mr\/#primaryimage"},"thumbnailUrl":"https:\/\/ujbudamedicalcenter.hu\/wp-content\/uploads\/2023\/11\/nyaki-lagyresz-mr.jpg","datePublished":"2023-11-18T00:18:48+00:00","dateModified":"2024-10-01T09:49:22+00:00","description":"Ismerje meg a nyaki MRI vizsg\u00e1latot \u00e9s annak kulcsfontoss\u00e1g\u00e1t a pontos diagn\u00f3zisban \u00e9s hat\u00e9kony kezel\u00e9sben. Tudjon meg m\u00e9gt\u00f6bbet az MR vizsg\u00e1lat menet\u00e9r\u0151l.","breadcrumb":{"@id":"https:\/\/ujbudamedicalcenter.hu\/nyitott-mri-ct-ultrahang\/mr-vizsgalatok\/nyaki-lagyresz-mr\/#breadcrumb"},"inLanguage":"en-US","potentialAction":[{"@type":"ReadAction","target":["https:\/\/ujbudamedicalcenter.hu\/nyitott-mri-ct-ultrahang\/mr-vizsgalatok\/nyaki-lagyresz-mr\/"]}]},{"@type":"ImageObject","inLanguage":"en-US","@id":"https:\/\/ujbudamedicalcenter.hu\/nyitott-mri-ct-ultrahang\/mr-vizsgalatok\/nyaki-lagyresz-mr\/#primaryimage","url":"https:\/\/ujbudamedicalcenter.hu\/wp-content\/uploads\/2023\/11\/nyaki-lagyresz-mr.jpg","contentUrl":"https:\/\/ujbudamedicalcenter.hu\/wp-content\/uploads\/2023\/11\/nyaki-lagyresz-mr.jpg","width":600,"height":400},{"@type":"BreadcrumbList","@id":"https:\/\/ujbudamedicalcenter.hu\/nyitott-mri-ct-ultrahang\/mr-vizsgalatok\/nyaki-lagyresz-mr\/#breadcrumb","itemListElement":[{"@type":"ListItem","position":1,"name":"Kezd\u0151lap","item":"https:\/\/ujbudamedicalcenter.hu\/"},{"@type":"ListItem","position":2,"name":"MR Vizsg\u00e1lat","item":"https:\/\/ujbudamedicalcenter.hu\/nyitott-mri-ct-ultrahang\/mr-vizsgalatok\/"},{"@type":"ListItem","position":3,"name":"Cervical Soft Tissue MRI Scan"}]},{"@type":"WebSite","@id":"https:\/\/ujbudamedicalcenter.hu\/#website","url":"https:\/\/ujbudamedicalcenter.hu\/","name":"\u00dajbuda Medical Center","description":"Mag\u00e1nklinika","publisher":{"@id":"https:\/\/ujbudamedicalcenter.hu\/#organization"},"potentialAction":[{"@type":"SearchAction","target":{"@type":"EntryPoint","urlTemplate":"https:\/\/ujbudamedicalcenter.hu\/?s={search_term_string}"},"query-input":{"@type":"PropertyValueSpecification","valueRequired":true,"valueName":"search_term_string"}}],"inLanguage":"en-US"},{"@type":"Organization","@id":"https:\/\/ujbudamedicalcenter.hu\/#organization","name":"\u00dajbuda Medical Center","url":"https:\/\/ujbudamedicalcenter.hu\/","logo":{"@type":"ImageObject","inLanguage":"en-US","@id":"https:\/\/ujbudamedicalcenter.hu\/#\/schema\/logo\/image\/","url":"https:\/\/ujbudamedicalcenter.hu\/wp-content\/uploads\/2021\/10\/cropped-umc-ikon.png","contentUrl":"https:\/\/ujbudamedicalcenter.hu\/wp-content\/uploads\/2021\/10\/cropped-umc-ikon.png","width":500,"height":500,"caption":"\u00dajbuda Medical Center"},"image":{"@id":"https:\/\/ujbudamedicalcenter.hu\/#\/schema\/logo\/image\/"}}]}},"_links":{"self":[{"href":"https:\/\/ujbudamedicalcenter.hu\/en\/wp-json\/wp\/v2\/pages\/6021","targetHints":{"allow":["GET"]}}],"collection":[{"href":"https:\/\/ujbudamedicalcenter.hu\/en\/wp-json\/wp\/v2\/pages"}],"about":[{"href":"https:\/\/ujbudamedicalcenter.hu\/en\/wp-json\/wp\/v2\/types\/page"}],"author":[{"embeddable":true,"href":"https:\/\/ujbudamedicalcenter.hu\/en\/wp-json\/wp\/v2\/users\/8"}],"replies":[{"embeddable":true,"href":"https:\/\/ujbudamedicalcenter.hu\/en\/wp-json\/wp\/v2\/comments?post=6021"}],"version-history":[{"count":1,"href":"https:\/\/ujbudamedicalcenter.hu\/en\/wp-json\/wp\/v2\/pages\/6021\/revisions"}],"predecessor-version":[{"id":6022,"href":"https:\/\/ujbudamedicalcenter.hu\/en\/wp-json\/wp\/v2\/pages\/6021\/revisions\/6022"}],"up":[{"embeddable":true,"href":"https:\/\/ujbudamedicalcenter.hu\/en\/wp-json\/wp\/v2\/pages\/5481"}],"wp:featuredmedia":[{"embeddable":true,"href":"https:\/\/ujbudamedicalcenter.hu\/en\/wp-json\/wp\/v2\/media\/4249"}],"wp:attachment":[{"href":"https:\/\/ujbudamedicalcenter.hu\/en\/wp-json\/wp\/v2\/media?parent=6021"}],"curies":[{"name":"wp","href":"https:\/\/api.w.org\/{rel}","templated":true}]}}