{"id":6097,"date":"2024-03-15T01:13:11","date_gmt":"2024-03-15T01:13:11","guid":{"rendered":"https:\/\/ujbudamedicalcenter.hu\/x-ray\/vall-rontgen\/"},"modified":"2024-10-01T14:17:59","modified_gmt":"2024-10-01T14:17:59","slug":"shoulder-x-ray","status":"publish","type":"page","link":"https:\/\/ujbudamedicalcenter.hu\/en\/x-ray\/shoulder-x-ray\/","title":{"rendered":"Shoulder X-Ray"},"content":{"rendered":"","protected":false},"excerpt":{"rendered":"<p>Ismerje meg az \u00dajbuda Medical Center v\u00e1ll r\u00f6ntgen vizsg\u00e1lat\u00e1t: gyors diagn\u00f3zis, kiv\u00e1l\u00f3 szak\u00e9rtelem. Foglaljon id\u0151pontot m\u00e9g ma!<\/p>\n","protected":false},"author":8,"featured_media":4334,"parent":4846,"menu_order":0,"comment_status":"closed","ping_status":"closed","template":"","meta":{"footnotes":""},"class_list":["post-6097","page","type-page","status-publish","has-post-thumbnail","hentry"],"yoast_head":"<!-- This site is optimized with the Yoast SEO plugin v27.1.1 - https:\/\/yoast.com\/product\/yoast-seo-wordpress\/ -->\n<title>Shoulder X-Ray - \u00dajbuda Medical Center<\/title>\n<meta name=\"description\" content=\"Ismerje meg az \u00dajbuda Medical Center v\u00e1ll r\u00f6ntgen vizsg\u00e1lat\u00e1t: gyors diagn\u00f3zis, kiv\u00e1l\u00f3 szak\u00e9rtelem. Foglaljon id\u0151pontot m\u00e9g ma!\" \/>\n<meta name=\"robots\" content=\"index, follow, max-snippet:-1, max-image-preview:large, max-video-preview:-1\" \/>\n<link rel=\"canonical\" href=\"https:\/\/ujbudamedicalcenter.hu\/en\/x-ray\/shoulder-x-ray\/\" \/>\n<meta property=\"og:locale\" content=\"en_US\" \/>\n<meta property=\"og:type\" content=\"article\" \/>\n<meta property=\"og:title\" content=\"Shoulder X-Ray - \u00dajbuda Medical Center\" \/>\n<meta property=\"og:description\" content=\"Ismerje meg az \u00dajbuda Medical Center v\u00e1ll r\u00f6ntgen vizsg\u00e1lat\u00e1t: gyors diagn\u00f3zis, kiv\u00e1l\u00f3 szak\u00e9rtelem. Foglaljon id\u0151pontot m\u00e9g ma!\" \/>\n<meta property=\"og:url\" content=\"https:\/\/ujbudamedicalcenter.hu\/en\/x-ray\/shoulder-x-ray\/\" \/>\n<meta property=\"og:site_name\" content=\"\u00dajbuda Medical Center\" \/>\n<meta property=\"article:modified_time\" content=\"2024-10-01T14:17:59+00:00\" \/>\n<meta property=\"og:image\" content=\"https:\/\/ujbudamedicalcenter.hu\/wp-content\/uploads\/2024\/03\/vall-rontgen-felvetel.jpg\" \/>\n\t<meta property=\"og:image:width\" content=\"600\" \/>\n\t<meta property=\"og:image:height\" content=\"400\" \/>\n\t<meta property=\"og:image:type\" content=\"image\/jpeg\" \/>\n<meta name=\"twitter:card\" content=\"summary_large_image\" \/>\n<meta name=\"twitter:label1\" content=\"Est. reading time\" \/>\n\t<meta name=\"twitter:data1\" content=\"1 minute\" \/>\n<script type=\"application\/ld+json\" class=\"yoast-schema-graph\">{\"@context\":\"https:\/\/schema.org\",\"@graph\":[{\"@type\":\"WebPage\",\"@id\":\"https:\/\/ujbudamedicalcenter.hu\/en\/x-ray\/shoulder-x-ray\/\",\"url\":\"https:\/\/ujbudamedicalcenter.hu\/en\/x-ray\/shoulder-x-ray\/\",\"name\":\"Shoulder X-Ray - \u00dajbuda Medical Center\",\"isPartOf\":{\"@id\":\"https:\/\/ujbudamedicalcenter.hu\/#website\"},\"primaryImageOfPage\":{\"@id\":\"https:\/\/ujbudamedicalcenter.hu\/en\/x-ray\/shoulder-x-ray\/#primaryimage\"},\"image\":{\"@id\":\"https:\/\/ujbudamedicalcenter.hu\/en\/x-ray\/shoulder-x-ray\/#primaryimage\"},\"thumbnailUrl\":\"https:\/\/ujbudamedicalcenter.hu\/wp-content\/uploads\/2024\/03\/vall-rontgen-felvetel.jpg\",\"datePublished\":\"2024-03-15T01:13:11+00:00\",\"dateModified\":\"2024-10-01T14:17:59+00:00\",\"description\":\"Ismerje meg az \u00dajbuda Medical Center v\u00e1ll r\u00f6ntgen vizsg\u00e1lat\u00e1t: gyors diagn\u00f3zis, kiv\u00e1l\u00f3 szak\u00e9rtelem. Foglaljon id\u0151pontot m\u00e9g ma!\",\"breadcrumb\":{\"@id\":\"https:\/\/ujbudamedicalcenter.hu\/en\/x-ray\/shoulder-x-ray\/#breadcrumb\"},\"inLanguage\":\"en-US\",\"potentialAction\":[{\"@type\":\"ReadAction\",\"target\":[\"https:\/\/ujbudamedicalcenter.hu\/en\/x-ray\/shoulder-x-ray\/\"]}]},{\"@type\":\"ImageObject\",\"inLanguage\":\"en-US\",\"@id\":\"https:\/\/ujbudamedicalcenter.hu\/en\/x-ray\/shoulder-x-ray\/#primaryimage\",\"url\":\"https:\/\/ujbudamedicalcenter.hu\/wp-content\/uploads\/2024\/03\/vall-rontgen-felvetel.jpg\",\"contentUrl\":\"https:\/\/ujbudamedicalcenter.hu\/wp-content\/uploads\/2024\/03\/vall-rontgen-felvetel.jpg\",\"width\":600,\"height\":400},{\"@type\":\"BreadcrumbList\",\"@id\":\"https:\/\/ujbudamedicalcenter.hu\/en\/x-ray\/shoulder-x-ray\/#breadcrumb\",\"itemListElement\":[{\"@type\":\"ListItem\",\"position\":1,\"name\":\"Kezd\u0151lap\",\"item\":\"https:\/\/ujbudamedicalcenter.hu\/\"},{\"@type\":\"ListItem\",\"position\":2,\"name\":\"R\u00f6ntgen\",\"item\":\"https:\/\/ujbudamedicalcenter.hu\/en\/x-ray\/\"},{\"@type\":\"ListItem\",\"position\":3,\"name\":\"Shoulder X-Ray\"}]},{\"@type\":\"WebSite\",\"@id\":\"https:\/\/ujbudamedicalcenter.hu\/#website\",\"url\":\"https:\/\/ujbudamedicalcenter.hu\/\",\"name\":\"\u00dajbuda Medical Center\",\"description\":\"Mag\u00e1nklinika\",\"publisher\":{\"@id\":\"https:\/\/ujbudamedicalcenter.hu\/#organization\"},\"potentialAction\":[{\"@type\":\"SearchAction\",\"target\":{\"@type\":\"EntryPoint\",\"urlTemplate\":\"https:\/\/ujbudamedicalcenter.hu\/?s={search_term_string}\"},\"query-input\":{\"@type\":\"PropertyValueSpecification\",\"valueRequired\":true,\"valueName\":\"search_term_string\"}}],\"inLanguage\":\"en-US\"},{\"@type\":\"Organization\",\"@id\":\"https:\/\/ujbudamedicalcenter.hu\/#organization\",\"name\":\"\u00dajbuda Medical Center\",\"url\":\"https:\/\/ujbudamedicalcenter.hu\/\",\"logo\":{\"@type\":\"ImageObject\",\"inLanguage\":\"en-US\",\"@id\":\"https:\/\/ujbudamedicalcenter.hu\/#\/schema\/logo\/image\/\",\"url\":\"https:\/\/ujbudamedicalcenter.hu\/wp-content\/uploads\/2021\/10\/cropped-umc-ikon.png\",\"contentUrl\":\"https:\/\/ujbudamedicalcenter.hu\/wp-content\/uploads\/2021\/10\/cropped-umc-ikon.png\",\"width\":500,\"height\":500,\"caption\":\"\u00dajbuda Medical Center\"},\"image\":{\"@id\":\"https:\/\/ujbudamedicalcenter.hu\/#\/schema\/logo\/image\/\"}}]}<\/script>\n<!-- \/ Yoast SEO plugin. -->","yoast_head_json":{"title":"Shoulder X-Ray - \u00dajbuda Medical Center","description":"Ismerje meg az \u00dajbuda Medical Center v\u00e1ll r\u00f6ntgen vizsg\u00e1lat\u00e1t: gyors diagn\u00f3zis, kiv\u00e1l\u00f3 szak\u00e9rtelem. Foglaljon id\u0151pontot m\u00e9g ma!","robots":{"index":"index","follow":"follow","max-snippet":"max-snippet:-1","max-image-preview":"max-image-preview:large","max-video-preview":"max-video-preview:-1"},"canonical":"https:\/\/ujbudamedicalcenter.hu\/en\/x-ray\/shoulder-x-ray\/","og_locale":"en_US","og_type":"article","og_title":"Shoulder X-Ray - \u00dajbuda Medical Center","og_description":"Ismerje meg az \u00dajbuda Medical Center v\u00e1ll r\u00f6ntgen vizsg\u00e1lat\u00e1t: gyors diagn\u00f3zis, kiv\u00e1l\u00f3 szak\u00e9rtelem. Foglaljon id\u0151pontot m\u00e9g ma!","og_url":"https:\/\/ujbudamedicalcenter.hu\/en\/x-ray\/shoulder-x-ray\/","og_site_name":"\u00dajbuda Medical Center","article_modified_time":"2024-10-01T14:17:59+00:00","og_image":[{"width":600,"height":400,"url":"https:\/\/ujbudamedicalcenter.hu\/wp-content\/uploads\/2024\/03\/vall-rontgen-felvetel.jpg","type":"image\/jpeg"}],"twitter_card":"summary_large_image","twitter_misc":{"Est. reading time":"1 minute"},"schema":{"@context":"https:\/\/schema.org","@graph":[{"@type":"WebPage","@id":"https:\/\/ujbudamedicalcenter.hu\/en\/x-ray\/shoulder-x-ray\/","url":"https:\/\/ujbudamedicalcenter.hu\/en\/x-ray\/shoulder-x-ray\/","name":"Shoulder X-Ray - \u00dajbuda Medical Center","isPartOf":{"@id":"https:\/\/ujbudamedicalcenter.hu\/#website"},"primaryImageOfPage":{"@id":"https:\/\/ujbudamedicalcenter.hu\/en\/x-ray\/shoulder-x-ray\/#primaryimage"},"image":{"@id":"https:\/\/ujbudamedicalcenter.hu\/en\/x-ray\/shoulder-x-ray\/#primaryimage"},"thumbnailUrl":"https:\/\/ujbudamedicalcenter.hu\/wp-content\/uploads\/2024\/03\/vall-rontgen-felvetel.jpg","datePublished":"2024-03-15T01:13:11+00:00","dateModified":"2024-10-01T14:17:59+00:00","description":"Ismerje meg az \u00dajbuda Medical Center v\u00e1ll r\u00f6ntgen vizsg\u00e1lat\u00e1t: gyors diagn\u00f3zis, kiv\u00e1l\u00f3 szak\u00e9rtelem. Foglaljon id\u0151pontot m\u00e9g ma!","breadcrumb":{"@id":"https:\/\/ujbudamedicalcenter.hu\/en\/x-ray\/shoulder-x-ray\/#breadcrumb"},"inLanguage":"en-US","potentialAction":[{"@type":"ReadAction","target":["https:\/\/ujbudamedicalcenter.hu\/en\/x-ray\/shoulder-x-ray\/"]}]},{"@type":"ImageObject","inLanguage":"en-US","@id":"https:\/\/ujbudamedicalcenter.hu\/en\/x-ray\/shoulder-x-ray\/#primaryimage","url":"https:\/\/ujbudamedicalcenter.hu\/wp-content\/uploads\/2024\/03\/vall-rontgen-felvetel.jpg","contentUrl":"https:\/\/ujbudamedicalcenter.hu\/wp-content\/uploads\/2024\/03\/vall-rontgen-felvetel.jpg","width":600,"height":400},{"@type":"BreadcrumbList","@id":"https:\/\/ujbudamedicalcenter.hu\/en\/x-ray\/shoulder-x-ray\/#breadcrumb","itemListElement":[{"@type":"ListItem","position":1,"name":"Kezd\u0151lap","item":"https:\/\/ujbudamedicalcenter.hu\/"},{"@type":"ListItem","position":2,"name":"R\u00f6ntgen","item":"https:\/\/ujbudamedicalcenter.hu\/en\/x-ray\/"},{"@type":"ListItem","position":3,"name":"Shoulder X-Ray"}]},{"@type":"WebSite","@id":"https:\/\/ujbudamedicalcenter.hu\/#website","url":"https:\/\/ujbudamedicalcenter.hu\/","name":"\u00dajbuda Medical Center","description":"Mag\u00e1nklinika","publisher":{"@id":"https:\/\/ujbudamedicalcenter.hu\/#organization"},"potentialAction":[{"@type":"SearchAction","target":{"@type":"EntryPoint","urlTemplate":"https:\/\/ujbudamedicalcenter.hu\/?s={search_term_string}"},"query-input":{"@type":"PropertyValueSpecification","valueRequired":true,"valueName":"search_term_string"}}],"inLanguage":"en-US"},{"@type":"Organization","@id":"https:\/\/ujbudamedicalcenter.hu\/#organization","name":"\u00dajbuda Medical Center","url":"https:\/\/ujbudamedicalcenter.hu\/","logo":{"@type":"ImageObject","inLanguage":"en-US","@id":"https:\/\/ujbudamedicalcenter.hu\/#\/schema\/logo\/image\/","url":"https:\/\/ujbudamedicalcenter.hu\/wp-content\/uploads\/2021\/10\/cropped-umc-ikon.png","contentUrl":"https:\/\/ujbudamedicalcenter.hu\/wp-content\/uploads\/2021\/10\/cropped-umc-ikon.png","width":500,"height":500,"caption":"\u00dajbuda Medical Center"},"image":{"@id":"https:\/\/ujbudamedicalcenter.hu\/#\/schema\/logo\/image\/"}}]}},"_links":{"self":[{"href":"https:\/\/ujbudamedicalcenter.hu\/en\/wp-json\/wp\/v2\/pages\/6097","targetHints":{"allow":["GET"]}}],"collection":[{"href":"https:\/\/ujbudamedicalcenter.hu\/en\/wp-json\/wp\/v2\/pages"}],"about":[{"href":"https:\/\/ujbudamedicalcenter.hu\/en\/wp-json\/wp\/v2\/types\/page"}],"author":[{"embeddable":true,"href":"https:\/\/ujbudamedicalcenter.hu\/en\/wp-json\/wp\/v2\/users\/8"}],"replies":[{"embeddable":true,"href":"https:\/\/ujbudamedicalcenter.hu\/en\/wp-json\/wp\/v2\/comments?post=6097"}],"version-history":[{"count":1,"href":"https:\/\/ujbudamedicalcenter.hu\/en\/wp-json\/wp\/v2\/pages\/6097\/revisions"}],"predecessor-version":[{"id":6098,"href":"https:\/\/ujbudamedicalcenter.hu\/en\/wp-json\/wp\/v2\/pages\/6097\/revisions\/6098"}],"up":[{"embeddable":true,"href":"https:\/\/ujbudamedicalcenter.hu\/en\/wp-json\/wp\/v2\/pages\/4846"}],"wp:featuredmedia":[{"embeddable":true,"href":"https:\/\/ujbudamedicalcenter.hu\/en\/wp-json\/wp\/v2\/media\/4334"}],"wp:attachment":[{"href":"https:\/\/ujbudamedicalcenter.hu\/en\/wp-json\/wp\/v2\/media?parent=6097"}],"curies":[{"name":"wp","href":"https:\/\/api.w.org\/{rel}","templated":true}]}}