{"id":6654,"date":"2024-10-08T12:08:21","date_gmt":"2024-10-08T12:08:21","guid":{"rendered":"https:\/\/ujbudamedicalcenter.hu\/?page_id=6654"},"modified":"2024-10-26T06:57:16","modified_gmt":"2024-10-26T06:57:16","slug":"orthodontics","status":"publish","type":"page","link":"https:\/\/ujbudamedicalcenter.hu\/en\/dentistry\/orthodontics\/","title":{"rendered":"Orthodontics"},"content":{"rendered":"","protected":false},"excerpt":{"rendered":"<p>Get to know the different types of orthodontics devices.<\/p>\n","protected":false},"author":12,"featured_media":6595,"parent":6729,"menu_order":0,"comment_status":"closed","ping_status":"closed","template":"","meta":{"footnotes":""},"class_list":["post-6654","page","type-page","status-publish","has-post-thumbnail","hentry"],"yoast_head":"<!-- This site is optimized with the Yoast SEO plugin v27.1.1 - https:\/\/yoast.com\/product\/yoast-seo-wordpress\/ -->\n<title>Orthodontics - \u00dajbuda Medical Center<\/title>\n<meta name=\"description\" content=\"Ismerje meg az \u00dajbuda Medical Center vesek\u0151z\u00faz\u00f3 szolg\u00e1ltat\u00e1s\u00e1t. Tudjon meg t\u00f6bbet az ultrahangos vesek\u0151z\u00faz\u00e1sr\u00f3l, foglaljon id\u0151pontot konzult\u00e1ci\u00f3ra m\u00e9g ma!\" \/>\n<meta name=\"robots\" content=\"index, follow, max-snippet:-1, max-image-preview:large, max-video-preview:-1\" \/>\n<link rel=\"canonical\" href=\"https:\/\/ujbudamedicalcenter.hu\/en\/dentistry\/orthodontics\/\" \/>\n<meta property=\"og:locale\" content=\"en_US\" \/>\n<meta property=\"og:type\" content=\"article\" \/>\n<meta property=\"og:title\" content=\"Orthodontics - \u00dajbuda Medical Center\" \/>\n<meta property=\"og:description\" content=\"Ismerje meg az \u00dajbuda Medical Center vesek\u0151z\u00faz\u00f3 szolg\u00e1ltat\u00e1s\u00e1t. Tudjon meg t\u00f6bbet az ultrahangos vesek\u0151z\u00faz\u00e1sr\u00f3l, foglaljon id\u0151pontot konzult\u00e1ci\u00f3ra m\u00e9g ma!\" \/>\n<meta property=\"og:url\" content=\"https:\/\/ujbudamedicalcenter.hu\/en\/dentistry\/orthodontics\/\" \/>\n<meta property=\"og:site_name\" content=\"\u00dajbuda Medical Center\" \/>\n<meta property=\"article:modified_time\" content=\"2024-10-26T06:57:16+00:00\" \/>\n<meta property=\"og:image\" content=\"https:\/\/ujbudamedicalcenter.hu\/wp-content\/uploads\/2024\/10\/fogszabalyzas.jpg\" \/>\n\t<meta property=\"og:image:width\" content=\"600\" \/>\n\t<meta property=\"og:image:height\" content=\"400\" \/>\n\t<meta property=\"og:image:type\" content=\"image\/jpeg\" \/>\n<meta name=\"twitter:card\" content=\"summary_large_image\" \/>\n<meta name=\"twitter:label1\" content=\"Est. reading time\" \/>\n\t<meta name=\"twitter:data1\" content=\"1 minute\" \/>\n<script type=\"application\/ld+json\" class=\"yoast-schema-graph\">{\"@context\":\"https:\/\/schema.org\",\"@graph\":[{\"@type\":\"WebPage\",\"@id\":\"https:\/\/ujbudamedicalcenter.hu\/en\/dentistry\/orthodontics\/\",\"url\":\"https:\/\/ujbudamedicalcenter.hu\/en\/dentistry\/orthodontics\/\",\"name\":\"Orthodontics - \u00dajbuda Medical Center\",\"isPartOf\":{\"@id\":\"https:\/\/ujbudamedicalcenter.hu\/#website\"},\"primaryImageOfPage\":{\"@id\":\"https:\/\/ujbudamedicalcenter.hu\/en\/dentistry\/orthodontics\/#primaryimage\"},\"image\":{\"@id\":\"https:\/\/ujbudamedicalcenter.hu\/en\/dentistry\/orthodontics\/#primaryimage\"},\"thumbnailUrl\":\"https:\/\/ujbudamedicalcenter.hu\/wp-content\/uploads\/2024\/10\/fogszabalyzas.jpg\",\"datePublished\":\"2024-10-08T12:08:21+00:00\",\"dateModified\":\"2024-10-26T06:57:16+00:00\",\"description\":\"Ismerje meg az \u00dajbuda Medical Center vesek\u0151z\u00faz\u00f3 szolg\u00e1ltat\u00e1s\u00e1t. Tudjon meg t\u00f6bbet az ultrahangos vesek\u0151z\u00faz\u00e1sr\u00f3l, foglaljon id\u0151pontot konzult\u00e1ci\u00f3ra m\u00e9g ma!\",\"breadcrumb\":{\"@id\":\"https:\/\/ujbudamedicalcenter.hu\/en\/dentistry\/orthodontics\/#breadcrumb\"},\"inLanguage\":\"en-US\",\"potentialAction\":[{\"@type\":\"ReadAction\",\"target\":[\"https:\/\/ujbudamedicalcenter.hu\/en\/dentistry\/orthodontics\/\"]}]},{\"@type\":\"ImageObject\",\"inLanguage\":\"en-US\",\"@id\":\"https:\/\/ujbudamedicalcenter.hu\/en\/dentistry\/orthodontics\/#primaryimage\",\"url\":\"https:\/\/ujbudamedicalcenter.hu\/wp-content\/uploads\/2024\/10\/fogszabalyzas.jpg\",\"contentUrl\":\"https:\/\/ujbudamedicalcenter.hu\/wp-content\/uploads\/2024\/10\/fogszabalyzas.jpg\",\"width\":600,\"height\":400,\"caption\":\"Fogszab\u00e1lyoz\u00e1s Budapest 11.ker\u00fclet\"},{\"@type\":\"BreadcrumbList\",\"@id\":\"https:\/\/ujbudamedicalcenter.hu\/en\/dentistry\/orthodontics\/#breadcrumb\",\"itemListElement\":[{\"@type\":\"ListItem\",\"position\":1,\"name\":\"Kezd\u0151lap\",\"item\":\"https:\/\/ujbudamedicalcenter.hu\/\"},{\"@type\":\"ListItem\",\"position\":2,\"name\":\"\u00dajbuda Medical Dental\",\"item\":\"https:\/\/ujbudamedicalcenter.hu\/fogaszat\/\"},{\"@type\":\"ListItem\",\"position\":3,\"name\":\"Orthodontics\"}]},{\"@type\":\"WebSite\",\"@id\":\"https:\/\/ujbudamedicalcenter.hu\/#website\",\"url\":\"https:\/\/ujbudamedicalcenter.hu\/\",\"name\":\"\u00dajbuda Medical Center\",\"description\":\"Mag\u00e1nklinika\",\"publisher\":{\"@id\":\"https:\/\/ujbudamedicalcenter.hu\/#organization\"},\"potentialAction\":[{\"@type\":\"SearchAction\",\"target\":{\"@type\":\"EntryPoint\",\"urlTemplate\":\"https:\/\/ujbudamedicalcenter.hu\/?s={search_term_string}\"},\"query-input\":{\"@type\":\"PropertyValueSpecification\",\"valueRequired\":true,\"valueName\":\"search_term_string\"}}],\"inLanguage\":\"en-US\"},{\"@type\":\"Organization\",\"@id\":\"https:\/\/ujbudamedicalcenter.hu\/#organization\",\"name\":\"\u00dajbuda Medical Center\",\"url\":\"https:\/\/ujbudamedicalcenter.hu\/\",\"logo\":{\"@type\":\"ImageObject\",\"inLanguage\":\"en-US\",\"@id\":\"https:\/\/ujbudamedicalcenter.hu\/#\/schema\/logo\/image\/\",\"url\":\"https:\/\/ujbudamedicalcenter.hu\/wp-content\/uploads\/2021\/10\/cropped-umc-ikon.png\",\"contentUrl\":\"https:\/\/ujbudamedicalcenter.hu\/wp-content\/uploads\/2021\/10\/cropped-umc-ikon.png\",\"width\":500,\"height\":500,\"caption\":\"\u00dajbuda Medical Center\"},\"image\":{\"@id\":\"https:\/\/ujbudamedicalcenter.hu\/#\/schema\/logo\/image\/\"}}]}<\/script>\n<!-- \/ Yoast SEO plugin. -->","yoast_head_json":{"title":"Orthodontics - \u00dajbuda Medical Center","description":"Ismerje meg az \u00dajbuda Medical Center vesek\u0151z\u00faz\u00f3 szolg\u00e1ltat\u00e1s\u00e1t. Tudjon meg t\u00f6bbet az ultrahangos vesek\u0151z\u00faz\u00e1sr\u00f3l, foglaljon id\u0151pontot konzult\u00e1ci\u00f3ra m\u00e9g ma!","robots":{"index":"index","follow":"follow","max-snippet":"max-snippet:-1","max-image-preview":"max-image-preview:large","max-video-preview":"max-video-preview:-1"},"canonical":"https:\/\/ujbudamedicalcenter.hu\/en\/dentistry\/orthodontics\/","og_locale":"en_US","og_type":"article","og_title":"Orthodontics - \u00dajbuda Medical Center","og_description":"Ismerje meg az \u00dajbuda Medical Center vesek\u0151z\u00faz\u00f3 szolg\u00e1ltat\u00e1s\u00e1t. Tudjon meg t\u00f6bbet az ultrahangos vesek\u0151z\u00faz\u00e1sr\u00f3l, foglaljon id\u0151pontot konzult\u00e1ci\u00f3ra m\u00e9g ma!","og_url":"https:\/\/ujbudamedicalcenter.hu\/en\/dentistry\/orthodontics\/","og_site_name":"\u00dajbuda Medical Center","article_modified_time":"2024-10-26T06:57:16+00:00","og_image":[{"width":600,"height":400,"url":"https:\/\/ujbudamedicalcenter.hu\/wp-content\/uploads\/2024\/10\/fogszabalyzas.jpg","type":"image\/jpeg"}],"twitter_card":"summary_large_image","twitter_misc":{"Est. reading time":"1 minute"},"schema":{"@context":"https:\/\/schema.org","@graph":[{"@type":"WebPage","@id":"https:\/\/ujbudamedicalcenter.hu\/en\/dentistry\/orthodontics\/","url":"https:\/\/ujbudamedicalcenter.hu\/en\/dentistry\/orthodontics\/","name":"Orthodontics - \u00dajbuda Medical Center","isPartOf":{"@id":"https:\/\/ujbudamedicalcenter.hu\/#website"},"primaryImageOfPage":{"@id":"https:\/\/ujbudamedicalcenter.hu\/en\/dentistry\/orthodontics\/#primaryimage"},"image":{"@id":"https:\/\/ujbudamedicalcenter.hu\/en\/dentistry\/orthodontics\/#primaryimage"},"thumbnailUrl":"https:\/\/ujbudamedicalcenter.hu\/wp-content\/uploads\/2024\/10\/fogszabalyzas.jpg","datePublished":"2024-10-08T12:08:21+00:00","dateModified":"2024-10-26T06:57:16+00:00","description":"Ismerje meg az \u00dajbuda Medical Center vesek\u0151z\u00faz\u00f3 szolg\u00e1ltat\u00e1s\u00e1t. Tudjon meg t\u00f6bbet az ultrahangos vesek\u0151z\u00faz\u00e1sr\u00f3l, foglaljon id\u0151pontot konzult\u00e1ci\u00f3ra m\u00e9g ma!","breadcrumb":{"@id":"https:\/\/ujbudamedicalcenter.hu\/en\/dentistry\/orthodontics\/#breadcrumb"},"inLanguage":"en-US","potentialAction":[{"@type":"ReadAction","target":["https:\/\/ujbudamedicalcenter.hu\/en\/dentistry\/orthodontics\/"]}]},{"@type":"ImageObject","inLanguage":"en-US","@id":"https:\/\/ujbudamedicalcenter.hu\/en\/dentistry\/orthodontics\/#primaryimage","url":"https:\/\/ujbudamedicalcenter.hu\/wp-content\/uploads\/2024\/10\/fogszabalyzas.jpg","contentUrl":"https:\/\/ujbudamedicalcenter.hu\/wp-content\/uploads\/2024\/10\/fogszabalyzas.jpg","width":600,"height":400,"caption":"Fogszab\u00e1lyoz\u00e1s Budapest 11.ker\u00fclet"},{"@type":"BreadcrumbList","@id":"https:\/\/ujbudamedicalcenter.hu\/en\/dentistry\/orthodontics\/#breadcrumb","itemListElement":[{"@type":"ListItem","position":1,"name":"Kezd\u0151lap","item":"https:\/\/ujbudamedicalcenter.hu\/"},{"@type":"ListItem","position":2,"name":"\u00dajbuda Medical Dental","item":"https:\/\/ujbudamedicalcenter.hu\/fogaszat\/"},{"@type":"ListItem","position":3,"name":"Orthodontics"}]},{"@type":"WebSite","@id":"https:\/\/ujbudamedicalcenter.hu\/#website","url":"https:\/\/ujbudamedicalcenter.hu\/","name":"\u00dajbuda Medical Center","description":"Mag\u00e1nklinika","publisher":{"@id":"https:\/\/ujbudamedicalcenter.hu\/#organization"},"potentialAction":[{"@type":"SearchAction","target":{"@type":"EntryPoint","urlTemplate":"https:\/\/ujbudamedicalcenter.hu\/?s={search_term_string}"},"query-input":{"@type":"PropertyValueSpecification","valueRequired":true,"valueName":"search_term_string"}}],"inLanguage":"en-US"},{"@type":"Organization","@id":"https:\/\/ujbudamedicalcenter.hu\/#organization","name":"\u00dajbuda Medical Center","url":"https:\/\/ujbudamedicalcenter.hu\/","logo":{"@type":"ImageObject","inLanguage":"en-US","@id":"https:\/\/ujbudamedicalcenter.hu\/#\/schema\/logo\/image\/","url":"https:\/\/ujbudamedicalcenter.hu\/wp-content\/uploads\/2021\/10\/cropped-umc-ikon.png","contentUrl":"https:\/\/ujbudamedicalcenter.hu\/wp-content\/uploads\/2021\/10\/cropped-umc-ikon.png","width":500,"height":500,"caption":"\u00dajbuda Medical Center"},"image":{"@id":"https:\/\/ujbudamedicalcenter.hu\/#\/schema\/logo\/image\/"}}]}},"_links":{"self":[{"href":"https:\/\/ujbudamedicalcenter.hu\/en\/wp-json\/wp\/v2\/pages\/6654","targetHints":{"allow":["GET"]}}],"collection":[{"href":"https:\/\/ujbudamedicalcenter.hu\/en\/wp-json\/wp\/v2\/pages"}],"about":[{"href":"https:\/\/ujbudamedicalcenter.hu\/en\/wp-json\/wp\/v2\/types\/page"}],"author":[{"embeddable":true,"href":"https:\/\/ujbudamedicalcenter.hu\/en\/wp-json\/wp\/v2\/users\/12"}],"replies":[{"embeddable":true,"href":"https:\/\/ujbudamedicalcenter.hu\/en\/wp-json\/wp\/v2\/comments?post=6654"}],"version-history":[{"count":2,"href":"https:\/\/ujbudamedicalcenter.hu\/en\/wp-json\/wp\/v2\/pages\/6654\/revisions"}],"predecessor-version":[{"id":6745,"href":"https:\/\/ujbudamedicalcenter.hu\/en\/wp-json\/wp\/v2\/pages\/6654\/revisions\/6745"}],"up":[{"embeddable":true,"href":"https:\/\/ujbudamedicalcenter.hu\/en\/wp-json\/wp\/v2\/pages\/6729"}],"wp:featuredmedia":[{"embeddable":true,"href":"https:\/\/ujbudamedicalcenter.hu\/en\/wp-json\/wp\/v2\/media\/6595"}],"wp:attachment":[{"href":"https:\/\/ujbudamedicalcenter.hu\/en\/wp-json\/wp\/v2\/media?parent=6654"}],"curies":[{"name":"wp","href":"https:\/\/api.w.org\/{rel}","templated":true}]}}