{"id":7230,"date":"2024-10-18T08:02:16","date_gmt":"2024-10-18T08:02:16","guid":{"rendered":"https:\/\/ujbudamedicalcenter.hu\/dentistry\/pediatric-dentistry\/gyermek-fogszabalyozas\/"},"modified":"2024-10-22T14:41:44","modified_gmt":"2024-10-22T14:41:44","slug":"pediatric-orthodontics","status":"publish","type":"page","link":"https:\/\/ujbudamedicalcenter.hu\/en\/dentistry\/pediatric-dentistry\/pediatric-orthodontics\/","title":{"rendered":"Pediatric Orthodontics"},"content":{"rendered":"","protected":false},"excerpt":{"rendered":"<p>Fedezze fel a gyermek fogszab\u00e1lyoz\u00e1s fontoss\u00e1g\u00e1t, t\u00edpusait \u00e9s el\u0151nyeit. Tudjon meg t\u00f6bbet a kezel\u00e9sek menet\u00e9r\u0151l!<\/p>\n","protected":false},"author":12,"featured_media":6996,"parent":6616,"menu_order":0,"comment_status":"closed","ping_status":"closed","template":"","meta":{"footnotes":""},"class_list":["post-7230","page","type-page","status-publish","has-post-thumbnail","hentry"],"yoast_head":"<!-- This site is optimized with the Yoast SEO plugin v27.1.1 - https:\/\/yoast.com\/product\/yoast-seo-wordpress\/ -->\n<title>Pediatric Orthodontics - \u00dajbuda Medical Center<\/title>\n<meta name=\"description\" content=\"Fedezze fel a gyermek fogszab\u00e1lyoz\u00e1s fontoss\u00e1g\u00e1t, t\u00edpusait \u00e9s el\u0151nyeit. Tudjon meg t\u00f6bbet a kezel\u00e9sek menet\u00e9r\u0151l!\" \/>\n<meta name=\"robots\" content=\"index, follow, max-snippet:-1, max-image-preview:large, max-video-preview:-1\" \/>\n<link rel=\"canonical\" href=\"https:\/\/ujbudamedicalcenter.hu\/en\/dentistry\/pediatric-dentistry\/pediatric-orthodontics\/\" \/>\n<meta property=\"og:locale\" content=\"en_US\" \/>\n<meta property=\"og:type\" content=\"article\" \/>\n<meta property=\"og:title\" content=\"Pediatric Orthodontics - \u00dajbuda Medical Center\" \/>\n<meta property=\"og:description\" content=\"Fedezze fel a gyermek fogszab\u00e1lyoz\u00e1s fontoss\u00e1g\u00e1t, t\u00edpusait \u00e9s el\u0151nyeit. Tudjon meg t\u00f6bbet a kezel\u00e9sek menet\u00e9r\u0151l!\" \/>\n<meta property=\"og:url\" content=\"https:\/\/ujbudamedicalcenter.hu\/en\/dentistry\/pediatric-dentistry\/pediatric-orthodontics\/\" \/>\n<meta property=\"og:site_name\" content=\"\u00dajbuda Medical Center\" \/>\n<meta property=\"article:modified_time\" content=\"2024-10-22T14:41:44+00:00\" \/>\n<meta property=\"og:image\" content=\"https:\/\/ujbudamedicalcenter.hu\/wp-content\/uploads\/2024\/10\/gyermek-fogaszabalyozas.jpg\" \/>\n\t<meta property=\"og:image:width\" content=\"600\" \/>\n\t<meta property=\"og:image:height\" content=\"400\" \/>\n\t<meta property=\"og:image:type\" content=\"image\/jpeg\" \/>\n<meta name=\"twitter:card\" content=\"summary_large_image\" \/>\n<meta name=\"twitter:label1\" content=\"Est. reading time\" \/>\n\t<meta name=\"twitter:data1\" content=\"1 minute\" \/>\n<script type=\"application\/ld+json\" class=\"yoast-schema-graph\">{\"@context\":\"https:\/\/schema.org\",\"@graph\":[{\"@type\":\"WebPage\",\"@id\":\"https:\/\/ujbudamedicalcenter.hu\/en\/dentistry\/pediatric-dentistry\/pediatric-orthodontics\/\",\"url\":\"https:\/\/ujbudamedicalcenter.hu\/en\/dentistry\/pediatric-dentistry\/pediatric-orthodontics\/\",\"name\":\"Pediatric Orthodontics - \u00dajbuda Medical Center\",\"isPartOf\":{\"@id\":\"https:\/\/ujbudamedicalcenter.hu\/#website\"},\"primaryImageOfPage\":{\"@id\":\"https:\/\/ujbudamedicalcenter.hu\/en\/dentistry\/pediatric-dentistry\/pediatric-orthodontics\/#primaryimage\"},\"image\":{\"@id\":\"https:\/\/ujbudamedicalcenter.hu\/en\/dentistry\/pediatric-dentistry\/pediatric-orthodontics\/#primaryimage\"},\"thumbnailUrl\":\"https:\/\/ujbudamedicalcenter.hu\/wp-content\/uploads\/2024\/10\/gyermek-fogaszabalyozas.jpg\",\"datePublished\":\"2024-10-18T08:02:16+00:00\",\"dateModified\":\"2024-10-22T14:41:44+00:00\",\"description\":\"Fedezze fel a gyermek fogszab\u00e1lyoz\u00e1s fontoss\u00e1g\u00e1t, t\u00edpusait \u00e9s el\u0151nyeit. Tudjon meg t\u00f6bbet a kezel\u00e9sek menet\u00e9r\u0151l!\",\"breadcrumb\":{\"@id\":\"https:\/\/ujbudamedicalcenter.hu\/en\/dentistry\/pediatric-dentistry\/pediatric-orthodontics\/#breadcrumb\"},\"inLanguage\":\"en-US\",\"potentialAction\":[{\"@type\":\"ReadAction\",\"target\":[\"https:\/\/ujbudamedicalcenter.hu\/en\/dentistry\/pediatric-dentistry\/pediatric-orthodontics\/\"]}]},{\"@type\":\"ImageObject\",\"inLanguage\":\"en-US\",\"@id\":\"https:\/\/ujbudamedicalcenter.hu\/en\/dentistry\/pediatric-dentistry\/pediatric-orthodontics\/#primaryimage\",\"url\":\"https:\/\/ujbudamedicalcenter.hu\/wp-content\/uploads\/2024\/10\/gyermek-fogaszabalyozas.jpg\",\"contentUrl\":\"https:\/\/ujbudamedicalcenter.hu\/wp-content\/uploads\/2024\/10\/gyermek-fogaszabalyozas.jpg\",\"width\":600,\"height\":400,\"caption\":\"A gyermekkorban v\u00e9gzett fogszab\u00e1lyoz\u00e1s sz\u00e1mos el\u0151nnyel j\u00e1r\"},{\"@type\":\"BreadcrumbList\",\"@id\":\"https:\/\/ujbudamedicalcenter.hu\/en\/dentistry\/pediatric-dentistry\/pediatric-orthodontics\/#breadcrumb\",\"itemListElement\":[{\"@type\":\"ListItem\",\"position\":1,\"name\":\"Kezd\u0151lap\",\"item\":\"https:\/\/ujbudamedicalcenter.hu\/\"},{\"@type\":\"ListItem\",\"position\":2,\"name\":\"\u00dajbuda Medical Dental\",\"item\":\"https:\/\/ujbudamedicalcenter.hu\/fogaszat\/\"},{\"@type\":\"ListItem\",\"position\":3,\"name\":\"Pediatric Dentistry\",\"item\":\"https:\/\/ujbudamedicalcenter.hu\/en\/dentistry\/pediatric-dentistry\/\"},{\"@type\":\"ListItem\",\"position\":4,\"name\":\"Pediatric Orthodontics\"}]},{\"@type\":\"WebSite\",\"@id\":\"https:\/\/ujbudamedicalcenter.hu\/#website\",\"url\":\"https:\/\/ujbudamedicalcenter.hu\/\",\"name\":\"\u00dajbuda Medical Center\",\"description\":\"Mag\u00e1nklinika\",\"publisher\":{\"@id\":\"https:\/\/ujbudamedicalcenter.hu\/#organization\"},\"potentialAction\":[{\"@type\":\"SearchAction\",\"target\":{\"@type\":\"EntryPoint\",\"urlTemplate\":\"https:\/\/ujbudamedicalcenter.hu\/?s={search_term_string}\"},\"query-input\":{\"@type\":\"PropertyValueSpecification\",\"valueRequired\":true,\"valueName\":\"search_term_string\"}}],\"inLanguage\":\"en-US\"},{\"@type\":\"Organization\",\"@id\":\"https:\/\/ujbudamedicalcenter.hu\/#organization\",\"name\":\"\u00dajbuda Medical Center\",\"url\":\"https:\/\/ujbudamedicalcenter.hu\/\",\"logo\":{\"@type\":\"ImageObject\",\"inLanguage\":\"en-US\",\"@id\":\"https:\/\/ujbudamedicalcenter.hu\/#\/schema\/logo\/image\/\",\"url\":\"https:\/\/ujbudamedicalcenter.hu\/wp-content\/uploads\/2021\/10\/cropped-umc-ikon.png\",\"contentUrl\":\"https:\/\/ujbudamedicalcenter.hu\/wp-content\/uploads\/2021\/10\/cropped-umc-ikon.png\",\"width\":500,\"height\":500,\"caption\":\"\u00dajbuda Medical Center\"},\"image\":{\"@id\":\"https:\/\/ujbudamedicalcenter.hu\/#\/schema\/logo\/image\/\"}}]}<\/script>\n<!-- \/ Yoast SEO plugin. -->","yoast_head_json":{"title":"Pediatric Orthodontics - \u00dajbuda Medical Center","description":"Fedezze fel a gyermek fogszab\u00e1lyoz\u00e1s fontoss\u00e1g\u00e1t, t\u00edpusait \u00e9s el\u0151nyeit. Tudjon meg t\u00f6bbet a kezel\u00e9sek menet\u00e9r\u0151l!","robots":{"index":"index","follow":"follow","max-snippet":"max-snippet:-1","max-image-preview":"max-image-preview:large","max-video-preview":"max-video-preview:-1"},"canonical":"https:\/\/ujbudamedicalcenter.hu\/en\/dentistry\/pediatric-dentistry\/pediatric-orthodontics\/","og_locale":"en_US","og_type":"article","og_title":"Pediatric Orthodontics - \u00dajbuda Medical Center","og_description":"Fedezze fel a gyermek fogszab\u00e1lyoz\u00e1s fontoss\u00e1g\u00e1t, t\u00edpusait \u00e9s el\u0151nyeit. Tudjon meg t\u00f6bbet a kezel\u00e9sek menet\u00e9r\u0151l!","og_url":"https:\/\/ujbudamedicalcenter.hu\/en\/dentistry\/pediatric-dentistry\/pediatric-orthodontics\/","og_site_name":"\u00dajbuda Medical Center","article_modified_time":"2024-10-22T14:41:44+00:00","og_image":[{"width":600,"height":400,"url":"https:\/\/ujbudamedicalcenter.hu\/wp-content\/uploads\/2024\/10\/gyermek-fogaszabalyozas.jpg","type":"image\/jpeg"}],"twitter_card":"summary_large_image","twitter_misc":{"Est. reading time":"1 minute"},"schema":{"@context":"https:\/\/schema.org","@graph":[{"@type":"WebPage","@id":"https:\/\/ujbudamedicalcenter.hu\/en\/dentistry\/pediatric-dentistry\/pediatric-orthodontics\/","url":"https:\/\/ujbudamedicalcenter.hu\/en\/dentistry\/pediatric-dentistry\/pediatric-orthodontics\/","name":"Pediatric Orthodontics - \u00dajbuda Medical Center","isPartOf":{"@id":"https:\/\/ujbudamedicalcenter.hu\/#website"},"primaryImageOfPage":{"@id":"https:\/\/ujbudamedicalcenter.hu\/en\/dentistry\/pediatric-dentistry\/pediatric-orthodontics\/#primaryimage"},"image":{"@id":"https:\/\/ujbudamedicalcenter.hu\/en\/dentistry\/pediatric-dentistry\/pediatric-orthodontics\/#primaryimage"},"thumbnailUrl":"https:\/\/ujbudamedicalcenter.hu\/wp-content\/uploads\/2024\/10\/gyermek-fogaszabalyozas.jpg","datePublished":"2024-10-18T08:02:16+00:00","dateModified":"2024-10-22T14:41:44+00:00","description":"Fedezze fel a gyermek fogszab\u00e1lyoz\u00e1s fontoss\u00e1g\u00e1t, t\u00edpusait \u00e9s el\u0151nyeit. Tudjon meg t\u00f6bbet a kezel\u00e9sek menet\u00e9r\u0151l!","breadcrumb":{"@id":"https:\/\/ujbudamedicalcenter.hu\/en\/dentistry\/pediatric-dentistry\/pediatric-orthodontics\/#breadcrumb"},"inLanguage":"en-US","potentialAction":[{"@type":"ReadAction","target":["https:\/\/ujbudamedicalcenter.hu\/en\/dentistry\/pediatric-dentistry\/pediatric-orthodontics\/"]}]},{"@type":"ImageObject","inLanguage":"en-US","@id":"https:\/\/ujbudamedicalcenter.hu\/en\/dentistry\/pediatric-dentistry\/pediatric-orthodontics\/#primaryimage","url":"https:\/\/ujbudamedicalcenter.hu\/wp-content\/uploads\/2024\/10\/gyermek-fogaszabalyozas.jpg","contentUrl":"https:\/\/ujbudamedicalcenter.hu\/wp-content\/uploads\/2024\/10\/gyermek-fogaszabalyozas.jpg","width":600,"height":400,"caption":"A gyermekkorban v\u00e9gzett fogszab\u00e1lyoz\u00e1s sz\u00e1mos el\u0151nnyel j\u00e1r"},{"@type":"BreadcrumbList","@id":"https:\/\/ujbudamedicalcenter.hu\/en\/dentistry\/pediatric-dentistry\/pediatric-orthodontics\/#breadcrumb","itemListElement":[{"@type":"ListItem","position":1,"name":"Kezd\u0151lap","item":"https:\/\/ujbudamedicalcenter.hu\/"},{"@type":"ListItem","position":2,"name":"\u00dajbuda Medical Dental","item":"https:\/\/ujbudamedicalcenter.hu\/fogaszat\/"},{"@type":"ListItem","position":3,"name":"Pediatric Dentistry","item":"https:\/\/ujbudamedicalcenter.hu\/en\/dentistry\/pediatric-dentistry\/"},{"@type":"ListItem","position":4,"name":"Pediatric Orthodontics"}]},{"@type":"WebSite","@id":"https:\/\/ujbudamedicalcenter.hu\/#website","url":"https:\/\/ujbudamedicalcenter.hu\/","name":"\u00dajbuda Medical Center","description":"Mag\u00e1nklinika","publisher":{"@id":"https:\/\/ujbudamedicalcenter.hu\/#organization"},"potentialAction":[{"@type":"SearchAction","target":{"@type":"EntryPoint","urlTemplate":"https:\/\/ujbudamedicalcenter.hu\/?s={search_term_string}"},"query-input":{"@type":"PropertyValueSpecification","valueRequired":true,"valueName":"search_term_string"}}],"inLanguage":"en-US"},{"@type":"Organization","@id":"https:\/\/ujbudamedicalcenter.hu\/#organization","name":"\u00dajbuda Medical Center","url":"https:\/\/ujbudamedicalcenter.hu\/","logo":{"@type":"ImageObject","inLanguage":"en-US","@id":"https:\/\/ujbudamedicalcenter.hu\/#\/schema\/logo\/image\/","url":"https:\/\/ujbudamedicalcenter.hu\/wp-content\/uploads\/2021\/10\/cropped-umc-ikon.png","contentUrl":"https:\/\/ujbudamedicalcenter.hu\/wp-content\/uploads\/2021\/10\/cropped-umc-ikon.png","width":500,"height":500,"caption":"\u00dajbuda Medical Center"},"image":{"@id":"https:\/\/ujbudamedicalcenter.hu\/#\/schema\/logo\/image\/"}}]}},"_links":{"self":[{"href":"https:\/\/ujbudamedicalcenter.hu\/en\/wp-json\/wp\/v2\/pages\/7230","targetHints":{"allow":["GET"]}}],"collection":[{"href":"https:\/\/ujbudamedicalcenter.hu\/en\/wp-json\/wp\/v2\/pages"}],"about":[{"href":"https:\/\/ujbudamedicalcenter.hu\/en\/wp-json\/wp\/v2\/types\/page"}],"author":[{"embeddable":true,"href":"https:\/\/ujbudamedicalcenter.hu\/en\/wp-json\/wp\/v2\/users\/12"}],"replies":[{"embeddable":true,"href":"https:\/\/ujbudamedicalcenter.hu\/en\/wp-json\/wp\/v2\/comments?post=7230"}],"version-history":[{"count":1,"href":"https:\/\/ujbudamedicalcenter.hu\/en\/wp-json\/wp\/v2\/pages\/7230\/revisions"}],"predecessor-version":[{"id":7231,"href":"https:\/\/ujbudamedicalcenter.hu\/en\/wp-json\/wp\/v2\/pages\/7230\/revisions\/7231"}],"up":[{"embeddable":true,"href":"https:\/\/ujbudamedicalcenter.hu\/en\/wp-json\/wp\/v2\/pages\/6616"}],"wp:featuredmedia":[{"embeddable":true,"href":"https:\/\/ujbudamedicalcenter.hu\/en\/wp-json\/wp\/v2\/media\/6996"}],"wp:attachment":[{"href":"https:\/\/ujbudamedicalcenter.hu\/en\/wp-json\/wp\/v2\/media?parent=7230"}],"curies":[{"name":"wp","href":"https:\/\/api.w.org\/{rel}","templated":true}]}}