{"id":7306,"date":"2024-10-18T09:45:22","date_gmt":"2024-10-18T09:45:22","guid":{"rendered":"https:\/\/ujbudamedicalcenter.hu\/dentistry\/aesthetic-dentistry\/harapasemelo-sin\/"},"modified":"2024-10-25T07:29:33","modified_gmt":"2024-10-25T07:29:33","slug":"bite-lift-rail","status":"publish","type":"page","link":"https:\/\/ujbudamedicalcenter.hu\/en\/dentistry\/aesthetic-dentistry\/bite-lift-rail\/","title":{"rendered":"Bite Lift Rail"},"content":{"rendered":"","protected":false},"excerpt":{"rendered":"<p>T\u00e1j\u00e9koz\u00f3djon, hogyan seg\u00edthet a harap\u00e1semel\u0151 s\u00edn a fogcsikorgat\u00e1s, m\u00e9lyharap\u00e1s \u00e9s harap\u00e1si rendelleness\u00e9gek kezel\u00e9s\u00e9ben. <\/p>\n","protected":false},"author":12,"featured_media":6970,"parent":6622,"menu_order":0,"comment_status":"closed","ping_status":"closed","template":"","meta":{"footnotes":""},"class_list":["post-7306","page","type-page","status-publish","has-post-thumbnail","hentry"],"yoast_head":"<!-- This site is optimized with the Yoast SEO plugin v27.4 - https:\/\/yoast.com\/product\/yoast-seo-wordpress\/ -->\n<title>Bite Lift Rail - \u00dajbuda Medical Center<\/title>\n<meta name=\"description\" content=\"T\u00e1j\u00e9koz\u00f3djon, hogyan seg\u00edthet a harap\u00e1semel\u0151 s\u00edn a fogcsikorgat\u00e1s, m\u00e9lyharap\u00e1s \u00e9s harap\u00e1si rendelleness\u00e9gek kezel\u00e9s\u00e9ben.\" \/>\n<meta name=\"robots\" content=\"index, follow, max-snippet:-1, max-image-preview:large, max-video-preview:-1\" \/>\n<link rel=\"canonical\" href=\"https:\/\/ujbudamedicalcenter.hu\/en\/dentistry\/aesthetic-dentistry\/bite-lift-rail\/\" \/>\n<meta property=\"og:locale\" content=\"en_US\" \/>\n<meta property=\"og:type\" content=\"article\" \/>\n<meta property=\"og:title\" content=\"Bite Lift Rail - \u00dajbuda Medical Center\" \/>\n<meta property=\"og:description\" content=\"T\u00e1j\u00e9koz\u00f3djon, hogyan seg\u00edthet a harap\u00e1semel\u0151 s\u00edn a fogcsikorgat\u00e1s, m\u00e9lyharap\u00e1s \u00e9s harap\u00e1si rendelleness\u00e9gek kezel\u00e9s\u00e9ben.\" \/>\n<meta property=\"og:url\" content=\"https:\/\/ujbudamedicalcenter.hu\/en\/dentistry\/aesthetic-dentistry\/bite-lift-rail\/\" \/>\n<meta property=\"og:site_name\" content=\"\u00dajbuda Medical Center\" \/>\n<meta property=\"article:modified_time\" content=\"2024-10-25T07:29:33+00:00\" \/>\n<meta property=\"og:image\" content=\"https:\/\/ujbudamedicalcenter.hu\/wp-content\/uploads\/2024\/10\/harapasemelo-sin.jpg\" \/>\n\t<meta property=\"og:image:width\" content=\"600\" \/>\n\t<meta property=\"og:image:height\" content=\"400\" \/>\n\t<meta property=\"og:image:type\" content=\"image\/jpeg\" \/>\n<meta name=\"twitter:card\" content=\"summary_large_image\" \/>\n<meta name=\"twitter:label1\" content=\"Est. reading time\" \/>\n\t<meta name=\"twitter:data1\" content=\"1 minute\" \/>\n<script type=\"application\/ld+json\" class=\"yoast-schema-graph\">{\"@context\":\"https:\\\/\\\/schema.org\",\"@graph\":[{\"@type\":\"WebPage\",\"@id\":\"https:\\\/\\\/ujbudamedicalcenter.hu\\\/en\\\/dentistry\\\/aesthetic-dentistry\\\/bite-lift-rail\\\/\",\"url\":\"https:\\\/\\\/ujbudamedicalcenter.hu\\\/en\\\/dentistry\\\/aesthetic-dentistry\\\/bite-lift-rail\\\/\",\"name\":\"Bite Lift Rail - \u00dajbuda Medical Center\",\"isPartOf\":{\"@id\":\"https:\\\/\\\/ujbudamedicalcenter.hu\\\/#website\"},\"primaryImageOfPage\":{\"@id\":\"https:\\\/\\\/ujbudamedicalcenter.hu\\\/en\\\/dentistry\\\/aesthetic-dentistry\\\/bite-lift-rail\\\/#primaryimage\"},\"image\":{\"@id\":\"https:\\\/\\\/ujbudamedicalcenter.hu\\\/en\\\/dentistry\\\/aesthetic-dentistry\\\/bite-lift-rail\\\/#primaryimage\"},\"thumbnailUrl\":\"https:\\\/\\\/ujbudamedicalcenter.hu\\\/wp-content\\\/uploads\\\/2024\\\/10\\\/harapasemelo-sin.jpg\",\"datePublished\":\"2024-10-18T09:45:22+00:00\",\"dateModified\":\"2024-10-25T07:29:33+00:00\",\"description\":\"T\u00e1j\u00e9koz\u00f3djon, hogyan seg\u00edthet a harap\u00e1semel\u0151 s\u00edn a fogcsikorgat\u00e1s, m\u00e9lyharap\u00e1s \u00e9s harap\u00e1si rendelleness\u00e9gek kezel\u00e9s\u00e9ben.\",\"breadcrumb\":{\"@id\":\"https:\\\/\\\/ujbudamedicalcenter.hu\\\/en\\\/dentistry\\\/aesthetic-dentistry\\\/bite-lift-rail\\\/#breadcrumb\"},\"inLanguage\":\"en-US\",\"potentialAction\":[{\"@type\":\"ReadAction\",\"target\":[\"https:\\\/\\\/ujbudamedicalcenter.hu\\\/en\\\/dentistry\\\/aesthetic-dentistry\\\/bite-lift-rail\\\/\"]}]},{\"@type\":\"ImageObject\",\"inLanguage\":\"en-US\",\"@id\":\"https:\\\/\\\/ujbudamedicalcenter.hu\\\/en\\\/dentistry\\\/aesthetic-dentistry\\\/bite-lift-rail\\\/#primaryimage\",\"url\":\"https:\\\/\\\/ujbudamedicalcenter.hu\\\/wp-content\\\/uploads\\\/2024\\\/10\\\/harapasemelo-sin.jpg\",\"contentUrl\":\"https:\\\/\\\/ujbudamedicalcenter.hu\\\/wp-content\\\/uploads\\\/2024\\\/10\\\/harapasemelo-sin.jpg\",\"width\":600,\"height\":400,\"caption\":\"A harap\u00e1semel\u0151 s\u00ednt a fogcsikorgat\u00e1s \u00e9s a harap\u00e1si rendelleness\u00e9gek kezel\u00e9s\u00e9re haszn\u00e1lj\u00e1k\"},{\"@type\":\"BreadcrumbList\",\"@id\":\"https:\\\/\\\/ujbudamedicalcenter.hu\\\/en\\\/dentistry\\\/aesthetic-dentistry\\\/bite-lift-rail\\\/#breadcrumb\",\"itemListElement\":[{\"@type\":\"ListItem\",\"position\":1,\"name\":\"Kezd\u0151lap\",\"item\":\"https:\\\/\\\/ujbudamedicalcenter.hu\\\/\"},{\"@type\":\"ListItem\",\"position\":2,\"name\":\"\u00dajbuda Medical Dental\",\"item\":\"https:\\\/\\\/ujbudamedicalcenter.hu\\\/fogaszat\\\/\"},{\"@type\":\"ListItem\",\"position\":3,\"name\":\"Aesthetic Dentistry\",\"item\":\"https:\\\/\\\/ujbudamedicalcenter.hu\\\/en\\\/dentistry\\\/aesthetic-dentistry\\\/\"},{\"@type\":\"ListItem\",\"position\":4,\"name\":\"Bite Lift Rail\"}]},{\"@type\":\"WebSite\",\"@id\":\"https:\\\/\\\/ujbudamedicalcenter.hu\\\/#website\",\"url\":\"https:\\\/\\\/ujbudamedicalcenter.hu\\\/\",\"name\":\"\u00dajbuda Medical Center\",\"description\":\"Mag\u00e1nklinika\",\"publisher\":{\"@id\":\"https:\\\/\\\/ujbudamedicalcenter.hu\\\/#organization\"},\"potentialAction\":[{\"@type\":\"SearchAction\",\"target\":{\"@type\":\"EntryPoint\",\"urlTemplate\":\"https:\\\/\\\/ujbudamedicalcenter.hu\\\/?s={search_term_string}\"},\"query-input\":{\"@type\":\"PropertyValueSpecification\",\"valueRequired\":true,\"valueName\":\"search_term_string\"}}],\"inLanguage\":\"en-US\"},{\"@type\":\"Organization\",\"@id\":\"https:\\\/\\\/ujbudamedicalcenter.hu\\\/#organization\",\"name\":\"\u00dajbuda Medical Center\",\"url\":\"https:\\\/\\\/ujbudamedicalcenter.hu\\\/\",\"logo\":{\"@type\":\"ImageObject\",\"inLanguage\":\"en-US\",\"@id\":\"https:\\\/\\\/ujbudamedicalcenter.hu\\\/#\\\/schema\\\/logo\\\/image\\\/\",\"url\":\"https:\\\/\\\/ujbudamedicalcenter.hu\\\/wp-content\\\/uploads\\\/2021\\\/10\\\/cropped-umc-ikon.png\",\"contentUrl\":\"https:\\\/\\\/ujbudamedicalcenter.hu\\\/wp-content\\\/uploads\\\/2021\\\/10\\\/cropped-umc-ikon.png\",\"width\":500,\"height\":500,\"caption\":\"\u00dajbuda Medical Center\"},\"image\":{\"@id\":\"https:\\\/\\\/ujbudamedicalcenter.hu\\\/#\\\/schema\\\/logo\\\/image\\\/\"}}]}<\/script>\n<!-- \/ Yoast SEO plugin. -->","yoast_head_json":{"title":"Bite Lift Rail - \u00dajbuda Medical Center","description":"T\u00e1j\u00e9koz\u00f3djon, hogyan seg\u00edthet a harap\u00e1semel\u0151 s\u00edn a fogcsikorgat\u00e1s, m\u00e9lyharap\u00e1s \u00e9s harap\u00e1si rendelleness\u00e9gek kezel\u00e9s\u00e9ben.","robots":{"index":"index","follow":"follow","max-snippet":"max-snippet:-1","max-image-preview":"max-image-preview:large","max-video-preview":"max-video-preview:-1"},"canonical":"https:\/\/ujbudamedicalcenter.hu\/en\/dentistry\/aesthetic-dentistry\/bite-lift-rail\/","og_locale":"en_US","og_type":"article","og_title":"Bite Lift Rail - \u00dajbuda Medical Center","og_description":"T\u00e1j\u00e9koz\u00f3djon, hogyan seg\u00edthet a harap\u00e1semel\u0151 s\u00edn a fogcsikorgat\u00e1s, m\u00e9lyharap\u00e1s \u00e9s harap\u00e1si rendelleness\u00e9gek kezel\u00e9s\u00e9ben.","og_url":"https:\/\/ujbudamedicalcenter.hu\/en\/dentistry\/aesthetic-dentistry\/bite-lift-rail\/","og_site_name":"\u00dajbuda Medical Center","article_modified_time":"2024-10-25T07:29:33+00:00","og_image":[{"width":600,"height":400,"url":"https:\/\/ujbudamedicalcenter.hu\/wp-content\/uploads\/2024\/10\/harapasemelo-sin.jpg","type":"image\/jpeg"}],"twitter_card":"summary_large_image","twitter_misc":{"Est. reading time":"1 minute"},"schema":{"@context":"https:\/\/schema.org","@graph":[{"@type":"WebPage","@id":"https:\/\/ujbudamedicalcenter.hu\/en\/dentistry\/aesthetic-dentistry\/bite-lift-rail\/","url":"https:\/\/ujbudamedicalcenter.hu\/en\/dentistry\/aesthetic-dentistry\/bite-lift-rail\/","name":"Bite Lift Rail - \u00dajbuda Medical Center","isPartOf":{"@id":"https:\/\/ujbudamedicalcenter.hu\/#website"},"primaryImageOfPage":{"@id":"https:\/\/ujbudamedicalcenter.hu\/en\/dentistry\/aesthetic-dentistry\/bite-lift-rail\/#primaryimage"},"image":{"@id":"https:\/\/ujbudamedicalcenter.hu\/en\/dentistry\/aesthetic-dentistry\/bite-lift-rail\/#primaryimage"},"thumbnailUrl":"https:\/\/ujbudamedicalcenter.hu\/wp-content\/uploads\/2024\/10\/harapasemelo-sin.jpg","datePublished":"2024-10-18T09:45:22+00:00","dateModified":"2024-10-25T07:29:33+00:00","description":"T\u00e1j\u00e9koz\u00f3djon, hogyan seg\u00edthet a harap\u00e1semel\u0151 s\u00edn a fogcsikorgat\u00e1s, m\u00e9lyharap\u00e1s \u00e9s harap\u00e1si rendelleness\u00e9gek kezel\u00e9s\u00e9ben.","breadcrumb":{"@id":"https:\/\/ujbudamedicalcenter.hu\/en\/dentistry\/aesthetic-dentistry\/bite-lift-rail\/#breadcrumb"},"inLanguage":"en-US","potentialAction":[{"@type":"ReadAction","target":["https:\/\/ujbudamedicalcenter.hu\/en\/dentistry\/aesthetic-dentistry\/bite-lift-rail\/"]}]},{"@type":"ImageObject","inLanguage":"en-US","@id":"https:\/\/ujbudamedicalcenter.hu\/en\/dentistry\/aesthetic-dentistry\/bite-lift-rail\/#primaryimage","url":"https:\/\/ujbudamedicalcenter.hu\/wp-content\/uploads\/2024\/10\/harapasemelo-sin.jpg","contentUrl":"https:\/\/ujbudamedicalcenter.hu\/wp-content\/uploads\/2024\/10\/harapasemelo-sin.jpg","width":600,"height":400,"caption":"A harap\u00e1semel\u0151 s\u00ednt a fogcsikorgat\u00e1s \u00e9s a harap\u00e1si rendelleness\u00e9gek kezel\u00e9s\u00e9re haszn\u00e1lj\u00e1k"},{"@type":"BreadcrumbList","@id":"https:\/\/ujbudamedicalcenter.hu\/en\/dentistry\/aesthetic-dentistry\/bite-lift-rail\/#breadcrumb","itemListElement":[{"@type":"ListItem","position":1,"name":"Kezd\u0151lap","item":"https:\/\/ujbudamedicalcenter.hu\/"},{"@type":"ListItem","position":2,"name":"\u00dajbuda Medical Dental","item":"https:\/\/ujbudamedicalcenter.hu\/fogaszat\/"},{"@type":"ListItem","position":3,"name":"Aesthetic Dentistry","item":"https:\/\/ujbudamedicalcenter.hu\/en\/dentistry\/aesthetic-dentistry\/"},{"@type":"ListItem","position":4,"name":"Bite Lift Rail"}]},{"@type":"WebSite","@id":"https:\/\/ujbudamedicalcenter.hu\/#website","url":"https:\/\/ujbudamedicalcenter.hu\/","name":"\u00dajbuda Medical Center","description":"Mag\u00e1nklinika","publisher":{"@id":"https:\/\/ujbudamedicalcenter.hu\/#organization"},"potentialAction":[{"@type":"SearchAction","target":{"@type":"EntryPoint","urlTemplate":"https:\/\/ujbudamedicalcenter.hu\/?s={search_term_string}"},"query-input":{"@type":"PropertyValueSpecification","valueRequired":true,"valueName":"search_term_string"}}],"inLanguage":"en-US"},{"@type":"Organization","@id":"https:\/\/ujbudamedicalcenter.hu\/#organization","name":"\u00dajbuda Medical Center","url":"https:\/\/ujbudamedicalcenter.hu\/","logo":{"@type":"ImageObject","inLanguage":"en-US","@id":"https:\/\/ujbudamedicalcenter.hu\/#\/schema\/logo\/image\/","url":"https:\/\/ujbudamedicalcenter.hu\/wp-content\/uploads\/2021\/10\/cropped-umc-ikon.png","contentUrl":"https:\/\/ujbudamedicalcenter.hu\/wp-content\/uploads\/2021\/10\/cropped-umc-ikon.png","width":500,"height":500,"caption":"\u00dajbuda Medical Center"},"image":{"@id":"https:\/\/ujbudamedicalcenter.hu\/#\/schema\/logo\/image\/"}}]}},"_links":{"self":[{"href":"https:\/\/ujbudamedicalcenter.hu\/en\/wp-json\/wp\/v2\/pages\/7306","targetHints":{"allow":["GET"]}}],"collection":[{"href":"https:\/\/ujbudamedicalcenter.hu\/en\/wp-json\/wp\/v2\/pages"}],"about":[{"href":"https:\/\/ujbudamedicalcenter.hu\/en\/wp-json\/wp\/v2\/types\/page"}],"author":[{"embeddable":true,"href":"https:\/\/ujbudamedicalcenter.hu\/en\/wp-json\/wp\/v2\/users\/12"}],"replies":[{"embeddable":true,"href":"https:\/\/ujbudamedicalcenter.hu\/en\/wp-json\/wp\/v2\/comments?post=7306"}],"version-history":[{"count":1,"href":"https:\/\/ujbudamedicalcenter.hu\/en\/wp-json\/wp\/v2\/pages\/7306\/revisions"}],"predecessor-version":[{"id":7307,"href":"https:\/\/ujbudamedicalcenter.hu\/en\/wp-json\/wp\/v2\/pages\/7306\/revisions\/7307"}],"up":[{"embeddable":true,"href":"https:\/\/ujbudamedicalcenter.hu\/en\/wp-json\/wp\/v2\/pages\/6622"}],"wp:featuredmedia":[{"embeddable":true,"href":"https:\/\/ujbudamedicalcenter.hu\/en\/wp-json\/wp\/v2\/media\/6970"}],"wp:attachment":[{"href":"https:\/\/ujbudamedicalcenter.hu\/en\/wp-json\/wp\/v2\/media?parent=7306"}],"curies":[{"name":"wp","href":"https:\/\/api.w.org\/{rel}","templated":true}]}}