{"id":7317,"date":"2024-10-18T15:08:09","date_gmt":"2024-10-18T15:08:09","guid":{"rendered":"https:\/\/ujbudamedicalcenter.hu\/dentistry\/periodontology\/zart-kurettalas\/"},"modified":"2024-10-25T08:08:48","modified_gmt":"2024-10-25T08:08:48","slug":"closed-curettage","status":"publish","type":"page","link":"https:\/\/ujbudamedicalcenter.hu\/en\/dentistry\/periodontology\/closed-curettage\/","title":{"rendered":"Closed Curettage"},"content":{"rendered":"","protected":false},"excerpt":{"rendered":"<p>Z\u00e1rt k\u00fcrett\u00e1l\u00e1s fog\u00e1gybetegs\u00e9g kezel\u00e9s\u00e9re Budapest 11. ker\u00fclet\u00e9ben. Hat\u00e9kony megold\u00e1s gyullad\u00e1s cs\u00f6kkent\u00e9s\u00e9re \u00e9s fogak megtart\u00e1s\u00e1ra. Foglaljon id\u0151pontot most!<\/p>\n","protected":false},"author":12,"featured_media":7100,"parent":6627,"menu_order":0,"comment_status":"closed","ping_status":"closed","template":"","meta":{"footnotes":""},"class_list":["post-7317","page","type-page","status-publish","has-post-thumbnail","hentry"],"yoast_head":"<!-- This site is optimized with the Yoast SEO plugin v27.1.1 - https:\/\/yoast.com\/product\/yoast-seo-wordpress\/ -->\n<title>Closed Curettage - \u00dajbuda Medical Center<\/title>\n<meta name=\"description\" content=\"Z\u00e1rt k\u00fcrett\u00e1l\u00e1s fog\u00e1gybetegs\u00e9g kezel\u00e9s\u00e9re Budapest 11. ker\u00fclet\u00e9ben. Hat\u00e9kony megold\u00e1s gyullad\u00e1s cs\u00f6kkent\u00e9s\u00e9re \u00e9s fogak megtart\u00e1s\u00e1ra.\" \/>\n<meta name=\"robots\" content=\"index, follow, max-snippet:-1, max-image-preview:large, max-video-preview:-1\" \/>\n<link rel=\"canonical\" href=\"https:\/\/ujbudamedicalcenter.hu\/en\/dentistry\/periodontology\/closed-curettage\/\" \/>\n<meta property=\"og:locale\" content=\"en_US\" \/>\n<meta property=\"og:type\" content=\"article\" \/>\n<meta property=\"og:title\" content=\"Closed Curettage - \u00dajbuda Medical Center\" \/>\n<meta property=\"og:description\" content=\"Z\u00e1rt k\u00fcrett\u00e1l\u00e1s fog\u00e1gybetegs\u00e9g kezel\u00e9s\u00e9re Budapest 11. ker\u00fclet\u00e9ben. Hat\u00e9kony megold\u00e1s gyullad\u00e1s cs\u00f6kkent\u00e9s\u00e9re \u00e9s fogak megtart\u00e1s\u00e1ra.\" \/>\n<meta property=\"og:url\" content=\"https:\/\/ujbudamedicalcenter.hu\/en\/dentistry\/periodontology\/closed-curettage\/\" \/>\n<meta property=\"og:site_name\" content=\"\u00dajbuda Medical Center\" \/>\n<meta property=\"article:modified_time\" content=\"2024-10-25T08:08:48+00:00\" \/>\n<meta property=\"og:image\" content=\"https:\/\/ujbudamedicalcenter.hu\/wp-content\/uploads\/2024\/10\/zart-kurettalas.jpg\" \/>\n\t<meta property=\"og:image:width\" content=\"600\" \/>\n\t<meta property=\"og:image:height\" content=\"400\" \/>\n\t<meta property=\"og:image:type\" content=\"image\/jpeg\" \/>\n<meta name=\"twitter:card\" content=\"summary_large_image\" \/>\n<meta name=\"twitter:label1\" content=\"Est. reading time\" \/>\n\t<meta name=\"twitter:data1\" content=\"1 minute\" \/>\n<script type=\"application\/ld+json\" class=\"yoast-schema-graph\">{\"@context\":\"https:\/\/schema.org\",\"@graph\":[{\"@type\":\"WebPage\",\"@id\":\"https:\/\/ujbudamedicalcenter.hu\/en\/dentistry\/periodontology\/closed-curettage\/\",\"url\":\"https:\/\/ujbudamedicalcenter.hu\/en\/dentistry\/periodontology\/closed-curettage\/\",\"name\":\"Closed Curettage - \u00dajbuda Medical Center\",\"isPartOf\":{\"@id\":\"https:\/\/ujbudamedicalcenter.hu\/#website\"},\"primaryImageOfPage\":{\"@id\":\"https:\/\/ujbudamedicalcenter.hu\/en\/dentistry\/periodontology\/closed-curettage\/#primaryimage\"},\"image\":{\"@id\":\"https:\/\/ujbudamedicalcenter.hu\/en\/dentistry\/periodontology\/closed-curettage\/#primaryimage\"},\"thumbnailUrl\":\"https:\/\/ujbudamedicalcenter.hu\/wp-content\/uploads\/2024\/10\/zart-kurettalas.jpg\",\"datePublished\":\"2024-10-18T15:08:09+00:00\",\"dateModified\":\"2024-10-25T08:08:48+00:00\",\"description\":\"Z\u00e1rt k\u00fcrett\u00e1l\u00e1s fog\u00e1gybetegs\u00e9g kezel\u00e9s\u00e9re Budapest 11. ker\u00fclet\u00e9ben. Hat\u00e9kony megold\u00e1s gyullad\u00e1s cs\u00f6kkent\u00e9s\u00e9re \u00e9s fogak megtart\u00e1s\u00e1ra.\",\"breadcrumb\":{\"@id\":\"https:\/\/ujbudamedicalcenter.hu\/en\/dentistry\/periodontology\/closed-curettage\/#breadcrumb\"},\"inLanguage\":\"en-US\",\"potentialAction\":[{\"@type\":\"ReadAction\",\"target\":[\"https:\/\/ujbudamedicalcenter.hu\/en\/dentistry\/periodontology\/closed-curettage\/\"]}]},{\"@type\":\"ImageObject\",\"inLanguage\":\"en-US\",\"@id\":\"https:\/\/ujbudamedicalcenter.hu\/en\/dentistry\/periodontology\/closed-curettage\/#primaryimage\",\"url\":\"https:\/\/ujbudamedicalcenter.hu\/wp-content\/uploads\/2024\/10\/zart-kurettalas.jpg\",\"contentUrl\":\"https:\/\/ujbudamedicalcenter.hu\/wp-content\/uploads\/2024\/10\/zart-kurettalas.jpg\",\"width\":600,\"height\":400,\"caption\":\"Z\u00e1rt k\u00fcrett\u00e1l\u00e1s\"},{\"@type\":\"BreadcrumbList\",\"@id\":\"https:\/\/ujbudamedicalcenter.hu\/en\/dentistry\/periodontology\/closed-curettage\/#breadcrumb\",\"itemListElement\":[{\"@type\":\"ListItem\",\"position\":1,\"name\":\"Kezd\u0151lap\",\"item\":\"https:\/\/ujbudamedicalcenter.hu\/\"},{\"@type\":\"ListItem\",\"position\":2,\"name\":\"\u00dajbuda Medical Dental\",\"item\":\"https:\/\/ujbudamedicalcenter.hu\/fogaszat\/\"},{\"@type\":\"ListItem\",\"position\":3,\"name\":\"Periodontology\",\"item\":\"https:\/\/ujbudamedicalcenter.hu\/en\/dentistry\/periodontology\/\"},{\"@type\":\"ListItem\",\"position\":4,\"name\":\"Closed Curettage\"}]},{\"@type\":\"WebSite\",\"@id\":\"https:\/\/ujbudamedicalcenter.hu\/#website\",\"url\":\"https:\/\/ujbudamedicalcenter.hu\/\",\"name\":\"\u00dajbuda Medical Center\",\"description\":\"Mag\u00e1nklinika\",\"publisher\":{\"@id\":\"https:\/\/ujbudamedicalcenter.hu\/#organization\"},\"potentialAction\":[{\"@type\":\"SearchAction\",\"target\":{\"@type\":\"EntryPoint\",\"urlTemplate\":\"https:\/\/ujbudamedicalcenter.hu\/?s={search_term_string}\"},\"query-input\":{\"@type\":\"PropertyValueSpecification\",\"valueRequired\":true,\"valueName\":\"search_term_string\"}}],\"inLanguage\":\"en-US\"},{\"@type\":\"Organization\",\"@id\":\"https:\/\/ujbudamedicalcenter.hu\/#organization\",\"name\":\"\u00dajbuda Medical Center\",\"url\":\"https:\/\/ujbudamedicalcenter.hu\/\",\"logo\":{\"@type\":\"ImageObject\",\"inLanguage\":\"en-US\",\"@id\":\"https:\/\/ujbudamedicalcenter.hu\/#\/schema\/logo\/image\/\",\"url\":\"https:\/\/ujbudamedicalcenter.hu\/wp-content\/uploads\/2021\/10\/cropped-umc-ikon.png\",\"contentUrl\":\"https:\/\/ujbudamedicalcenter.hu\/wp-content\/uploads\/2021\/10\/cropped-umc-ikon.png\",\"width\":500,\"height\":500,\"caption\":\"\u00dajbuda Medical Center\"},\"image\":{\"@id\":\"https:\/\/ujbudamedicalcenter.hu\/#\/schema\/logo\/image\/\"}}]}<\/script>\n<!-- \/ Yoast SEO plugin. -->","yoast_head_json":{"title":"Closed Curettage - \u00dajbuda Medical Center","description":"Z\u00e1rt k\u00fcrett\u00e1l\u00e1s fog\u00e1gybetegs\u00e9g kezel\u00e9s\u00e9re Budapest 11. ker\u00fclet\u00e9ben. Hat\u00e9kony megold\u00e1s gyullad\u00e1s cs\u00f6kkent\u00e9s\u00e9re \u00e9s fogak megtart\u00e1s\u00e1ra.","robots":{"index":"index","follow":"follow","max-snippet":"max-snippet:-1","max-image-preview":"max-image-preview:large","max-video-preview":"max-video-preview:-1"},"canonical":"https:\/\/ujbudamedicalcenter.hu\/en\/dentistry\/periodontology\/closed-curettage\/","og_locale":"en_US","og_type":"article","og_title":"Closed Curettage - \u00dajbuda Medical Center","og_description":"Z\u00e1rt k\u00fcrett\u00e1l\u00e1s fog\u00e1gybetegs\u00e9g kezel\u00e9s\u00e9re Budapest 11. ker\u00fclet\u00e9ben. Hat\u00e9kony megold\u00e1s gyullad\u00e1s cs\u00f6kkent\u00e9s\u00e9re \u00e9s fogak megtart\u00e1s\u00e1ra.","og_url":"https:\/\/ujbudamedicalcenter.hu\/en\/dentistry\/periodontology\/closed-curettage\/","og_site_name":"\u00dajbuda Medical Center","article_modified_time":"2024-10-25T08:08:48+00:00","og_image":[{"width":600,"height":400,"url":"https:\/\/ujbudamedicalcenter.hu\/wp-content\/uploads\/2024\/10\/zart-kurettalas.jpg","type":"image\/jpeg"}],"twitter_card":"summary_large_image","twitter_misc":{"Est. reading time":"1 minute"},"schema":{"@context":"https:\/\/schema.org","@graph":[{"@type":"WebPage","@id":"https:\/\/ujbudamedicalcenter.hu\/en\/dentistry\/periodontology\/closed-curettage\/","url":"https:\/\/ujbudamedicalcenter.hu\/en\/dentistry\/periodontology\/closed-curettage\/","name":"Closed Curettage - \u00dajbuda Medical Center","isPartOf":{"@id":"https:\/\/ujbudamedicalcenter.hu\/#website"},"primaryImageOfPage":{"@id":"https:\/\/ujbudamedicalcenter.hu\/en\/dentistry\/periodontology\/closed-curettage\/#primaryimage"},"image":{"@id":"https:\/\/ujbudamedicalcenter.hu\/en\/dentistry\/periodontology\/closed-curettage\/#primaryimage"},"thumbnailUrl":"https:\/\/ujbudamedicalcenter.hu\/wp-content\/uploads\/2024\/10\/zart-kurettalas.jpg","datePublished":"2024-10-18T15:08:09+00:00","dateModified":"2024-10-25T08:08:48+00:00","description":"Z\u00e1rt k\u00fcrett\u00e1l\u00e1s fog\u00e1gybetegs\u00e9g kezel\u00e9s\u00e9re Budapest 11. ker\u00fclet\u00e9ben. Hat\u00e9kony megold\u00e1s gyullad\u00e1s cs\u00f6kkent\u00e9s\u00e9re \u00e9s fogak megtart\u00e1s\u00e1ra.","breadcrumb":{"@id":"https:\/\/ujbudamedicalcenter.hu\/en\/dentistry\/periodontology\/closed-curettage\/#breadcrumb"},"inLanguage":"en-US","potentialAction":[{"@type":"ReadAction","target":["https:\/\/ujbudamedicalcenter.hu\/en\/dentistry\/periodontology\/closed-curettage\/"]}]},{"@type":"ImageObject","inLanguage":"en-US","@id":"https:\/\/ujbudamedicalcenter.hu\/en\/dentistry\/periodontology\/closed-curettage\/#primaryimage","url":"https:\/\/ujbudamedicalcenter.hu\/wp-content\/uploads\/2024\/10\/zart-kurettalas.jpg","contentUrl":"https:\/\/ujbudamedicalcenter.hu\/wp-content\/uploads\/2024\/10\/zart-kurettalas.jpg","width":600,"height":400,"caption":"Z\u00e1rt k\u00fcrett\u00e1l\u00e1s"},{"@type":"BreadcrumbList","@id":"https:\/\/ujbudamedicalcenter.hu\/en\/dentistry\/periodontology\/closed-curettage\/#breadcrumb","itemListElement":[{"@type":"ListItem","position":1,"name":"Kezd\u0151lap","item":"https:\/\/ujbudamedicalcenter.hu\/"},{"@type":"ListItem","position":2,"name":"\u00dajbuda Medical Dental","item":"https:\/\/ujbudamedicalcenter.hu\/fogaszat\/"},{"@type":"ListItem","position":3,"name":"Periodontology","item":"https:\/\/ujbudamedicalcenter.hu\/en\/dentistry\/periodontology\/"},{"@type":"ListItem","position":4,"name":"Closed Curettage"}]},{"@type":"WebSite","@id":"https:\/\/ujbudamedicalcenter.hu\/#website","url":"https:\/\/ujbudamedicalcenter.hu\/","name":"\u00dajbuda Medical Center","description":"Mag\u00e1nklinika","publisher":{"@id":"https:\/\/ujbudamedicalcenter.hu\/#organization"},"potentialAction":[{"@type":"SearchAction","target":{"@type":"EntryPoint","urlTemplate":"https:\/\/ujbudamedicalcenter.hu\/?s={search_term_string}"},"query-input":{"@type":"PropertyValueSpecification","valueRequired":true,"valueName":"search_term_string"}}],"inLanguage":"en-US"},{"@type":"Organization","@id":"https:\/\/ujbudamedicalcenter.hu\/#organization","name":"\u00dajbuda Medical Center","url":"https:\/\/ujbudamedicalcenter.hu\/","logo":{"@type":"ImageObject","inLanguage":"en-US","@id":"https:\/\/ujbudamedicalcenter.hu\/#\/schema\/logo\/image\/","url":"https:\/\/ujbudamedicalcenter.hu\/wp-content\/uploads\/2021\/10\/cropped-umc-ikon.png","contentUrl":"https:\/\/ujbudamedicalcenter.hu\/wp-content\/uploads\/2021\/10\/cropped-umc-ikon.png","width":500,"height":500,"caption":"\u00dajbuda Medical Center"},"image":{"@id":"https:\/\/ujbudamedicalcenter.hu\/#\/schema\/logo\/image\/"}}]}},"_links":{"self":[{"href":"https:\/\/ujbudamedicalcenter.hu\/en\/wp-json\/wp\/v2\/pages\/7317","targetHints":{"allow":["GET"]}}],"collection":[{"href":"https:\/\/ujbudamedicalcenter.hu\/en\/wp-json\/wp\/v2\/pages"}],"about":[{"href":"https:\/\/ujbudamedicalcenter.hu\/en\/wp-json\/wp\/v2\/types\/page"}],"author":[{"embeddable":true,"href":"https:\/\/ujbudamedicalcenter.hu\/en\/wp-json\/wp\/v2\/users\/12"}],"replies":[{"embeddable":true,"href":"https:\/\/ujbudamedicalcenter.hu\/en\/wp-json\/wp\/v2\/comments?post=7317"}],"version-history":[{"count":1,"href":"https:\/\/ujbudamedicalcenter.hu\/en\/wp-json\/wp\/v2\/pages\/7317\/revisions"}],"predecessor-version":[{"id":7318,"href":"https:\/\/ujbudamedicalcenter.hu\/en\/wp-json\/wp\/v2\/pages\/7317\/revisions\/7318"}],"up":[{"embeddable":true,"href":"https:\/\/ujbudamedicalcenter.hu\/en\/wp-json\/wp\/v2\/pages\/6627"}],"wp:featuredmedia":[{"embeddable":true,"href":"https:\/\/ujbudamedicalcenter.hu\/en\/wp-json\/wp\/v2\/media\/7100"}],"wp:attachment":[{"href":"https:\/\/ujbudamedicalcenter.hu\/en\/wp-json\/wp\/v2\/media?parent=7317"}],"curies":[{"name":"wp","href":"https:\/\/api.w.org\/{rel}","templated":true}]}}