{"id":7327,"date":"2024-10-18T10:20:46","date_gmt":"2024-10-18T10:20:46","guid":{"rendered":"https:\/\/ujbudamedicalcenter.hu\/dentistry\/conservative-dental-treatments\/preskeramia-hej\/"},"modified":"2024-10-25T09:19:44","modified_gmt":"2024-10-25T09:19:44","slug":"pressed-ceramic-veneers","status":"publish","type":"page","link":"https:\/\/ujbudamedicalcenter.hu\/en\/dentistry\/conservative-dental-treatments\/pressed-ceramic-veneers\/","title":{"rendered":"Pressed Ceramic Veneers"},"content":{"rendered":"","protected":false},"excerpt":{"rendered":"<p>Tart\u00f3s \u00e9s eszt\u00e9tikus pr\u00e9sker\u00e1mia h\u00e9jak a fogak elsz\u00ednez\u0151d\u00e9s\u00e9nek, t\u00f6r\u00e9s\u00e9nek \u00e9s form\u00e1j\u00e1nak jav\u00edt\u00e1s\u00e1ra. K\u00e9rjen id\u0151pontot eszt\u00e9tikai fog\u00e1szatunkra Budapesten!<\/p>\n","protected":false},"author":12,"featured_media":7016,"parent":6633,"menu_order":0,"comment_status":"closed","ping_status":"closed","template":"","meta":{"footnotes":""},"class_list":["post-7327","page","type-page","status-publish","has-post-thumbnail","hentry"],"yoast_head":"<!-- This site is optimized with the Yoast SEO plugin v27.4 - https:\/\/yoast.com\/product\/yoast-seo-wordpress\/ -->\n<title>Pressed Ceramic Veneers - \u00dajbuda Medical Center<\/title>\n<meta name=\"description\" content=\"Tart\u00f3s \u00e9s eszt\u00e9tikus pr\u00e9sker\u00e1mia h\u00e9jak a fogak elsz\u00ednez\u0151d\u00e9s\u00e9nek, t\u00f6r\u00e9s\u00e9nek \u00e9s form\u00e1j\u00e1nak jav\u00edt\u00e1s\u00e1ra. K\u00e9rjen id\u0151pontot eszt\u00e9tikai fog\u00e1szatunkra Budapesten!\" \/>\n<meta name=\"robots\" content=\"index, follow, max-snippet:-1, max-image-preview:large, max-video-preview:-1\" \/>\n<link rel=\"canonical\" href=\"https:\/\/ujbudamedicalcenter.hu\/en\/dentistry\/conservative-dental-treatments\/pressed-ceramic-veneers\/\" \/>\n<meta property=\"og:locale\" content=\"en_US\" \/>\n<meta property=\"og:type\" content=\"article\" \/>\n<meta property=\"og:title\" content=\"Pressed Ceramic Veneers - \u00dajbuda Medical Center\" \/>\n<meta property=\"og:description\" content=\"Tart\u00f3s \u00e9s eszt\u00e9tikus pr\u00e9sker\u00e1mia h\u00e9jak a fogak elsz\u00ednez\u0151d\u00e9s\u00e9nek, t\u00f6r\u00e9s\u00e9nek \u00e9s form\u00e1j\u00e1nak jav\u00edt\u00e1s\u00e1ra. K\u00e9rjen id\u0151pontot eszt\u00e9tikai fog\u00e1szatunkra Budapesten!\" \/>\n<meta property=\"og:url\" content=\"https:\/\/ujbudamedicalcenter.hu\/en\/dentistry\/conservative-dental-treatments\/pressed-ceramic-veneers\/\" \/>\n<meta property=\"og:site_name\" content=\"\u00dajbuda Medical Center\" \/>\n<meta property=\"article:modified_time\" content=\"2024-10-25T09:19:44+00:00\" \/>\n<meta property=\"og:image\" content=\"https:\/\/ujbudamedicalcenter.hu\/wp-content\/uploads\/2024\/10\/preskeramia-hej.jpg\" \/>\n\t<meta property=\"og:image:width\" content=\"600\" \/>\n\t<meta property=\"og:image:height\" content=\"400\" \/>\n\t<meta property=\"og:image:type\" content=\"image\/jpeg\" \/>\n<meta name=\"twitter:card\" content=\"summary_large_image\" \/>\n<meta name=\"twitter:label1\" content=\"Est. reading time\" \/>\n\t<meta name=\"twitter:data1\" content=\"1 minute\" \/>\n<script type=\"application\/ld+json\" class=\"yoast-schema-graph\">{\"@context\":\"https:\\\/\\\/schema.org\",\"@graph\":[{\"@type\":\"WebPage\",\"@id\":\"https:\\\/\\\/ujbudamedicalcenter.hu\\\/en\\\/dentistry\\\/conservative-dental-treatments\\\/pressed-ceramic-veneers\\\/\",\"url\":\"https:\\\/\\\/ujbudamedicalcenter.hu\\\/en\\\/dentistry\\\/conservative-dental-treatments\\\/pressed-ceramic-veneers\\\/\",\"name\":\"Pressed Ceramic Veneers - \u00dajbuda Medical Center\",\"isPartOf\":{\"@id\":\"https:\\\/\\\/ujbudamedicalcenter.hu\\\/#website\"},\"primaryImageOfPage\":{\"@id\":\"https:\\\/\\\/ujbudamedicalcenter.hu\\\/en\\\/dentistry\\\/conservative-dental-treatments\\\/pressed-ceramic-veneers\\\/#primaryimage\"},\"image\":{\"@id\":\"https:\\\/\\\/ujbudamedicalcenter.hu\\\/en\\\/dentistry\\\/conservative-dental-treatments\\\/pressed-ceramic-veneers\\\/#primaryimage\"},\"thumbnailUrl\":\"https:\\\/\\\/ujbudamedicalcenter.hu\\\/wp-content\\\/uploads\\\/2024\\\/10\\\/preskeramia-hej.jpg\",\"datePublished\":\"2024-10-18T10:20:46+00:00\",\"dateModified\":\"2024-10-25T09:19:44+00:00\",\"description\":\"Tart\u00f3s \u00e9s eszt\u00e9tikus pr\u00e9sker\u00e1mia h\u00e9jak a fogak elsz\u00ednez\u0151d\u00e9s\u00e9nek, t\u00f6r\u00e9s\u00e9nek \u00e9s form\u00e1j\u00e1nak jav\u00edt\u00e1s\u00e1ra. K\u00e9rjen id\u0151pontot eszt\u00e9tikai fog\u00e1szatunkra Budapesten!\",\"breadcrumb\":{\"@id\":\"https:\\\/\\\/ujbudamedicalcenter.hu\\\/en\\\/dentistry\\\/conservative-dental-treatments\\\/pressed-ceramic-veneers\\\/#breadcrumb\"},\"inLanguage\":\"en-US\",\"potentialAction\":[{\"@type\":\"ReadAction\",\"target\":[\"https:\\\/\\\/ujbudamedicalcenter.hu\\\/en\\\/dentistry\\\/conservative-dental-treatments\\\/pressed-ceramic-veneers\\\/\"]}]},{\"@type\":\"ImageObject\",\"inLanguage\":\"en-US\",\"@id\":\"https:\\\/\\\/ujbudamedicalcenter.hu\\\/en\\\/dentistry\\\/conservative-dental-treatments\\\/pressed-ceramic-veneers\\\/#primaryimage\",\"url\":\"https:\\\/\\\/ujbudamedicalcenter.hu\\\/wp-content\\\/uploads\\\/2024\\\/10\\\/preskeramia-hej.jpg\",\"contentUrl\":\"https:\\\/\\\/ujbudamedicalcenter.hu\\\/wp-content\\\/uploads\\\/2024\\\/10\\\/preskeramia-hej.jpg\",\"width\":600,\"height\":400,\"caption\":\"Eszt\u00e9tikus \u00e9s tart\u00f3s pr\u00e9sker\u00e1mia h\u00e9jak\"},{\"@type\":\"BreadcrumbList\",\"@id\":\"https:\\\/\\\/ujbudamedicalcenter.hu\\\/en\\\/dentistry\\\/conservative-dental-treatments\\\/pressed-ceramic-veneers\\\/#breadcrumb\",\"itemListElement\":[{\"@type\":\"ListItem\",\"position\":1,\"name\":\"Kezd\u0151lap\",\"item\":\"https:\\\/\\\/ujbudamedicalcenter.hu\\\/\"},{\"@type\":\"ListItem\",\"position\":2,\"name\":\"\u00dajbuda Medical Dental\",\"item\":\"https:\\\/\\\/ujbudamedicalcenter.hu\\\/fogaszat\\\/\"},{\"@type\":\"ListItem\",\"position\":3,\"name\":\"Conservative Dental Treatment\",\"item\":\"https:\\\/\\\/ujbudamedicalcenter.hu\\\/en\\\/dentistry\\\/conservative-dental-treatments\\\/\"},{\"@type\":\"ListItem\",\"position\":4,\"name\":\"Pressed Ceramic Veneers\"}]},{\"@type\":\"WebSite\",\"@id\":\"https:\\\/\\\/ujbudamedicalcenter.hu\\\/#website\",\"url\":\"https:\\\/\\\/ujbudamedicalcenter.hu\\\/\",\"name\":\"\u00dajbuda Medical Center\",\"description\":\"Mag\u00e1nklinika\",\"publisher\":{\"@id\":\"https:\\\/\\\/ujbudamedicalcenter.hu\\\/#organization\"},\"potentialAction\":[{\"@type\":\"SearchAction\",\"target\":{\"@type\":\"EntryPoint\",\"urlTemplate\":\"https:\\\/\\\/ujbudamedicalcenter.hu\\\/?s={search_term_string}\"},\"query-input\":{\"@type\":\"PropertyValueSpecification\",\"valueRequired\":true,\"valueName\":\"search_term_string\"}}],\"inLanguage\":\"en-US\"},{\"@type\":\"Organization\",\"@id\":\"https:\\\/\\\/ujbudamedicalcenter.hu\\\/#organization\",\"name\":\"\u00dajbuda Medical Center\",\"url\":\"https:\\\/\\\/ujbudamedicalcenter.hu\\\/\",\"logo\":{\"@type\":\"ImageObject\",\"inLanguage\":\"en-US\",\"@id\":\"https:\\\/\\\/ujbudamedicalcenter.hu\\\/#\\\/schema\\\/logo\\\/image\\\/\",\"url\":\"https:\\\/\\\/ujbudamedicalcenter.hu\\\/wp-content\\\/uploads\\\/2021\\\/10\\\/cropped-umc-ikon.png\",\"contentUrl\":\"https:\\\/\\\/ujbudamedicalcenter.hu\\\/wp-content\\\/uploads\\\/2021\\\/10\\\/cropped-umc-ikon.png\",\"width\":500,\"height\":500,\"caption\":\"\u00dajbuda Medical Center\"},\"image\":{\"@id\":\"https:\\\/\\\/ujbudamedicalcenter.hu\\\/#\\\/schema\\\/logo\\\/image\\\/\"}}]}<\/script>\n<!-- \/ Yoast SEO plugin. -->","yoast_head_json":{"title":"Pressed Ceramic Veneers - \u00dajbuda Medical Center","description":"Tart\u00f3s \u00e9s eszt\u00e9tikus pr\u00e9sker\u00e1mia h\u00e9jak a fogak elsz\u00ednez\u0151d\u00e9s\u00e9nek, t\u00f6r\u00e9s\u00e9nek \u00e9s form\u00e1j\u00e1nak jav\u00edt\u00e1s\u00e1ra. K\u00e9rjen id\u0151pontot eszt\u00e9tikai fog\u00e1szatunkra Budapesten!","robots":{"index":"index","follow":"follow","max-snippet":"max-snippet:-1","max-image-preview":"max-image-preview:large","max-video-preview":"max-video-preview:-1"},"canonical":"https:\/\/ujbudamedicalcenter.hu\/en\/dentistry\/conservative-dental-treatments\/pressed-ceramic-veneers\/","og_locale":"en_US","og_type":"article","og_title":"Pressed Ceramic Veneers - \u00dajbuda Medical Center","og_description":"Tart\u00f3s \u00e9s eszt\u00e9tikus pr\u00e9sker\u00e1mia h\u00e9jak a fogak elsz\u00ednez\u0151d\u00e9s\u00e9nek, t\u00f6r\u00e9s\u00e9nek \u00e9s form\u00e1j\u00e1nak jav\u00edt\u00e1s\u00e1ra. K\u00e9rjen id\u0151pontot eszt\u00e9tikai fog\u00e1szatunkra Budapesten!","og_url":"https:\/\/ujbudamedicalcenter.hu\/en\/dentistry\/conservative-dental-treatments\/pressed-ceramic-veneers\/","og_site_name":"\u00dajbuda Medical Center","article_modified_time":"2024-10-25T09:19:44+00:00","og_image":[{"width":600,"height":400,"url":"https:\/\/ujbudamedicalcenter.hu\/wp-content\/uploads\/2024\/10\/preskeramia-hej.jpg","type":"image\/jpeg"}],"twitter_card":"summary_large_image","twitter_misc":{"Est. reading time":"1 minute"},"schema":{"@context":"https:\/\/schema.org","@graph":[{"@type":"WebPage","@id":"https:\/\/ujbudamedicalcenter.hu\/en\/dentistry\/conservative-dental-treatments\/pressed-ceramic-veneers\/","url":"https:\/\/ujbudamedicalcenter.hu\/en\/dentistry\/conservative-dental-treatments\/pressed-ceramic-veneers\/","name":"Pressed Ceramic Veneers - \u00dajbuda Medical Center","isPartOf":{"@id":"https:\/\/ujbudamedicalcenter.hu\/#website"},"primaryImageOfPage":{"@id":"https:\/\/ujbudamedicalcenter.hu\/en\/dentistry\/conservative-dental-treatments\/pressed-ceramic-veneers\/#primaryimage"},"image":{"@id":"https:\/\/ujbudamedicalcenter.hu\/en\/dentistry\/conservative-dental-treatments\/pressed-ceramic-veneers\/#primaryimage"},"thumbnailUrl":"https:\/\/ujbudamedicalcenter.hu\/wp-content\/uploads\/2024\/10\/preskeramia-hej.jpg","datePublished":"2024-10-18T10:20:46+00:00","dateModified":"2024-10-25T09:19:44+00:00","description":"Tart\u00f3s \u00e9s eszt\u00e9tikus pr\u00e9sker\u00e1mia h\u00e9jak a fogak elsz\u00ednez\u0151d\u00e9s\u00e9nek, t\u00f6r\u00e9s\u00e9nek \u00e9s form\u00e1j\u00e1nak jav\u00edt\u00e1s\u00e1ra. K\u00e9rjen id\u0151pontot eszt\u00e9tikai fog\u00e1szatunkra Budapesten!","breadcrumb":{"@id":"https:\/\/ujbudamedicalcenter.hu\/en\/dentistry\/conservative-dental-treatments\/pressed-ceramic-veneers\/#breadcrumb"},"inLanguage":"en-US","potentialAction":[{"@type":"ReadAction","target":["https:\/\/ujbudamedicalcenter.hu\/en\/dentistry\/conservative-dental-treatments\/pressed-ceramic-veneers\/"]}]},{"@type":"ImageObject","inLanguage":"en-US","@id":"https:\/\/ujbudamedicalcenter.hu\/en\/dentistry\/conservative-dental-treatments\/pressed-ceramic-veneers\/#primaryimage","url":"https:\/\/ujbudamedicalcenter.hu\/wp-content\/uploads\/2024\/10\/preskeramia-hej.jpg","contentUrl":"https:\/\/ujbudamedicalcenter.hu\/wp-content\/uploads\/2024\/10\/preskeramia-hej.jpg","width":600,"height":400,"caption":"Eszt\u00e9tikus \u00e9s tart\u00f3s pr\u00e9sker\u00e1mia h\u00e9jak"},{"@type":"BreadcrumbList","@id":"https:\/\/ujbudamedicalcenter.hu\/en\/dentistry\/conservative-dental-treatments\/pressed-ceramic-veneers\/#breadcrumb","itemListElement":[{"@type":"ListItem","position":1,"name":"Kezd\u0151lap","item":"https:\/\/ujbudamedicalcenter.hu\/"},{"@type":"ListItem","position":2,"name":"\u00dajbuda Medical Dental","item":"https:\/\/ujbudamedicalcenter.hu\/fogaszat\/"},{"@type":"ListItem","position":3,"name":"Conservative Dental Treatment","item":"https:\/\/ujbudamedicalcenter.hu\/en\/dentistry\/conservative-dental-treatments\/"},{"@type":"ListItem","position":4,"name":"Pressed Ceramic Veneers"}]},{"@type":"WebSite","@id":"https:\/\/ujbudamedicalcenter.hu\/#website","url":"https:\/\/ujbudamedicalcenter.hu\/","name":"\u00dajbuda Medical Center","description":"Mag\u00e1nklinika","publisher":{"@id":"https:\/\/ujbudamedicalcenter.hu\/#organization"},"potentialAction":[{"@type":"SearchAction","target":{"@type":"EntryPoint","urlTemplate":"https:\/\/ujbudamedicalcenter.hu\/?s={search_term_string}"},"query-input":{"@type":"PropertyValueSpecification","valueRequired":true,"valueName":"search_term_string"}}],"inLanguage":"en-US"},{"@type":"Organization","@id":"https:\/\/ujbudamedicalcenter.hu\/#organization","name":"\u00dajbuda Medical Center","url":"https:\/\/ujbudamedicalcenter.hu\/","logo":{"@type":"ImageObject","inLanguage":"en-US","@id":"https:\/\/ujbudamedicalcenter.hu\/#\/schema\/logo\/image\/","url":"https:\/\/ujbudamedicalcenter.hu\/wp-content\/uploads\/2021\/10\/cropped-umc-ikon.png","contentUrl":"https:\/\/ujbudamedicalcenter.hu\/wp-content\/uploads\/2021\/10\/cropped-umc-ikon.png","width":500,"height":500,"caption":"\u00dajbuda Medical Center"},"image":{"@id":"https:\/\/ujbudamedicalcenter.hu\/#\/schema\/logo\/image\/"}}]}},"_links":{"self":[{"href":"https:\/\/ujbudamedicalcenter.hu\/en\/wp-json\/wp\/v2\/pages\/7327","targetHints":{"allow":["GET"]}}],"collection":[{"href":"https:\/\/ujbudamedicalcenter.hu\/en\/wp-json\/wp\/v2\/pages"}],"about":[{"href":"https:\/\/ujbudamedicalcenter.hu\/en\/wp-json\/wp\/v2\/types\/page"}],"author":[{"embeddable":true,"href":"https:\/\/ujbudamedicalcenter.hu\/en\/wp-json\/wp\/v2\/users\/12"}],"replies":[{"embeddable":true,"href":"https:\/\/ujbudamedicalcenter.hu\/en\/wp-json\/wp\/v2\/comments?post=7327"}],"version-history":[{"count":1,"href":"https:\/\/ujbudamedicalcenter.hu\/en\/wp-json\/wp\/v2\/pages\/7327\/revisions"}],"predecessor-version":[{"id":7328,"href":"https:\/\/ujbudamedicalcenter.hu\/en\/wp-json\/wp\/v2\/pages\/7327\/revisions\/7328"}],"up":[{"embeddable":true,"href":"https:\/\/ujbudamedicalcenter.hu\/en\/wp-json\/wp\/v2\/pages\/6633"}],"wp:featuredmedia":[{"embeddable":true,"href":"https:\/\/ujbudamedicalcenter.hu\/en\/wp-json\/wp\/v2\/media\/7016"}],"wp:attachment":[{"href":"https:\/\/ujbudamedicalcenter.hu\/en\/wp-json\/wp\/v2\/media?parent=7327"}],"curies":[{"name":"wp","href":"https:\/\/api.w.org\/{rel}","templated":true}]}}