{"id":7341,"date":"2024-10-21T21:44:42","date_gmt":"2024-10-21T21:44:42","guid":{"rendered":"https:\/\/ujbudamedicalcenter.hu\/dentistry\/conservative-dental-treatments\/cement-tomes\/"},"modified":"2024-10-25T10:22:18","modified_gmt":"2024-10-25T10:22:18","slug":"cement-filling","status":"publish","type":"page","link":"https:\/\/ujbudamedicalcenter.hu\/en\/dentistry\/conservative-dental-treatments\/cement-filling\/","title":{"rendered":"Cement Filling"},"content":{"rendered":"","protected":false},"excerpt":{"rendered":"<p>Fog\u00e1szati kezel\u00e9s f\u00e1jdalommentesen az \u00dajbuda Medical Dentaln\u00e1l. Gyors \u00e9s professzion\u00e1lis megold\u00e1sok, hogy mosolya eg\u00e9szs\u00e9ges maradjon. <\/p>\n","protected":false},"author":13,"featured_media":7195,"parent":6633,"menu_order":0,"comment_status":"closed","ping_status":"closed","template":"","meta":{"footnotes":""},"class_list":["post-7341","page","type-page","status-publish","has-post-thumbnail","hentry"],"yoast_head":"<!-- This site is optimized with the Yoast SEO plugin v27.5 - https:\/\/yoast.com\/product\/yoast-seo-wordpress\/ -->\n<title>Cement Filling - \u00dajbuda Medical Center<\/title>\n<meta name=\"description\" content=\"Fog\u00e1szati kezel\u00e9s f\u00e1jdalommentesen az \u00dajbuda Medical Dentaln\u00e1l. Gyors \u00e9s professzion\u00e1lis megold\u00e1sok, hogy mosolya eg\u00e9szs\u00e9ges maradjon.\" \/>\n<meta name=\"robots\" content=\"index, follow, max-snippet:-1, max-image-preview:large, max-video-preview:-1\" \/>\n<link rel=\"canonical\" href=\"https:\/\/ujbudamedicalcenter.hu\/en\/dentistry\/conservative-dental-treatments\/cement-filling\/\" \/>\n<meta property=\"og:locale\" content=\"en_US\" \/>\n<meta property=\"og:type\" content=\"article\" \/>\n<meta property=\"og:title\" content=\"Cement Filling - \u00dajbuda Medical Center\" \/>\n<meta property=\"og:description\" content=\"Fog\u00e1szati kezel\u00e9s f\u00e1jdalommentesen az \u00dajbuda Medical Dentaln\u00e1l. Gyors \u00e9s professzion\u00e1lis megold\u00e1sok, hogy mosolya eg\u00e9szs\u00e9ges maradjon.\" \/>\n<meta property=\"og:url\" content=\"https:\/\/ujbudamedicalcenter.hu\/en\/dentistry\/conservative-dental-treatments\/cement-filling\/\" \/>\n<meta property=\"og:site_name\" content=\"\u00dajbuda Medical Center\" \/>\n<meta property=\"article:modified_time\" content=\"2024-10-25T10:22:18+00:00\" \/>\n<meta property=\"og:image\" content=\"https:\/\/ujbudamedicalcenter.hu\/wp-content\/uploads\/2024\/10\/cement-tomes.jpg\" \/>\n\t<meta property=\"og:image:width\" content=\"600\" \/>\n\t<meta property=\"og:image:height\" content=\"400\" \/>\n\t<meta property=\"og:image:type\" content=\"image\/jpeg\" \/>\n<meta name=\"twitter:card\" content=\"summary_large_image\" \/>\n<meta name=\"twitter:label1\" content=\"Est. reading time\" \/>\n\t<meta name=\"twitter:data1\" content=\"1 minute\" \/>\n<script type=\"application\/ld+json\" class=\"yoast-schema-graph\">{\"@context\":\"https:\\\/\\\/schema.org\",\"@graph\":[{\"@type\":\"WebPage\",\"@id\":\"https:\\\/\\\/ujbudamedicalcenter.hu\\\/en\\\/dentistry\\\/conservative-dental-treatments\\\/cement-filling\\\/\",\"url\":\"https:\\\/\\\/ujbudamedicalcenter.hu\\\/en\\\/dentistry\\\/conservative-dental-treatments\\\/cement-filling\\\/\",\"name\":\"Cement Filling - \u00dajbuda Medical Center\",\"isPartOf\":{\"@id\":\"https:\\\/\\\/ujbudamedicalcenter.hu\\\/#website\"},\"primaryImageOfPage\":{\"@id\":\"https:\\\/\\\/ujbudamedicalcenter.hu\\\/en\\\/dentistry\\\/conservative-dental-treatments\\\/cement-filling\\\/#primaryimage\"},\"image\":{\"@id\":\"https:\\\/\\\/ujbudamedicalcenter.hu\\\/en\\\/dentistry\\\/conservative-dental-treatments\\\/cement-filling\\\/#primaryimage\"},\"thumbnailUrl\":\"https:\\\/\\\/ujbudamedicalcenter.hu\\\/wp-content\\\/uploads\\\/2024\\\/10\\\/cement-tomes.jpg\",\"datePublished\":\"2024-10-21T21:44:42+00:00\",\"dateModified\":\"2024-10-25T10:22:18+00:00\",\"description\":\"Fog\u00e1szati kezel\u00e9s f\u00e1jdalommentesen az \u00dajbuda Medical Dentaln\u00e1l. Gyors \u00e9s professzion\u00e1lis megold\u00e1sok, hogy mosolya eg\u00e9szs\u00e9ges maradjon.\",\"breadcrumb\":{\"@id\":\"https:\\\/\\\/ujbudamedicalcenter.hu\\\/en\\\/dentistry\\\/conservative-dental-treatments\\\/cement-filling\\\/#breadcrumb\"},\"inLanguage\":\"en-US\",\"potentialAction\":[{\"@type\":\"ReadAction\",\"target\":[\"https:\\\/\\\/ujbudamedicalcenter.hu\\\/en\\\/dentistry\\\/conservative-dental-treatments\\\/cement-filling\\\/\"]}]},{\"@type\":\"ImageObject\",\"inLanguage\":\"en-US\",\"@id\":\"https:\\\/\\\/ujbudamedicalcenter.hu\\\/en\\\/dentistry\\\/conservative-dental-treatments\\\/cement-filling\\\/#primaryimage\",\"url\":\"https:\\\/\\\/ujbudamedicalcenter.hu\\\/wp-content\\\/uploads\\\/2024\\\/10\\\/cement-tomes.jpg\",\"contentUrl\":\"https:\\\/\\\/ujbudamedicalcenter.hu\\\/wp-content\\\/uploads\\\/2024\\\/10\\\/cement-tomes.jpg\",\"width\":600,\"height\":400,\"caption\":\"Cement t\u00f6m\u00e9s az \u00dajbuda Medical Dentaln\u00e1l.\"},{\"@type\":\"BreadcrumbList\",\"@id\":\"https:\\\/\\\/ujbudamedicalcenter.hu\\\/en\\\/dentistry\\\/conservative-dental-treatments\\\/cement-filling\\\/#breadcrumb\",\"itemListElement\":[{\"@type\":\"ListItem\",\"position\":1,\"name\":\"Kezd\u0151lap\",\"item\":\"https:\\\/\\\/ujbudamedicalcenter.hu\\\/\"},{\"@type\":\"ListItem\",\"position\":2,\"name\":\"\u00dajbuda Medical Dental\",\"item\":\"https:\\\/\\\/ujbudamedicalcenter.hu\\\/fogaszat\\\/\"},{\"@type\":\"ListItem\",\"position\":3,\"name\":\"Conservative Dental Treatment\",\"item\":\"https:\\\/\\\/ujbudamedicalcenter.hu\\\/en\\\/dentistry\\\/conservative-dental-treatments\\\/\"},{\"@type\":\"ListItem\",\"position\":4,\"name\":\"Cement Filling\"}]},{\"@type\":\"WebSite\",\"@id\":\"https:\\\/\\\/ujbudamedicalcenter.hu\\\/#website\",\"url\":\"https:\\\/\\\/ujbudamedicalcenter.hu\\\/\",\"name\":\"\u00dajbuda Medical Center\",\"description\":\"Mag\u00e1nklinika\",\"publisher\":{\"@id\":\"https:\\\/\\\/ujbudamedicalcenter.hu\\\/#organization\"},\"potentialAction\":[{\"@type\":\"SearchAction\",\"target\":{\"@type\":\"EntryPoint\",\"urlTemplate\":\"https:\\\/\\\/ujbudamedicalcenter.hu\\\/?s={search_term_string}\"},\"query-input\":{\"@type\":\"PropertyValueSpecification\",\"valueRequired\":true,\"valueName\":\"search_term_string\"}}],\"inLanguage\":\"en-US\"},{\"@type\":\"Organization\",\"@id\":\"https:\\\/\\\/ujbudamedicalcenter.hu\\\/#organization\",\"name\":\"\u00dajbuda Medical Center\",\"url\":\"https:\\\/\\\/ujbudamedicalcenter.hu\\\/\",\"logo\":{\"@type\":\"ImageObject\",\"inLanguage\":\"en-US\",\"@id\":\"https:\\\/\\\/ujbudamedicalcenter.hu\\\/#\\\/schema\\\/logo\\\/image\\\/\",\"url\":\"https:\\\/\\\/ujbudamedicalcenter.hu\\\/wp-content\\\/uploads\\\/2021\\\/10\\\/cropped-umc-ikon.png\",\"contentUrl\":\"https:\\\/\\\/ujbudamedicalcenter.hu\\\/wp-content\\\/uploads\\\/2021\\\/10\\\/cropped-umc-ikon.png\",\"width\":500,\"height\":500,\"caption\":\"\u00dajbuda Medical Center\"},\"image\":{\"@id\":\"https:\\\/\\\/ujbudamedicalcenter.hu\\\/#\\\/schema\\\/logo\\\/image\\\/\"}}]}<\/script>\n<!-- \/ Yoast SEO plugin. -->","yoast_head_json":{"title":"Cement Filling - \u00dajbuda Medical Center","description":"Fog\u00e1szati kezel\u00e9s f\u00e1jdalommentesen az \u00dajbuda Medical Dentaln\u00e1l. Gyors \u00e9s professzion\u00e1lis megold\u00e1sok, hogy mosolya eg\u00e9szs\u00e9ges maradjon.","robots":{"index":"index","follow":"follow","max-snippet":"max-snippet:-1","max-image-preview":"max-image-preview:large","max-video-preview":"max-video-preview:-1"},"canonical":"https:\/\/ujbudamedicalcenter.hu\/en\/dentistry\/conservative-dental-treatments\/cement-filling\/","og_locale":"en_US","og_type":"article","og_title":"Cement Filling - \u00dajbuda Medical Center","og_description":"Fog\u00e1szati kezel\u00e9s f\u00e1jdalommentesen az \u00dajbuda Medical Dentaln\u00e1l. Gyors \u00e9s professzion\u00e1lis megold\u00e1sok, hogy mosolya eg\u00e9szs\u00e9ges maradjon.","og_url":"https:\/\/ujbudamedicalcenter.hu\/en\/dentistry\/conservative-dental-treatments\/cement-filling\/","og_site_name":"\u00dajbuda Medical Center","article_modified_time":"2024-10-25T10:22:18+00:00","og_image":[{"width":600,"height":400,"url":"https:\/\/ujbudamedicalcenter.hu\/wp-content\/uploads\/2024\/10\/cement-tomes.jpg","type":"image\/jpeg"}],"twitter_card":"summary_large_image","twitter_misc":{"Est. reading time":"1 minute"},"schema":{"@context":"https:\/\/schema.org","@graph":[{"@type":"WebPage","@id":"https:\/\/ujbudamedicalcenter.hu\/en\/dentistry\/conservative-dental-treatments\/cement-filling\/","url":"https:\/\/ujbudamedicalcenter.hu\/en\/dentistry\/conservative-dental-treatments\/cement-filling\/","name":"Cement Filling - \u00dajbuda Medical Center","isPartOf":{"@id":"https:\/\/ujbudamedicalcenter.hu\/#website"},"primaryImageOfPage":{"@id":"https:\/\/ujbudamedicalcenter.hu\/en\/dentistry\/conservative-dental-treatments\/cement-filling\/#primaryimage"},"image":{"@id":"https:\/\/ujbudamedicalcenter.hu\/en\/dentistry\/conservative-dental-treatments\/cement-filling\/#primaryimage"},"thumbnailUrl":"https:\/\/ujbudamedicalcenter.hu\/wp-content\/uploads\/2024\/10\/cement-tomes.jpg","datePublished":"2024-10-21T21:44:42+00:00","dateModified":"2024-10-25T10:22:18+00:00","description":"Fog\u00e1szati kezel\u00e9s f\u00e1jdalommentesen az \u00dajbuda Medical Dentaln\u00e1l. Gyors \u00e9s professzion\u00e1lis megold\u00e1sok, hogy mosolya eg\u00e9szs\u00e9ges maradjon.","breadcrumb":{"@id":"https:\/\/ujbudamedicalcenter.hu\/en\/dentistry\/conservative-dental-treatments\/cement-filling\/#breadcrumb"},"inLanguage":"en-US","potentialAction":[{"@type":"ReadAction","target":["https:\/\/ujbudamedicalcenter.hu\/en\/dentistry\/conservative-dental-treatments\/cement-filling\/"]}]},{"@type":"ImageObject","inLanguage":"en-US","@id":"https:\/\/ujbudamedicalcenter.hu\/en\/dentistry\/conservative-dental-treatments\/cement-filling\/#primaryimage","url":"https:\/\/ujbudamedicalcenter.hu\/wp-content\/uploads\/2024\/10\/cement-tomes.jpg","contentUrl":"https:\/\/ujbudamedicalcenter.hu\/wp-content\/uploads\/2024\/10\/cement-tomes.jpg","width":600,"height":400,"caption":"Cement t\u00f6m\u00e9s az \u00dajbuda Medical Dentaln\u00e1l."},{"@type":"BreadcrumbList","@id":"https:\/\/ujbudamedicalcenter.hu\/en\/dentistry\/conservative-dental-treatments\/cement-filling\/#breadcrumb","itemListElement":[{"@type":"ListItem","position":1,"name":"Kezd\u0151lap","item":"https:\/\/ujbudamedicalcenter.hu\/"},{"@type":"ListItem","position":2,"name":"\u00dajbuda Medical Dental","item":"https:\/\/ujbudamedicalcenter.hu\/fogaszat\/"},{"@type":"ListItem","position":3,"name":"Conservative Dental Treatment","item":"https:\/\/ujbudamedicalcenter.hu\/en\/dentistry\/conservative-dental-treatments\/"},{"@type":"ListItem","position":4,"name":"Cement Filling"}]},{"@type":"WebSite","@id":"https:\/\/ujbudamedicalcenter.hu\/#website","url":"https:\/\/ujbudamedicalcenter.hu\/","name":"\u00dajbuda Medical Center","description":"Mag\u00e1nklinika","publisher":{"@id":"https:\/\/ujbudamedicalcenter.hu\/#organization"},"potentialAction":[{"@type":"SearchAction","target":{"@type":"EntryPoint","urlTemplate":"https:\/\/ujbudamedicalcenter.hu\/?s={search_term_string}"},"query-input":{"@type":"PropertyValueSpecification","valueRequired":true,"valueName":"search_term_string"}}],"inLanguage":"en-US"},{"@type":"Organization","@id":"https:\/\/ujbudamedicalcenter.hu\/#organization","name":"\u00dajbuda Medical Center","url":"https:\/\/ujbudamedicalcenter.hu\/","logo":{"@type":"ImageObject","inLanguage":"en-US","@id":"https:\/\/ujbudamedicalcenter.hu\/#\/schema\/logo\/image\/","url":"https:\/\/ujbudamedicalcenter.hu\/wp-content\/uploads\/2021\/10\/cropped-umc-ikon.png","contentUrl":"https:\/\/ujbudamedicalcenter.hu\/wp-content\/uploads\/2021\/10\/cropped-umc-ikon.png","width":500,"height":500,"caption":"\u00dajbuda Medical Center"},"image":{"@id":"https:\/\/ujbudamedicalcenter.hu\/#\/schema\/logo\/image\/"}}]}},"_links":{"self":[{"href":"https:\/\/ujbudamedicalcenter.hu\/en\/wp-json\/wp\/v2\/pages\/7341","targetHints":{"allow":["GET"]}}],"collection":[{"href":"https:\/\/ujbudamedicalcenter.hu\/en\/wp-json\/wp\/v2\/pages"}],"about":[{"href":"https:\/\/ujbudamedicalcenter.hu\/en\/wp-json\/wp\/v2\/types\/page"}],"author":[{"embeddable":true,"href":"https:\/\/ujbudamedicalcenter.hu\/en\/wp-json\/wp\/v2\/users\/13"}],"replies":[{"embeddable":true,"href":"https:\/\/ujbudamedicalcenter.hu\/en\/wp-json\/wp\/v2\/comments?post=7341"}],"version-history":[{"count":1,"href":"https:\/\/ujbudamedicalcenter.hu\/en\/wp-json\/wp\/v2\/pages\/7341\/revisions"}],"predecessor-version":[{"id":7342,"href":"https:\/\/ujbudamedicalcenter.hu\/en\/wp-json\/wp\/v2\/pages\/7341\/revisions\/7342"}],"up":[{"embeddable":true,"href":"https:\/\/ujbudamedicalcenter.hu\/en\/wp-json\/wp\/v2\/pages\/6633"}],"wp:featuredmedia":[{"embeddable":true,"href":"https:\/\/ujbudamedicalcenter.hu\/en\/wp-json\/wp\/v2\/media\/7195"}],"wp:attachment":[{"href":"https:\/\/ujbudamedicalcenter.hu\/en\/wp-json\/wp\/v2\/media?parent=7341"}],"curies":[{"name":"wp","href":"https:\/\/api.w.org\/{rel}","templated":true}]}}